{"id":9578,"date":"2025-04-08T14:15:45","date_gmt":"2025-04-08T14:15:45","guid":{"rendered":"https:\/\/inflightproduct.com\/feuchttuecher-fuer-fluggesellschaften-aluminiumverpackung-vierseitig-versiegelt\/"},"modified":"2026-03-11T02:38:05","modified_gmt":"2026-03-11T02:38:05","slug":"feuchttuecher-fuer-fluggesellschaften-aluminiumverpackung-vierseitig-versiegelt","status":"publish","type":"product","link":"https:\/\/inflightproduct.com\/de\/feuchttuecher-fuer-fluggesellschaften-aluminiumverpackung-vierseitig-versiegelt\/","title":{"rendered":"Feuchtt\u00fccher f\u00fcr Fluggesellschaften \u2013 Aluminiumverpackung vierseitig versiegelt"},"content":{"rendered":"<p>Das Tuch in den einzeln verpackten Airline-Feuchtt\u00fcchern besteht aus Vliesstoff und bietet ein weiches, angenehmes Hautgef\u00fchl. Es kann  oder mit bestimmten D\u00fcften wie , ,  oder  versehen werden, um das Nutzungserlebnis zu verbessern.<\/p>\n<p>Wir bieten umfangreiche Individualisierungsm\u00f6glichkeiten in Bezug auf Gr\u00f6\u00dfe, Gewicht und Verpackungsdesign, um den unterschiedlichen Anforderungen unserer Kunden gerecht zu werden. Unsere Kompetenz in der Herstellung von  zu  und mit  hebt uns im Markt hervor. Unsere Produkte werden weltweit vertraut und exportiert, um die Anforderungen von Fluggesellschaften und Restaurants rund um den Globus zu erf\u00fcllen. Wenn Sie detaillierte Informationen oder Empfehlungen zur Auswahl des passenden Feuchttuchtyps ben\u00f6tigen, unterst\u00fctzt Sie unser Team gerne. Wenn Sie weitere individuell gefertigte Airline-Feuchtt\u00fccher aus China suchen, klicken Sie hier, um unsere verschiedenen Produkte aus der Kategorie  zu entdecken.<\/p>\n","protected":false},"excerpt":{"rendered":"<p><strong>Features of Airline Wet Towels &#8211; Four-Side Sealed, Aluminum Pack:<\/strong><\/p>\n<ul>\n<li>Ensure moisture for long-term storage<\/li>\n<li>High-end silver-grey frosted look<\/li>\n<li>Multiple scents available<\/li>\n<li>High quality with competitive price<\/li>\n<li>Ideal for EY, Premium EY, Boutique airlines cabin service<\/li>\n<li>Can be used in in-flight service, trains, restaurants, hotels, etc.<\/li>\n<\/ul>\n","protected":false},"featured_media":9579,"comment_status":"open","ping_status":"closed","template":"","meta":[],"product_brand":[],"product_cat":[625,629],"product_tag":[],"class_list":{"0":"post-9578","1":"product","2":"type-product","3":"status-publish","4":"has-post-thumbnail","6":"product_cat-feuchttucher-handtucher","7":"product_cat-komfort-an-bord","8":"sales-flash-overlay","9":"woocommerce-text-align-center","10":"woocommerce-image-align-center","12":"first","13":"instock","14":"featured","15":"shipping-taxable","16":"product-type-simple"},"_links":{"self":[{"href":"https:\/\/inflightproduct.com\/de\/wp-json\/wp\/v2\/product\/9578","targetHints":{"allow":["GET"]}}],"collection":[{"href":"https:\/\/inflightproduct.com\/de\/wp-json\/wp\/v2\/product"}],"about":[{"href":"https:\/\/inflightproduct.com\/de\/wp-json\/wp\/v2\/types\/product"}],"replies":[{"embeddable":true,"href":"https:\/\/inflightproduct.com\/de\/wp-json\/wp\/v2\/comments?post=9578"}],"wp:featuredmedia":[{"embeddable":true,"href":"https:\/\/inflightproduct.com\/de\/wp-json\/wp\/v2\/media\/9579"}],"wp:attachment":[{"href":"https:\/\/inflightproduct.com\/de\/wp-json\/wp\/v2\/media?parent=9578"}],"wp:term":[{"taxonomy":"product_brand","embeddable":true,"href":"https:\/\/inflightproduct.com\/de\/wp-json\/wp\/v2\/product_brand?post=9578"},{"taxonomy":"product_cat","embeddable":true,"href":"https:\/\/inflightproduct.com\/de\/wp-json\/wp\/v2\/product_cat?post=9578"},{"taxonomy":"product_tag","embeddable":true,"href":"https:\/\/inflightproduct.com\/de\/wp-json\/wp\/v2\/product_tag?post=9578"}],"curies":[{"name":"wp","href":"https:\/\/api.w.org\/{rel}","templated":true}]}}