{"id":9702,"date":"2025-04-08T14:15:45","date_gmt":"2025-04-08T14:15:45","guid":{"rendered":"https:\/\/inflightproduct.com\/einweg-kopfstuetzenbezug-aus-vliesstoff\/"},"modified":"2026-03-11T02:37:56","modified_gmt":"2026-03-11T02:37:56","slug":"einweg-kopfstuetzenbezug-aus-vliesstoff","status":"publish","type":"product","link":"https:\/\/inflightproduct.com\/de\/einweg-kopfstuetzenbezug-aus-vliesstoff\/","title":{"rendered":"Einweg-Kopfst\u00fctzenbezug aus Vliesstoff"},"content":{"rendered":"<p>Entwickelt f\u00fcr mehr Hygiene und Komfort f\u00fcr Fahrg\u00e4ste in <strong>Flugzeugen<\/strong>, <strong>Z\u00fcgen<\/strong> und <strong>Bussen<\/strong>. Unser Einweg-Kopfst\u00fctzenbezug aus Vliesstoff besteht aus <strong>flammhemmendem Vliesmaterial<\/strong> und gew\u00e4hrleistet dadurch sowohl Sicherheit als auch Langlebigkeit bei Einhaltung strenger Branchenstandards.<\/p>\n<p>Unsere Kopfst\u00fctzenbez\u00fcge f\u00fcr den Bord- und Fahrgastbereich lassen sich passend zu Ihrem Markenauftritt individuell gestalten \u2013 ob in einer schlichten Farbe oder mit einer detailreichen, farbintensiven Bedruckung. Diese Individualisierung verbessert nicht nur die Optik der Sitze, sondern dient zugleich als wirkungsvolles Branding-Element. Zus\u00e4tzlich bieten wir <strong>wasserfeste<\/strong> Ausf\u00fchrungen an, um die Kopfst\u00fctzen besser vor Versch\u00fcttungen und Flecken zu sch\u00fctzen und ein sauberes, angenehmes Fahrgastumfeld zu schaffen.<\/p>\n<p>Die Bez\u00fcge sind f\u00fcr eine einfache und sichere Befestigung ausgelegt. Sie k\u00f6nnen mit <strong>zwei B\u00e4ndern<\/strong> oder <strong>Klettverschluss<\/strong> an der R\u00fcckenlehne fixiert werden und bleiben w\u00e4hrend der gesamten Reise sicher in Position. Diese Flexibilit\u00e4t macht sie f\u00fcr unterschiedliche Sitzkonfigurationen geeignet und sorgt f\u00fcr eine unkomplizierte Montage.<\/p>\n<p>Unsere Einweg-Kopfst\u00fctzenbez\u00fcge aus Vliesstoff sind eine praktische L\u00f6sung, um die Hygiene im \u00f6ffentlichen Verkehr zu verbessern, den Reinigungsaufwand zu reduzieren und das Risiko von Verunreinigungen zu minimieren. Sie sind leicht, einfach zu entsorgen und bieten jedem Fahrgast eine frische, saubere Oberfl\u00e4che.<\/p>\n<p>Mit unseren Einweg-Kopfst\u00fctzenbez\u00fcgen investieren Sie in den Komfort und die Zufriedenheit Ihrer Passagiere und f\u00f6rdern zugleich eine saubere und sichere Reiseumgebung. F\u00fchrende Transportunternehmen weltweit vertrauen auf unsere Produkte wegen ihrer Zuverl\u00e4ssigkeit und hohen Qualit\u00e4t.<\/p>\n","protected":false},"excerpt":{"rendered":"<p><strong>Merkmale:\u00a0<\/strong><\/p>\n<ul>\n<li class=\"p1\">Flammhemmendes Vliesmaterial<\/li>\n<li class=\"p1\">Individuelle Branding-Optionen<\/li>\n<li class=\"p1\">Sichere und vielseitige Befestigung<\/li>\n<li class=\"p1\">Einweg, hygienisch und praktisch<b><\/b><\/li>\n<\/ul>\n","protected":false},"featured_media":9706,"comment_status":"open","ping_status":"closed","template":"","meta":[],"product_brand":[],"product_cat":[646,629],"product_tag":[],"class_list":{"0":"post-9702","1":"product","2":"type-product","3":"status-publish","4":"has-post-thumbnail","6":"product_cat-kopfstutzenbezuge","7":"product_cat-komfort-an-bord","8":"sales-flash-overlay","9":"woocommerce-text-align-center","10":"woocommerce-image-align-center","12":"first","13":"instock","14":"featured","15":"shipping-taxable","16":"product-type-simple"},"_links":{"self":[{"href":"https:\/\/inflightproduct.com\/de\/wp-json\/wp\/v2\/product\/9702","targetHints":{"allow":["GET"]}}],"collection":[{"href":"https:\/\/inflightproduct.com\/de\/wp-json\/wp\/v2\/product"}],"about":[{"href":"https:\/\/inflightproduct.com\/de\/wp-json\/wp\/v2\/types\/product"}],"replies":[{"embeddable":true,"href":"https:\/\/inflightproduct.com\/de\/wp-json\/wp\/v2\/comments?post=9702"}],"wp:featuredmedia":[{"embeddable":true,"href":"https:\/\/inflightproduct.com\/de\/wp-json\/wp\/v2\/media\/9706"}],"wp:attachment":[{"href":"https:\/\/inflightproduct.com\/de\/wp-json\/wp\/v2\/media?parent=9702"}],"wp:term":[{"taxonomy":"product_brand","embeddable":true,"href":"https:\/\/inflightproduct.com\/de\/wp-json\/wp\/v2\/product_brand?post=9702"},{"taxonomy":"product_cat","embeddable":true,"href":"https:\/\/inflightproduct.com\/de\/wp-json\/wp\/v2\/product_cat?post=9702"},{"taxonomy":"product_tag","embeddable":true,"href":"https:\/\/inflightproduct.com\/de\/wp-json\/wp\/v2\/product_tag?post=9702"}],"curies":[{"name":"wp","href":"https:\/\/api.w.org\/{rel}","templated":true}]}}