{"id":9807,"date":"2025-04-08T14:15:45","date_gmt":"2025-04-08T14:15:45","guid":{"rendered":"https:\/\/inflightproduct.com\/einweg-kissenbezug-aus-vliesstoff-fuer-komfort-an-bord-und-in-zuegen\/"},"modified":"2026-03-11T02:37:47","modified_gmt":"2026-03-11T02:37:47","slug":"einweg-kissenbezug-aus-vliesstoff-fuer-komfort-an-bord-und-in-zuegen","status":"publish","type":"product","link":"https:\/\/inflightproduct.com\/de\/einweg-kissenbezug-aus-vliesstoff-fuer-komfort-an-bord-und-in-zuegen\/","title":{"rendered":"Einweg-Kissenbezug aus Vliesstoff f\u00fcr Komfort an Bord und in Z\u00fcgen"},"content":{"rendered":"<p class=\"p1\">Verbessern Sie das Reiseerlebnis Ihrer Passagiere mit unserem hochwertigen <span class=\"s1\">Einweg-Kissenbezug aus Vliesstoff<\/span>, der speziell auf die Hygiene- und Komfortanforderungen des modernen Luft- und Bahnverkehrs abgestimmt ist. Gefertigt aus hochwertigem <strong>flammhemmendem Vliesstoff<\/strong>, tragen diese Kissenbez\u00fcge zu einer sichereren Umgebung bei und bieten zugleich hohe Weichheit und Strapazierf\u00e4higkeit.<\/p>\n<p class=\"p1\">Ideal f\u00fcr stark frequentierte \u00f6ffentliche Verkehrsmittel bieten unsere <span class=\"s1\">Einweg-Kissenbez\u00fcge aus Vliesstoff<\/span> jedem Nutzer eine saubere und frische Oberfl\u00e4che und reduzieren das Risiko von Kreuzkontaminationen deutlich. Ob in Flugzeugen oder Z\u00fcgen \u2013 sie sind eine kosteng\u00fcnstige und praktische Alternative zu wiederverwendbaren Textilbez\u00fcgen.<\/p>\n<p class=\"p1\">Als zuverl\u00e4ssiger <span class=\"s1\">flammhemmender Kissenbezug f\u00fcr Fluggesellschaften<\/span> erf\u00fcllt dieses Produkt strenge Branchenstandards und gibt Passagieren wie Betreibern zus\u00e4tzliche Sicherheit. Das Material ist leicht, aber robust genug f\u00fcr den regelm\u00e4\u00dfigen Einsatz und l\u00e4sst sich nach jeder Reise einfach handhaben und entsorgen.<\/p>\n<p class=\"p1\">Besonders hervorzuheben ist die M\u00f6glichkeit, unsere Kissenbez\u00fcge an Ihre Marke anzupassen. Durch individuelle St\u00e4rke, Gr\u00f6\u00dfe sowie Logos oder Muster bieten unsere L\u00f6sungen f\u00fcr <span class=\"s1\"><b>individuell angepasste Kissenbez\u00fcge aus Vliesstoff <\/b><\/span>eine dezente St\u00e4rkung Ihrer Markenidentit\u00e4t und werten das gesamte Passagiererlebnis auf.<\/p>\n<p class=\"p1\">Wenn Sie unsere Einweg-Kissenbez\u00fcge in Ihren Kabinenservice integrieren, verbessern Sie nicht nur die Hygiene, sondern vereinfachen auch Abl\u00e4ufe, da weniger W\u00e4scheservice erforderlich ist. Weltweit vertrauen Transportunternehmen auf unsere Kissenbez\u00fcge, weil sie Funktionalit\u00e4t, Sicherheit und Pr\u00e4sentation ideal verbinden.<\/p>\n<p class=\"p1\">W\u00e4hlen Sie unsere <span class=\"s1\">Einweg-Kissenbez\u00fcge aus Vliesstoff<\/span> f\u00fcr eine sauberere, sicherere und komfortablere Reise \u2013 wo Hygiene auf praktische Handhabung trifft. Wir liefern auch <span style=\"text-decoration: underline; color: #0000ff;\"><strong><a style=\"color: #0000ff; text-decoration: underline;\" href=\"https:\/\/inflightproduct.com\/disposable-non-woven-headrest-cover\/\">Einweg-Kopfst\u00fctzenbez\u00fcge aus Vliesstoff<\/a><\/strong><\/span> \u2013 klicken Sie hier, um mehr zu erfahren!<\/p>\n","protected":false},"excerpt":{"rendered":"<p><strong>Merkmale:<\/strong><\/p>\n<ul>\n<li class=\"p1\"><span class=\"s1\">Flammhemmendes Material<\/span><\/li>\n<li class=\"p1\"><span class=\"s1\">Hygienisch und zum Einmalgebrauch<\/span><\/li>\n<li class=\"p1\"><span class=\"s1\">Individuell anpassbares Design<\/span><\/li>\n<li class=\"p1\"><span class=\"s1\">Kosteneffiziente Hygienel\u00f6sung<\/span><\/li>\n<\/ul>\n","protected":false},"featured_media":9811,"comment_status":"open","ping_status":"closed","template":"","meta":[],"product_brand":[],"product_cat":[630,629],"product_tag":[],"class_list":{"0":"post-9807","1":"product","2":"type-product","3":"status-publish","4":"has-post-thumbnail","6":"product_cat-kissen-bezuge","7":"product_cat-komfort-an-bord","8":"sales-flash-overlay","9":"woocommerce-text-align-center","10":"woocommerce-image-align-center","12":"first","13":"instock","14":"featured","15":"shipping-taxable","16":"product-type-simple"},"_links":{"self":[{"href":"https:\/\/inflightproduct.com\/de\/wp-json\/wp\/v2\/product\/9807","targetHints":{"allow":["GET"]}}],"collection":[{"href":"https:\/\/inflightproduct.com\/de\/wp-json\/wp\/v2\/product"}],"about":[{"href":"https:\/\/inflightproduct.com\/de\/wp-json\/wp\/v2\/types\/product"}],"replies":[{"embeddable":true,"href":"https:\/\/inflightproduct.com\/de\/wp-json\/wp\/v2\/comments?post=9807"}],"wp:featuredmedia":[{"embeddable":true,"href":"https:\/\/inflightproduct.com\/de\/wp-json\/wp\/v2\/media\/9811"}],"wp:attachment":[{"href":"https:\/\/inflightproduct.com\/de\/wp-json\/wp\/v2\/media?parent=9807"}],"wp:term":[{"taxonomy":"product_brand","embeddable":true,"href":"https:\/\/inflightproduct.com\/de\/wp-json\/wp\/v2\/product_brand?post=9807"},{"taxonomy":"product_cat","embeddable":true,"href":"https:\/\/inflightproduct.com\/de\/wp-json\/wp\/v2\/product_cat?post=9807"},{"taxonomy":"product_tag","embeddable":true,"href":"https:\/\/inflightproduct.com\/de\/wp-json\/wp\/v2\/product_tag?post=9807"}],"curies":[{"name":"wp","href":"https:\/\/api.w.org\/{rel}","templated":true}]}}