{"id":9344,"date":"2025-08-16T01:30:32","date_gmt":"2025-08-16T01:30:32","guid":{"rendered":"https:\/\/inflightproduct.com\/caja-de-comida-de-papel-para-clase-premium-economy-caja-snack-aerea-de-carton-blanco-resistente\/"},"modified":"2026-03-11T02:38:17","modified_gmt":"2026-03-11T02:38:17","slug":"caja-de-comida-de-papel-para-clase-premium-economy-caja-snack-aerea-de-carton-blanco-resistente","status":"publish","type":"product","link":"https:\/\/inflightproduct.com\/es\/caja-de-comida-de-papel-para-clase-premium-economy-caja-snack-aerea-de-carton-blanco-resistente\/","title":{"rendered":"Caja de comida de papel para clase Premium Economy \u2013 Caja snack a\u00e9rea de cart\u00f3n blanco resistente"},"content":{"rendered":"<h2 class=\"p1\">Descripci\u00f3n general<b><\/b><\/h2>\n<p class=\"p2\">Nuestra <em><strong><a href=\"https:\/\/inflightproduct.com\/meal-boxes-casseroles\/\"><span style=\"text-decoration: underline;\"><span style=\"color: #0000ff; text-decoration: underline;\">caja de comida<\/span><\/span><\/a><\/strong><\/em> de papel para clase econ\u00f3mica est\u00e1 dise\u00f1ada para catering a\u00e9reo, donde la durabilidad, la presentaci\u00f3n y la funcionalidad son igual de importantes. Fabricada con cart\u00f3n blanco grueso y reforzado, esta caja ofrece un aspecto resistente y premium sin dejar de ser ligera para el servicio a bordo.<\/p>\n<h2 class=\"p1\">Especificaciones<b><\/b><\/h2>\n<ul>\n<li class=\"p1\"><span class=\"s1\"><b>Tama\u00f1o:<\/b><\/span> 18.9 \u00d7 13.8 \u00d7 5 cm<\/li>\n<li class=\"p1\"><span class=\"s1\"><b>Material:<\/b><\/span> Cart\u00f3n blanco grueso mejorado<\/li>\n<li class=\"p1\"><span class=\"s1\"><b>Impresi\u00f3n:<\/b><\/span> Impresi\u00f3n personalizada de alta calidad disponible en interior y exterior<\/li>\n<li class=\"p1\"><span class=\"s1\"><b>Seguridad alimentaria:<\/b><\/span> Fabricada con material apto para uso alimentario, seguro para el contacto directo con alimentos envasados<\/li>\n<\/ul>\n<h2 class=\"p1\">Aplicaciones<b><\/b><\/h2>\n<p class=\"p2\">El tama\u00f1o es ideal para una variedad de snacks, como frutos secos, galletas, peque\u00f1os panecillos, <span style=\"text-decoration: underline; color: #0000ff;\"><strong><em><a style=\"color: #0000ff; text-decoration: underline;\" href=\"https:\/\/inflightproduct.com\/es\/cutlery\/\">pack de cubiertos<\/a><\/em><\/strong><\/span>, <span style=\"text-decoration: underline; color: #0000ff;\"><strong><em><a style=\"color: #0000ff; text-decoration: underline;\" href=\"https:\/\/inflightproduct.com\/wet-wipes-towels\/\">toallitas h\u00famedas<\/a><\/em><\/strong><\/span>, yogur y m\u00e1s. Est\u00e1 especialmente pensada para vuelos matutinos con snacks ligeros, aunque tambi\u00e9n puede combinarse con comidas principales para ofrecer un extra al pasajero.<\/p>\n<h2 class=\"p1\">Ventaja de marca<b><\/b><\/h2>\n<p class=\"p2\">Con impresi\u00f3n premium tanto en el interior como en el exterior, su marca puede mostrarse desde m\u00faltiples \u00e1ngulos, dejando una impresi\u00f3n duradera y mejorando la experiencia del pasajero.<\/p>\n<h2 class=\"p1\">Caracter\u00edsticas principales<b><\/b><\/h2>\n<ul>\n<li class=\"p1\">Estructura resistente para proteger el contenido durante el servicio<\/li>\n<li class=\"p1\">Adecuada para servicio de snacks<\/li>\n<li class=\"p1\">Totalmente personalizable en tama\u00f1o, dise\u00f1o e impresi\u00f3n (otro tama\u00f1o popular: <span style=\"text-decoration: underline; color: #0000ff;\"><em><a style=\"color: #0000ff;\" href=\"https:\/\/inflightproduct.com\/disposable-airline-paper-meal-box-for-economy-class\/\"><strong>caja de comida a\u00e9rea de papel L27 x W18 x H5cm<\/strong><\/a><\/em><\/span>)<\/li>\n<li class=\"p1\">Uso vers\u00e1til: catering a\u00e9reo, servicio ferroviario, eventos corporativos<\/li>\n<\/ul>\n<p>\u00bfBusca un <span class=\"s1\">fabricante fiable de <span style=\"color: #0000ff;\"><em><span style=\"text-decoration: underline;\"><strong><a style=\"color: #0000ff; text-decoration: underline;\" href=\"https:\/\/inflightproduct.com\/meal-boxes-casseroles\/\">cajas de comida de papel desechables<\/a><\/strong><\/span><\/em><\/span><\/span> para sus <span class=\"s1\">suministros de catering a bordo<\/span>? Shanghai Yiting ofrece <span class=\"s1\">cajas de comida OEM para aerol\u00edneas<\/span> con su dise\u00f1o, garantizando calidad, entrega r\u00e1pida y precios competitivos. <span class=\"s1\"><span style=\"color: #0000ff;\"><a style=\"color: #0000ff;\" href=\"https:\/\/inflightproduct.com\/contact\/\"><em><span style=\"text-decoration: underline;\"><strong>Cont\u00e1ctenos<\/strong><\/span><\/em><\/a><\/span> hoy mismo para empezar su proyecto.<\/span><\/p>\n","protected":false},"excerpt":{"rendered":"<p class=\"p1\">Caja de comida de papel para clase econ\u00f3mica fabricada con cart\u00f3n blanco reforzado para ofrecer mayor durabilidad y un aspecto premium. Perfecta para snacks o comidas ligeras, con impresi\u00f3n personalizada en el interior y exterior para potenciar su marca.<\/p>\n","protected":false},"featured_media":9327,"comment_status":"open","ping_status":"closed","template":"","meta":[],"product_brand":[],"product_cat":[809,802],"product_tag":[],"class_list":{"0":"post-9344","1":"product","2":"type-product","3":"status-publish","4":"has-post-thumbnail","6":"product_cat-cajas-para-comida-y-cacerolas","7":"product_cat-vajilla","8":"sales-flash-overlay","9":"woocommerce-text-align-center","10":"woocommerce-image-align-center","12":"first","13":"instock","14":"shipping-taxable","15":"product-type-simple"},"_links":{"self":[{"href":"https:\/\/inflightproduct.com\/es\/wp-json\/wp\/v2\/product\/9344","targetHints":{"allow":["GET"]}}],"collection":[{"href":"https:\/\/inflightproduct.com\/es\/wp-json\/wp\/v2\/product"}],"about":[{"href":"https:\/\/inflightproduct.com\/es\/wp-json\/wp\/v2\/types\/product"}],"replies":[{"embeddable":true,"href":"https:\/\/inflightproduct.com\/es\/wp-json\/wp\/v2\/comments?post=9344"}],"wp:featuredmedia":[{"embeddable":true,"href":"https:\/\/inflightproduct.com\/es\/wp-json\/wp\/v2\/media\/9327"}],"wp:attachment":[{"href":"https:\/\/inflightproduct.com\/es\/wp-json\/wp\/v2\/media?parent=9344"}],"wp:term":[{"taxonomy":"product_brand","embeddable":true,"href":"https:\/\/inflightproduct.com\/es\/wp-json\/wp\/v2\/product_brand?post=9344"},{"taxonomy":"product_cat","embeddable":true,"href":"https:\/\/inflightproduct.com\/es\/wp-json\/wp\/v2\/product_cat?post=9344"},{"taxonomy":"product_tag","embeddable":true,"href":"https:\/\/inflightproduct.com\/es\/wp-json\/wp\/v2\/product_tag?post=9344"}],"curies":[{"name":"wp","href":"https:\/\/api.w.org\/{rel}","templated":true}]}}