{"id":9511,"date":"2025-04-08T14:15:45","date_gmt":"2025-04-08T14:15:45","guid":{"rendered":"https:\/\/inflightproduct.com\/manteles-antideslizantes-para-bandejas-de-aerolineas-traymats-personalizados-antideslizantes\/"},"modified":"2026-03-11T02:38:08","modified_gmt":"2026-03-11T02:38:08","slug":"manteles-antideslizantes-para-bandejas-de-aerolineas-traymats-personalizados-antideslizantes","status":"publish","type":"product","link":"https:\/\/inflightproduct.com\/es\/manteles-antideslizantes-para-bandejas-de-aerolineas-traymats-personalizados-antideslizantes\/","title":{"rendered":"Manteles antideslizantes para bandejas de aerol\u00edneas \u2013 Traymats personalizados antideslizantes"},"content":{"rendered":"<h2><strong>Descripci\u00f3n general del producto<\/strong><\/h2>\n<p>Nuestros traymats antideslizantes personalizados para aerol\u00edneas est\u00e1n especialmente desarrollados para el servicio de comidas a bordo, ayudando a mantener vasos, cubiertos y cajas de comida firmemente en su lugar. Gracias a su capa antideslizante, estos manteles mejoran la experiencia del pasajero y la seguridad durante la turbulencia.<\/p>\n<p>Su rendimiento antideslizante ha sido probado en laboratorio con inclinaciones de hasta <strong>30\u201345\u00b0<\/strong>, por lo que son ideales para condiciones reales de vuelo. Con opciones de impresi\u00f3n a todo color y logotipo, ayudan a las aerol\u00edneas a ofrecer una presentaci\u00f3n de comidas uniforme y de alta calidad.<\/p>\n<h2><strong>Caracter\u00edsticas principales<\/strong><\/h2>\n<ul>\n<li>Tama\u00f1os y grosores personalizados para adaptarse a sus <strong><em><span style=\"text-decoration: underline; color: #0000ff;\"><a style=\"color: #0000ff; text-decoration: underline;\" href=\"https:\/\/inflightproduct.com\/airline-meal-trays-traymats\/\">bandejas de comida para aerol\u00edneas<\/a><\/span><\/em><\/strong><\/li>\n<li>Recubrimiento antideslizante fiable \u2013 probado hasta 30\u201345\u00b0 de inclinaci\u00f3n<\/li>\n<li>Impresi\u00f3n detallada personalizada con logotipos de aerol\u00edneas y branding completo<\/li>\n<li>Disponibles con esquinas rectas o redondeadas<\/li>\n<\/ul>\n<h2><strong>Aplicaciones<\/strong><\/h2>\n<p>Se utilizan ampliamente en el servicio de comidas de clase econ\u00f3mica y business. Tambi\u00e9n son adecuados para trenes, cruceros o sistemas de catering hospitalario.<\/p>\n<h2><strong>Materiales, tama\u00f1os y opciones de impresi\u00f3n<\/strong><\/h2>\n<ul>\n<li><strong>Tama\u00f1os:<\/strong> tama\u00f1o completo, 2\/3, medio tama\u00f1o (personalizados seg\u00fan el tama\u00f1o de su bandeja)<\/li>\n<li><strong>Materiales:<\/strong> papel de 60\u2013120 g\/m\u00b2 con recubrimiento antideslizante<\/li>\n<li><strong>Impresi\u00f3n:<\/strong> CMYK a todo color, coincidencia Pantone o logotipos a un solo color<\/li>\n<\/ul>\n<h2><strong>Por qu\u00e9 elegirnos<\/strong><\/h2>\n<ul>\n<li>Exportados a m\u00e1s de 30 aerol\u00edneas internacionales en todo el mundo<\/li>\n<li>Rendimiento antideslizante comprobado hasta 45\u00b0 de inclinaci\u00f3n<\/li>\n<li>Impresi\u00f3n de alta resoluci\u00f3n con color y detalle precisos<\/li>\n<li>Muestreo r\u00e1pido: en un plazo de 10 d\u00edas<\/li>\n<li>Plazo de producci\u00f3n corto y cadena de suministro estable<\/li>\n<li>M\u00e1s de 20 a\u00f1os de experiencia en productos a bordo<\/li>\n<\/ul>\n<p>Tanto si busca mejorar la seguridad, reforzar la imagen de marca o elevar la experiencia global de la comida a bordo, nuestros traymats antideslizantes personalizados para aerol\u00edneas son la soluci\u00f3n ideal.<\/p>\n<p><span class=\"s1\">P\u00f3ngase en contacto con nosotros hoy mismo<\/span> para solicitar muestras o recibir una cotizaci\u00f3n personalizada; estamos aqu\u00ed para apoyar sus necesidades de servicio a bordo con calidad fiable y experiencia profesional.<\/p>\n","protected":false},"excerpt":{"rendered":"<p>Traymats antideslizantes personalizados para el servicio de comidas a bordo. Probados hasta 45\u00b0 de inclinaci\u00f3n, disponibles con esquinas rectas o redondeadas y totalmente personalizables con el logotipo y dise\u00f1o de su aerol\u00ednea. Con la confianza de m\u00e1s de 30 aerol\u00edneas internacionales.<\/p>\n","protected":false},"featured_media":9512,"comment_status":"open","ping_status":"closed","template":"","meta":[],"product_brand":[],"product_cat":[800,802],"product_tag":[],"class_list":{"0":"post-9511","1":"product","2":"type-product","3":"status-publish","4":"has-post-thumbnail","6":"product_cat-bandejas-de-comida-y-manteles-de-bandeja","7":"product_cat-vajilla","8":"sales-flash-overlay","9":"woocommerce-text-align-center","10":"woocommerce-image-align-center","12":"first","13":"instock","14":"featured","15":"shipping-taxable","16":"product-type-simple"},"_links":{"self":[{"href":"https:\/\/inflightproduct.com\/es\/wp-json\/wp\/v2\/product\/9511","targetHints":{"allow":["GET"]}}],"collection":[{"href":"https:\/\/inflightproduct.com\/es\/wp-json\/wp\/v2\/product"}],"about":[{"href":"https:\/\/inflightproduct.com\/es\/wp-json\/wp\/v2\/types\/product"}],"replies":[{"embeddable":true,"href":"https:\/\/inflightproduct.com\/es\/wp-json\/wp\/v2\/comments?post=9511"}],"wp:featuredmedia":[{"embeddable":true,"href":"https:\/\/inflightproduct.com\/es\/wp-json\/wp\/v2\/media\/9512"}],"wp:attachment":[{"href":"https:\/\/inflightproduct.com\/es\/wp-json\/wp\/v2\/media?parent=9511"}],"wp:term":[{"taxonomy":"product_brand","embeddable":true,"href":"https:\/\/inflightproduct.com\/es\/wp-json\/wp\/v2\/product_brand?post=9511"},{"taxonomy":"product_cat","embeddable":true,"href":"https:\/\/inflightproduct.com\/es\/wp-json\/wp\/v2\/product_cat?post=9511"},{"taxonomy":"product_tag","embeddable":true,"href":"https:\/\/inflightproduct.com\/es\/wp-json\/wp\/v2\/product_tag?post=9511"}],"curies":[{"name":"wp","href":"https:\/\/api.w.org\/{rel}","templated":true}]}}