{"id":9566,"date":"2025-04-08T14:15:45","date_gmt":"2025-04-08T14:15:45","guid":{"rendered":"https:\/\/inflightproduct.com\/toallitas-humedas-para-aerolineas-envase-de-aluminio-sellado-por-cuatro-lados\/"},"modified":"2026-03-11T02:38:00","modified_gmt":"2026-03-11T02:38:00","slug":"toallitas-humedas-para-aerolineas-envase-de-aluminio-sellado-por-cuatro-lados","status":"publish","type":"product","link":"https:\/\/inflightproduct.com\/es\/toallitas-humedas-para-aerolineas-envase-de-aluminio-sellado-por-cuatro-lados\/","title":{"rendered":"Toallitas h\u00famedas para aerol\u00edneas \u2013 Envase de aluminio sellado por cuatro lados"},"content":{"rendered":"<p>El tejido interior de las toallitas h\u00famedas para aerol\u00edneas empaquetadas individualmente est\u00e1 hecho de material no tejido y ofrece un tacto suave y delicado. Puede personalizarse para ser  o infusionarse con aromas espec\u00edficos como , ,  o  para mejorar la experiencia de uso.<\/p>\n<p>Ofrecemos amplias opciones de personalizaci\u00f3n en cuanto a tama\u00f1o, gramaje y dise\u00f1o del embalaje para adaptarnos mejor a las distintas necesidades de nuestros clientes. Nuestra experiencia en la producci\u00f3n de , a  y con , nos diferencia en el mercado. Nuestros productos cuentan con la confianza del mercado y se exportan a todo el mundo para satisfacer las necesidades de aerol\u00edneas y restaurantes a nivel global. Si necesita informaci\u00f3n detallada o sugerencias sobre qu\u00e9 tipo de toallitas h\u00famedas elegir, nuestro equipo est\u00e1 aqu\u00ed para ayudarle. Si busca m\u00e1s toallitas h\u00famedas para aerol\u00edneas personalizadas de China, haga clic para visitar nuestros distintos productos de .<\/p>\n","protected":false},"excerpt":{"rendered":"<p><strong>Features of Airline Wet Towels &#8211; Four-Side Sealed, Aluminum Pack:<\/strong><\/p>\n<ul>\n<li>Ensure moisture for long-term storage<\/li>\n<li>High-end silver-grey frosted look<\/li>\n<li>Multiple scents available<\/li>\n<li>High quality with competitive price<\/li>\n<li>Ideal for EY, Premium EY, Boutique airlines cabin service<\/li>\n<li>Can be used in in-flight service, trains, restaurants, hotels, etc.<\/li>\n<\/ul>\n","protected":false},"featured_media":9567,"comment_status":"open","ping_status":"closed","template":"","meta":[],"product_brand":[],"product_cat":[799,803],"product_tag":[],"class_list":{"0":"post-9566","1":"product","2":"type-product","3":"status-publish","4":"has-post-thumbnail","6":"product_cat-toallitas-humedas-y-toallas","7":"product_cat-productos-de-confort-a-bordo","8":"sales-flash-overlay","9":"woocommerce-text-align-center","10":"woocommerce-image-align-center","12":"first","13":"instock","14":"featured","15":"shipping-taxable","16":"product-type-simple"},"_links":{"self":[{"href":"https:\/\/inflightproduct.com\/es\/wp-json\/wp\/v2\/product\/9566","targetHints":{"allow":["GET"]}}],"collection":[{"href":"https:\/\/inflightproduct.com\/es\/wp-json\/wp\/v2\/product"}],"about":[{"href":"https:\/\/inflightproduct.com\/es\/wp-json\/wp\/v2\/types\/product"}],"replies":[{"embeddable":true,"href":"https:\/\/inflightproduct.com\/es\/wp-json\/wp\/v2\/comments?post=9566"}],"wp:featuredmedia":[{"embeddable":true,"href":"https:\/\/inflightproduct.com\/es\/wp-json\/wp\/v2\/media\/9567"}],"wp:attachment":[{"href":"https:\/\/inflightproduct.com\/es\/wp-json\/wp\/v2\/media?parent=9566"}],"wp:term":[{"taxonomy":"product_brand","embeddable":true,"href":"https:\/\/inflightproduct.com\/es\/wp-json\/wp\/v2\/product_brand?post=9566"},{"taxonomy":"product_cat","embeddable":true,"href":"https:\/\/inflightproduct.com\/es\/wp-json\/wp\/v2\/product_cat?post=9566"},{"taxonomy":"product_tag","embeddable":true,"href":"https:\/\/inflightproduct.com\/es\/wp-json\/wp\/v2\/product_tag?post=9566"}],"curies":[{"name":"wp","href":"https:\/\/api.w.org\/{rel}","templated":true}]}}