{"id":9648,"date":"2025-04-08T14:15:45","date_gmt":"2025-04-08T14:15:45","guid":{"rendered":"https:\/\/inflightproduct.com\/funda-desechable-de-reposacabezas-de-tela-no-tejida\/"},"modified":"2026-03-11T02:37:51","modified_gmt":"2026-03-11T02:37:51","slug":"funda-desechable-de-reposacabezas-de-tela-no-tejida","status":"publish","type":"product","link":"https:\/\/inflightproduct.com\/es\/funda-desechable-de-reposacabezas-de-tela-no-tejida\/","title":{"rendered":"Funda desechable de reposacabezas de tela no tejida"},"content":{"rendered":"<p>Dise\u00f1ada para ofrecer mayor higiene y comodidad a los pasajeros en <strong>aviones<\/strong>, <strong>trenes<\/strong> y <strong>autobuses<\/strong>. Nuestra funda desechable de reposacabezas de tela no tejida est\u00e1 fabricada con <strong>material no tejido retardante de llama<\/strong>, lo que garantiza seguridad y durabilidad cumpliendo con estrictos est\u00e1ndares del sector.<\/p>\n<p>Nuestras fundas de reposacabezas para servicio a bordo pueden personalizarse seg\u00fan las necesidades de su marca, ya sea en un solo color o con impresi\u00f3n rica y llamativa. Esta personalizaci\u00f3n no solo mejora la apariencia de los asientos, sino que tambi\u00e9n funciona como una eficaz herramienta de branding. Adem\u00e1s, ofrecemos opciones <strong>impermeables<\/strong> para proteger mejor los reposacabezas frente a derrames y manchas, garantizando una experiencia limpia y agradable para los pasajeros.<\/p>\n<p>Las fundas est\u00e1n dise\u00f1adas para una colocaci\u00f3n f\u00e1cil y segura. Pueden fijarse al respaldo del asiento mediante <strong>dos cintas<\/strong> o <strong>Velcro<\/strong>, logrando un ajuste firme que se mantiene en su sitio durante todo el trayecto. Esta versatilidad las hace adecuadas para distintos tipos de asientos y facilita la instalaci\u00f3n.<\/p>\n<p>Nuestras fundas desechables de reposacabezas de tela no tejida son una soluci\u00f3n pr\u00e1ctica para mantener la higiene en el transporte p\u00fablico, reducir la necesidad de limpieza frecuente y minimizar el riesgo de contaminaci\u00f3n. Son ligeras, f\u00e1ciles de desechar y proporcionan una superficie limpia y fresca para cada pasajero.<\/p>\n<p>Al elegir nuestras fundas desechables de reposacabezas, est\u00e1 invirtiendo en la comodidad y satisfacci\u00f3n de sus pasajeros, al mismo tiempo que promueve un entorno de viaje limpio y seguro. Nuestros productos cuentan con la confianza de importantes empresas de transporte en todo el mundo, gracias a su fiabilidad y calidad superior.<\/p>\n","protected":false},"excerpt":{"rendered":"<p><strong>Caracter\u00edsticas:\u00a0<\/strong><\/p>\n<ul>\n<li class=\"p1\">Material no tejido retardante de llama<\/li>\n<li class=\"p1\">Opciones de personalizaci\u00f3n de marca<\/li>\n<li class=\"p1\">Fijaci\u00f3n segura y vers\u00e1til<\/li>\n<li class=\"p1\">Desechable, higi\u00e9nico y pr\u00e1ctico<b><\/b><\/li>\n<\/ul>\n","protected":false},"featured_media":9652,"comment_status":"open","ping_status":"closed","template":"","meta":[],"product_brand":[],"product_cat":[820,803],"product_tag":[],"class_list":{"0":"post-9648","1":"product","2":"type-product","3":"status-publish","4":"has-post-thumbnail","6":"product_cat-fundas-para-reposacabezas","7":"product_cat-productos-de-confort-a-bordo","8":"sales-flash-overlay","9":"woocommerce-text-align-center","10":"woocommerce-image-align-center","12":"first","13":"instock","14":"featured","15":"shipping-taxable","16":"product-type-simple"},"_links":{"self":[{"href":"https:\/\/inflightproduct.com\/es\/wp-json\/wp\/v2\/product\/9648","targetHints":{"allow":["GET"]}}],"collection":[{"href":"https:\/\/inflightproduct.com\/es\/wp-json\/wp\/v2\/product"}],"about":[{"href":"https:\/\/inflightproduct.com\/es\/wp-json\/wp\/v2\/types\/product"}],"replies":[{"embeddable":true,"href":"https:\/\/inflightproduct.com\/es\/wp-json\/wp\/v2\/comments?post=9648"}],"wp:featuredmedia":[{"embeddable":true,"href":"https:\/\/inflightproduct.com\/es\/wp-json\/wp\/v2\/media\/9652"}],"wp:attachment":[{"href":"https:\/\/inflightproduct.com\/es\/wp-json\/wp\/v2\/media?parent=9648"}],"wp:term":[{"taxonomy":"product_brand","embeddable":true,"href":"https:\/\/inflightproduct.com\/es\/wp-json\/wp\/v2\/product_brand?post=9648"},{"taxonomy":"product_cat","embeddable":true,"href":"https:\/\/inflightproduct.com\/es\/wp-json\/wp\/v2\/product_cat?post=9648"},{"taxonomy":"product_tag","embeddable":true,"href":"https:\/\/inflightproduct.com\/es\/wp-json\/wp\/v2\/product_tag?post=9648"}],"curies":[{"name":"wp","href":"https:\/\/api.w.org\/{rel}","templated":true}]}}