{"id":9765,"date":"2025-04-08T14:15:45","date_gmt":"2025-04-08T14:15:45","guid":{"rendered":"https:\/\/inflightproduct.com\/funda-de-almohada-desechable-de-tejido-no-tejido-para-confort-a-bordo-y-ferroviario\/"},"modified":"2026-03-11T02:37:43","modified_gmt":"2026-03-11T02:37:43","slug":"funda-de-almohada-desechable-de-tejido-no-tejido-para-confort-a-bordo-y-ferroviario","status":"publish","type":"product","link":"https:\/\/inflightproduct.com\/es\/funda-de-almohada-desechable-de-tejido-no-tejido-para-confort-a-bordo-y-ferroviario\/","title":{"rendered":"Funda de almohada desechable de tejido no tejido para confort a bordo y ferroviario"},"content":{"rendered":"<p class=\"p1\">Mejore la experiencia de viaje de sus pasajeros con nuestra <span class=\"s1\">funda de almohada desechable de tejido no tejido<\/span> de alta calidad, dise\u00f1ada cuidadosamente para responder a las necesidades de higiene y confort del transporte a\u00e9reo y ferroviario moderno. Fabricadas con tejido <strong>no tejido ign\u00edfugo<\/strong> de primera calidad, estas fundas ayudan a ofrecer un entorno m\u00e1s seguro sin perder suavidad ni durabilidad.<\/p>\n<p class=\"p1\">Ideales para entornos de transporte p\u00fablico de alto tr\u00e1nsito, nuestras <span class=\"s1\">fundas de almohada desechables de tejido no tejido<\/span> proporcionan una superficie limpia y fresca para cada usuario, reduciendo significativamente el riesgo de contaminaci\u00f3n cruzada. Tanto en aviones como en trenes, representan una alternativa pr\u00e1ctica y rentable a las fundas textiles reutilizables.<\/p>\n<p class=\"p1\">Como <span class=\"s1\">funda de almohada ign\u00edfuga para aerol\u00edneas<\/span> de confianza, este producto cumple con estrictos est\u00e1ndares del sector y aporta tranquilidad tanto a pasajeros como a operadores. El material es ligero, pero lo suficientemente resistente para un uso regular, adem\u00e1s de ser f\u00e1cil de manipular y desechar despu\u00e9s de cada trayecto.<\/p>\n<p class=\"p1\">Lo que distingue a nuestras fundas de almohada es la posibilidad de personalizarlas seg\u00fan su marca. Desde ajustar el grosor y el tama\u00f1o hasta a\u00f1adir logotipos o estampados personalizados, nuestras soluciones de <span class=\"s1\"><b>funda de almohada de tejido no tejido personalizada <\/b><\/span>le permiten reforzar sutilmente la identidad de marca y elevar la experiencia general del pasajero.<\/p>\n<p class=\"p1\">Al incorporar nuestras fundas desechables a su servicio de cabina, no solo mejora la higiene, sino que tambi\u00e9n agiliza las operaciones al reducir la necesidad de lavander\u00eda. Confiadas por empresas de transporte de todo el mundo, nuestras fundas ofrecen el equilibrio ideal entre funcionalidad, seguridad y presentaci\u00f3n.<\/p>\n<p class=\"p1\">Elija nuestras <span class=\"s1\">fundas de almohada desechables de tejido no tejido<\/span> para apoyar un viaje m\u00e1s limpio, seguro y c\u00f3modo, donde la higiene se une a la practicidad. Tambi\u00e9n suministramos <span style=\"text-decoration: underline; color: #0000ff;\"><strong><a style=\"color: #0000ff; text-decoration: underline;\" href=\"https:\/\/inflightproduct.com\/disposable-non-woven-headrest-cover\/\">fundas desechables de tejido no tejido para reposacabezas<\/a><\/strong><\/span>; \u00a1haga clic para saber m\u00e1s!<\/p>\n","protected":false},"excerpt":{"rendered":"<p><strong>Caracter\u00edsticas:<\/strong><\/p>\n<ul>\n<li class=\"p1\"><span class=\"s1\">Material ign\u00edfugo<\/span><\/li>\n<li class=\"p1\"><span class=\"s1\">Higi\u00e9nica y desechable<\/span><\/li>\n<li class=\"p1\"><span class=\"s1\">Dise\u00f1o personalizable<\/span><\/li>\n<li class=\"p1\"><span class=\"s1\">Soluci\u00f3n higi\u00e9nica rentable<\/span><\/li>\n<\/ul>\n","protected":false},"featured_media":9769,"comment_status":"open","ping_status":"closed","template":"","meta":[],"product_brand":[],"product_cat":[804,803],"product_tag":[],"class_list":{"0":"post-9765","1":"product","2":"type-product","3":"status-publish","4":"has-post-thumbnail","6":"product_cat-almohadas-y-fundas","7":"product_cat-productos-de-confort-a-bordo","8":"sales-flash-overlay","9":"woocommerce-text-align-center","10":"woocommerce-image-align-center","12":"first","13":"instock","14":"featured","15":"shipping-taxable","16":"product-type-simple"},"_links":{"self":[{"href":"https:\/\/inflightproduct.com\/es\/wp-json\/wp\/v2\/product\/9765","targetHints":{"allow":["GET"]}}],"collection":[{"href":"https:\/\/inflightproduct.com\/es\/wp-json\/wp\/v2\/product"}],"about":[{"href":"https:\/\/inflightproduct.com\/es\/wp-json\/wp\/v2\/types\/product"}],"replies":[{"embeddable":true,"href":"https:\/\/inflightproduct.com\/es\/wp-json\/wp\/v2\/comments?post=9765"}],"wp:featuredmedia":[{"embeddable":true,"href":"https:\/\/inflightproduct.com\/es\/wp-json\/wp\/v2\/media\/9769"}],"wp:attachment":[{"href":"https:\/\/inflightproduct.com\/es\/wp-json\/wp\/v2\/media?parent=9765"}],"wp:term":[{"taxonomy":"product_brand","embeddable":true,"href":"https:\/\/inflightproduct.com\/es\/wp-json\/wp\/v2\/product_brand?post=9765"},{"taxonomy":"product_cat","embeddable":true,"href":"https:\/\/inflightproduct.com\/es\/wp-json\/wp\/v2\/product_cat?post=9765"},{"taxonomy":"product_tag","embeddable":true,"href":"https:\/\/inflightproduct.com\/es\/wp-json\/wp\/v2\/product_tag?post=9765"}],"curies":[{"name":"wp","href":"https:\/\/api.w.org\/{rel}","templated":true}]}}