{"id":9894,"date":"2025-04-08T14:15:45","date_gmt":"2025-04-08T14:15:45","guid":{"rendered":"https:\/\/inflightproduct.com\/bandeja-de-comida-aerea-atlas-de-tamano-completo-en-abs\/"},"modified":"2026-03-11T02:37:33","modified_gmt":"2026-03-11T02:37:33","slug":"bandeja-de-comida-aerea-atlas-de-tamano-completo-en-abs","status":"publish","type":"product","link":"https:\/\/inflightproduct.com\/es\/bandeja-de-comida-aerea-atlas-de-tamano-completo-en-abs\/","title":{"rendered":"Bandeja de comida a\u00e9rea ATLAS de tama\u00f1o completo en ABS"},"content":{"rendered":"<p>Presentamos nuestra <strong>bandeja de comida a\u00e9rea ATLAS de tama\u00f1o completo en ABS<\/strong>, dise\u00f1ada para responder a las altas exigencias de los servicios de catering a bordo de aviones y trenes. Fabricada con <strong>material ABS resistente y duradero<\/strong>, esta bandeja garantiza un rendimiento fiable y una larga vida \u00fatil, por lo que es una opci\u00f3n esencial para cualquier operaci\u00f3n de catering en viaje. La bandeja cumple con el <strong>tama\u00f1o est\u00e1ndar ATLAS<\/strong>, ampliamente reconocido y utilizado en los sectores de la aviaci\u00f3n y el ferrocarril, lo que asegura compatibilidad con el equipo existente e integraci\u00f3n fluida en sus procedimientos de servicio.<\/p>\n<p>Nuestra <strong>bandeja de comida de tama\u00f1o completo<\/strong> est\u00e1 dise\u00f1ada para soportar un uso frecuente, manteniendo su integridad estructural y su aspecto con el paso del tiempo. El robusto material ABS ofrece una excelente resistencia a los impactos, al calor y a la exposici\u00f3n qu\u00edmica, por lo que resulta adecuado para distintos entornos de catering.<\/p>\n<p>Para clientes con necesidades espec\u00edficas de espacio o servicio, tambi\u00e9n ofrecemos una <strong>bandeja de comida ATLAS 2\/3<\/strong>. Este tama\u00f1o m\u00e1s compacto mantiene la misma alta calidad de fabricaci\u00f3n y durabilidad, al tiempo que aporta una mayor flexibilidad al dise\u00f1o y la disposici\u00f3n del servicio de comidas.<\/p>\n<p>Tanto si equipa una aerol\u00ednea, un tren u otro servicio de transporte, nuestra bandeja de comida a\u00e9rea ATLAS de tama\u00f1o completo en ABS es la elecci\u00f3n ideal para servir comidas de forma eficiente y elegante. Con opciones de personalizaci\u00f3n disponibles, podemos adaptar la bandeja a la identidad de su marca y a sus requisitos operativos.<\/p>\n<h3><\/h3>\n","protected":false},"excerpt":{"rendered":"<p>Nuestra bandeja de comida a\u00e9rea ATLAS de tama\u00f1o completo en ABS, fabricada con ABS resistente, es ideal para aviones y trenes. Cumple con el tama\u00f1o est\u00e1ndar ATLAS y tambi\u00e9n est\u00e1 disponible la opci\u00f3n de bandeja de comida ATLAS 2\/3.<\/p>\n","protected":false},"featured_media":9895,"comment_status":"open","ping_status":"closed","template":"","meta":[],"product_brand":[],"product_cat":[800,802],"product_tag":[],"class_list":{"0":"post-9894","1":"product","2":"type-product","3":"status-publish","4":"has-post-thumbnail","6":"product_cat-bandejas-de-comida-y-manteles-de-bandeja","7":"product_cat-vajilla","8":"sales-flash-overlay","9":"woocommerce-text-align-center","10":"woocommerce-image-align-center","12":"first","13":"instock","14":"shipping-taxable","15":"product-type-simple"},"_links":{"self":[{"href":"https:\/\/inflightproduct.com\/es\/wp-json\/wp\/v2\/product\/9894","targetHints":{"allow":["GET"]}}],"collection":[{"href":"https:\/\/inflightproduct.com\/es\/wp-json\/wp\/v2\/product"}],"about":[{"href":"https:\/\/inflightproduct.com\/es\/wp-json\/wp\/v2\/types\/product"}],"replies":[{"embeddable":true,"href":"https:\/\/inflightproduct.com\/es\/wp-json\/wp\/v2\/comments?post=9894"}],"wp:featuredmedia":[{"embeddable":true,"href":"https:\/\/inflightproduct.com\/es\/wp-json\/wp\/v2\/media\/9895"}],"wp:attachment":[{"href":"https:\/\/inflightproduct.com\/es\/wp-json\/wp\/v2\/media?parent=9894"}],"wp:term":[{"taxonomy":"product_brand","embeddable":true,"href":"https:\/\/inflightproduct.com\/es\/wp-json\/wp\/v2\/product_brand?post=9894"},{"taxonomy":"product_cat","embeddable":true,"href":"https:\/\/inflightproduct.com\/es\/wp-json\/wp\/v2\/product_cat?post=9894"},{"taxonomy":"product_tag","embeddable":true,"href":"https:\/\/inflightproduct.com\/es\/wp-json\/wp\/v2\/product_tag?post=9894"}],"curies":[{"name":"wp","href":"https:\/\/api.w.org\/{rel}","templated":true}]}}