{"id":9971,"date":"2025-04-08T14:15:45","date_gmt":"2025-04-08T14:15:45","guid":{"rendered":"https:\/\/inflightproduct.com\/set-de-cubiertos-desechables-de-fibra-de-bambu\/"},"modified":"2026-03-11T02:37:24","modified_gmt":"2026-03-11T02:37:24","slug":"set-de-cubiertos-desechables-de-fibra-de-bambu","status":"publish","type":"product","link":"https:\/\/inflightproduct.com\/es\/set-de-cubiertos-desechables-de-fibra-de-bambu\/","title":{"rendered":"Set de cubiertos desechables de fibra de bamb\u00fa"},"content":{"rendered":"<p>Le presentamos nuestro premium <strong>Set de cubiertos desechables de fibra de bamb\u00fa<\/strong>, dise\u00f1ado para ofrecer la m\u00e1xima comodidad y <strong>sostenibilidad<\/strong>. Ampliamente utilizado en <strong>aviones<\/strong>, <strong>trenes<\/strong>, <strong>restaurantes<\/strong> y <strong>cafeter\u00edas<\/strong>, este set est\u00e1 fabricado con fibra de bamb\u00fa duradera y de r\u00e1pido crecimiento, es <strong>100 % biodegradable<\/strong> y constituye una opci\u00f3n <strong>ecol\u00f3gica<\/strong> para distintos entornos de servicio.<\/p>\n<p>En comparaci\u00f3n con los sets tradicionales de madera o bamb\u00fa, nuestro pack de cubiertos de fibra de bamb\u00fa es considerablemente <strong>m\u00e1s ligero<\/strong> sin perder una excelente resistencia. Esto no solo facilita su manejo, sino que tambi\u00e9n reduce la huella ambiental asociada a su producci\u00f3n y desecho. Una de las caracter\u00edsticas m\u00e1s destacadas de este set es su condici\u00f3n <strong>sin olor<\/strong>, que garantiza que no haya olores desagradables al abrir el paquete. Esta cualidad resulta especialmente ventajosa para <strong>mantener el sabor natural de los alimentos<\/strong>.<\/p>\n<p>Los bordes de nuestros cubiertos de fibra de bamb\u00fa est\u00e1n cuidadosamente <strong>alisados<\/strong>, lo que proporciona una experiencia de comida c\u00f3moda sin el riesgo de peque\u00f1as astillas o superficies \u00e1speras que puedan da\u00f1ar la boca. Esta atenci\u00f3n al detalle en el dise\u00f1o garantiza un producto de alta calidad, seguro y agradable de usar.<\/p>\n<p>Adem\u00e1s, nuestro set de cubiertos es biodegradable, por lo que es una elecci\u00f3n responsable para quienes desean reducir su impacto ambiental. Al elegir nuestro set de cubiertos desechables de fibra de bamb\u00fa, contribuye positivamente a la sostenibilidad mientras disfruta de las ventajas de un producto superior. Ideal para una gran variedad de aplicaciones, este set representa una opci\u00f3n nueva y mejor para vajilla desechable.<\/p>\n","protected":false},"excerpt":{"rendered":"<p>Nuestro set de cubiertos desechables de fibra de bamb\u00fa es ideal para aviones, trenes, restaurantes y cafeter\u00edas. Fabricado con fibra de bamb\u00fa duradera y de r\u00e1pido crecimiento, ofrece una alternativa ligera pero resistente a los cubiertos tradicionales de madera o bamb\u00fa.<\/p>\n","protected":false},"featured_media":9972,"comment_status":"open","ping_status":"closed","template":"","meta":[],"product_brand":[],"product_cat":[810,802],"product_tag":[],"class_list":{"0":"post-9971","1":"product","2":"type-product","3":"status-publish","4":"has-post-thumbnail","6":"product_cat-cubiertos","7":"product_cat-vajilla","8":"sales-flash-overlay","9":"woocommerce-text-align-center","10":"woocommerce-image-align-center","12":"first","13":"instock","14":"shipping-taxable","15":"product-type-simple"},"_links":{"self":[{"href":"https:\/\/inflightproduct.com\/es\/wp-json\/wp\/v2\/product\/9971","targetHints":{"allow":["GET"]}}],"collection":[{"href":"https:\/\/inflightproduct.com\/es\/wp-json\/wp\/v2\/product"}],"about":[{"href":"https:\/\/inflightproduct.com\/es\/wp-json\/wp\/v2\/types\/product"}],"replies":[{"embeddable":true,"href":"https:\/\/inflightproduct.com\/es\/wp-json\/wp\/v2\/comments?post=9971"}],"wp:featuredmedia":[{"embeddable":true,"href":"https:\/\/inflightproduct.com\/es\/wp-json\/wp\/v2\/media\/9972"}],"wp:attachment":[{"href":"https:\/\/inflightproduct.com\/es\/wp-json\/wp\/v2\/media?parent=9971"}],"wp:term":[{"taxonomy":"product_brand","embeddable":true,"href":"https:\/\/inflightproduct.com\/es\/wp-json\/wp\/v2\/product_brand?post=9971"},{"taxonomy":"product_cat","embeddable":true,"href":"https:\/\/inflightproduct.com\/es\/wp-json\/wp\/v2\/product_cat?post=9971"},{"taxonomy":"product_tag","embeddable":true,"href":"https:\/\/inflightproduct.com\/es\/wp-json\/wp\/v2\/product_tag?post=9971"}],"curies":[{"name":"wp","href":"https:\/\/api.w.org\/{rel}","templated":true}]}}