{"id":10020,"date":"2025-04-08T14:15:45","date_gmt":"2025-04-08T14:15:45","guid":{"rendered":"https:\/\/inflightproduct.com\/set-de-couverts-jetables-en-fibre-de-bambou\/"},"modified":"2026-03-11T02:37:30","modified_gmt":"2026-03-11T02:37:30","slug":"set-de-couverts-jetables-en-fibre-de-bambou","status":"publish","type":"product","link":"https:\/\/inflightproduct.com\/fr\/set-de-couverts-jetables-en-fibre-de-bambou\/","title":{"rendered":"Set de couverts jetables en fibre de bambou"},"content":{"rendered":"<p>D\u00e9couvrez notre <strong>Set de couverts jetables en fibre de bambou<\/strong> premium, con\u00e7u pour offrir un maximum de praticit\u00e9 et de <strong>durabilit\u00e9<\/strong>. Largement utilis\u00e9 dans les <strong>avions<\/strong>, les <strong>trains<\/strong>, les <strong>restaurants<\/strong> et les <strong>caf\u00e9s<\/strong>, ce set est fabriqu\u00e9 \u00e0 partir de fibre de bambou r\u00e9sistante et \u00e0 croissance rapide. <strong>100 % biod\u00e9gradable<\/strong>, il constitue un choix <strong>\u00e9cologique<\/strong> pour de nombreux environnements de restauration.<\/p>\n<p>Compar\u00e9 aux sets traditionnels en bois ou en bambou, notre pack de couverts en fibre de bambou est nettement <strong>plus l\u00e9ger<\/strong> tout en conservant une excellente solidit\u00e9. Il est donc plus facile \u00e0 manipuler et r\u00e9duit \u00e9galement l\u2019empreinte environnementale li\u00e9e \u00e0 sa production et \u00e0 son \u00e9limination. L\u2019un de ses atouts majeurs est son caract\u00e8re <strong>sans odeur<\/strong>, qui garantit l\u2019absence d\u2019odeurs d\u00e9sagr\u00e9ables \u00e0 l\u2019ouverture du pack. Cette caract\u00e9ristique est particuli\u00e8rement avantageuse pour <strong>pr\u00e9server le go\u00fbt naturel des aliments<\/strong>.<\/p>\n<p>Les bords de nos couverts en fibre de bambou sont soigneusement <strong>polis<\/strong>, offrant une exp\u00e9rience de repas confortable sans risque de petites \u00e9chardes ou de surfaces rugueuses susceptibles de blesser la bouche. Cette attention port\u00e9e aux d\u00e9tails garantit un produit de haute qualit\u00e9, \u00e0 la fois s\u00fbr et agr\u00e9able \u00e0 utiliser.<\/p>\n<p>De plus, notre set de couverts est biod\u00e9gradable, ce qui en fait un choix responsable pour ceux qui souhaitent r\u00e9duire leur impact environnemental. En choisissant notre set de couverts jetables en fibre de bambou, vous contribuez positivement \u00e0 la durabilit\u00e9 tout en profitant des avantages d\u2019un produit sup\u00e9rieur. Id\u00e9al dans de nombreux contextes, ce set repr\u00e9sente une nouvelle et meilleure solution pour la vaisselle jetable.<\/p>\n","protected":false},"excerpt":{"rendered":"<p>Notre set de couverts jetables en fibre de bambou est parfait pour les avions, les trains, les restaurants et les caf\u00e9s. Fabriqu\u00e9 \u00e0 partir de fibre de bambou r\u00e9sistante et \u00e0 croissance rapide, il constitue une alternative l\u00e9g\u00e8re mais robuste aux couverts traditionnels en bois ou en bambou.<\/p>\n","protected":false},"featured_media":10021,"comment_status":"open","ping_status":"closed","template":"","meta":[],"product_brand":[],"product_cat":[661,653],"product_tag":[],"class_list":{"0":"post-10020","1":"product","2":"type-product","3":"status-publish","4":"has-post-thumbnail","6":"product_cat-couverts","7":"product_cat-vaisselle","8":"sales-flash-overlay","9":"woocommerce-text-align-center","10":"woocommerce-image-align-center","12":"first","13":"instock","14":"shipping-taxable","15":"product-type-simple"},"_links":{"self":[{"href":"https:\/\/inflightproduct.com\/fr\/wp-json\/wp\/v2\/product\/10020","targetHints":{"allow":["GET"]}}],"collection":[{"href":"https:\/\/inflightproduct.com\/fr\/wp-json\/wp\/v2\/product"}],"about":[{"href":"https:\/\/inflightproduct.com\/fr\/wp-json\/wp\/v2\/types\/product"}],"replies":[{"embeddable":true,"href":"https:\/\/inflightproduct.com\/fr\/wp-json\/wp\/v2\/comments?post=10020"}],"wp:featuredmedia":[{"embeddable":true,"href":"https:\/\/inflightproduct.com\/fr\/wp-json\/wp\/v2\/media\/10021"}],"wp:attachment":[{"href":"https:\/\/inflightproduct.com\/fr\/wp-json\/wp\/v2\/media?parent=10020"}],"wp:term":[{"taxonomy":"product_brand","embeddable":true,"href":"https:\/\/inflightproduct.com\/fr\/wp-json\/wp\/v2\/product_brand?post=10020"},{"taxonomy":"product_cat","embeddable":true,"href":"https:\/\/inflightproduct.com\/fr\/wp-json\/wp\/v2\/product_cat?post=10020"},{"taxonomy":"product_tag","embeddable":true,"href":"https:\/\/inflightproduct.com\/fr\/wp-json\/wp\/v2\/product_tag?post=10020"}],"curies":[{"name":"wp","href":"https:\/\/api.w.org\/{rel}","templated":true}]}}