{"id":9580,"date":"2025-04-08T14:15:45","date_gmt":"2025-04-08T14:15:45","guid":{"rendered":"https:\/\/inflightproduct.com\/lingettes-humides-pour-compagnies-aeriennes-sachet-aluminium-scelle-sur-quatre-cotes\/"},"modified":"2026-03-11T02:38:05","modified_gmt":"2026-03-11T02:38:05","slug":"lingettes-humides-pour-compagnies-aeriennes-sachet-aluminium-scelle-sur-quatre-cotes","status":"publish","type":"product","link":"https:\/\/inflightproduct.com\/fr\/lingettes-humides-pour-compagnies-aeriennes-sachet-aluminium-scelle-sur-quatre-cotes\/","title":{"rendered":"Lingettes humides pour compagnies a\u00e9riennes \u2013 Sachet aluminium scell\u00e9 sur quatre c\u00f4t\u00e9s"},"content":{"rendered":"<p>Le tissu \u00e0 l\u2019int\u00e9rieur des lingettes a\u00e9riennes emball\u00e9es individuellement est en non-tiss\u00e9, offrant un toucher doux et agr\u00e9able. Il peut \u00eatre personnalis\u00e9 en version  ou parfum\u00e9 avec des senteurs sp\u00e9cifiques telles que , ,  ou les  afin d\u2019am\u00e9liorer l\u2019exp\u00e9rience d\u2019utilisation.<\/p>\n<p>Nous proposons de nombreuses options de personnalisation en termes de dimensions, de grammage et de design d\u2019emballage pour r\u00e9pondre au mieux aux besoins vari\u00e9s de nos clients. Notre expertise dans la production de , \u00e0 des  et avec des , nous distingue sur le march\u00e9. Nos produits sont reconnus et export\u00e9s dans le monde entier pour r\u00e9pondre aux besoins des compagnies a\u00e9riennes et des restaurants \u00e0 l\u2019\u00e9chelle mondiale. Si vous avez besoin d\u2019informations d\u00e9taill\u00e9es ou de conseils sur le type de lingettes humides \u00e0 choisir, notre \u00e9quipe est l\u00e0 pour vous aider. Si vous recherchez davantage de lingettes a\u00e9riennes personnalis\u00e9es fabriqu\u00e9es en Chine, cliquez pour d\u00e9couvrir notre gamme de .<\/p>\n","protected":false},"excerpt":{"rendered":"<p><strong>Features of Airline Wet Towels &#8211; Four-Side Sealed, Aluminum Pack:<\/strong><\/p>\n<ul>\n<li>Ensure moisture for long-term storage<\/li>\n<li>High-end silver-grey frosted look<\/li>\n<li>Multiple scents available<\/li>\n<li>High quality with competitive price<\/li>\n<li>Ideal for EY, Premium EY, Boutique airlines cabin service<\/li>\n<li>Can be used in in-flight service, trains, restaurants, hotels, etc.<\/li>\n<\/ul>\n","protected":false},"featured_media":9581,"comment_status":"open","ping_status":"closed","template":"","meta":[],"product_brand":[],"product_cat":[650,654],"product_tag":[],"class_list":{"0":"post-9580","1":"product","2":"type-product","3":"status-publish","4":"has-post-thumbnail","6":"product_cat-lingettes-humides-et-serviettes","7":"product_cat-confort-a-bord","8":"sales-flash-overlay","9":"woocommerce-text-align-center","10":"woocommerce-image-align-center","12":"first","13":"instock","14":"featured","15":"shipping-taxable","16":"product-type-simple"},"_links":{"self":[{"href":"https:\/\/inflightproduct.com\/fr\/wp-json\/wp\/v2\/product\/9580","targetHints":{"allow":["GET"]}}],"collection":[{"href":"https:\/\/inflightproduct.com\/fr\/wp-json\/wp\/v2\/product"}],"about":[{"href":"https:\/\/inflightproduct.com\/fr\/wp-json\/wp\/v2\/types\/product"}],"replies":[{"embeddable":true,"href":"https:\/\/inflightproduct.com\/fr\/wp-json\/wp\/v2\/comments?post=9580"}],"wp:featuredmedia":[{"embeddable":true,"href":"https:\/\/inflightproduct.com\/fr\/wp-json\/wp\/v2\/media\/9581"}],"wp:attachment":[{"href":"https:\/\/inflightproduct.com\/fr\/wp-json\/wp\/v2\/media?parent=9580"}],"wp:term":[{"taxonomy":"product_brand","embeddable":true,"href":"https:\/\/inflightproduct.com\/fr\/wp-json\/wp\/v2\/product_brand?post=9580"},{"taxonomy":"product_cat","embeddable":true,"href":"https:\/\/inflightproduct.com\/fr\/wp-json\/wp\/v2\/product_cat?post=9580"},{"taxonomy":"product_tag","embeddable":true,"href":"https:\/\/inflightproduct.com\/fr\/wp-json\/wp\/v2\/product_tag?post=9580"}],"curies":[{"name":"wp","href":"https:\/\/api.w.org\/{rel}","templated":true}]}}