{"id":9711,"date":"2025-04-08T14:15:45","date_gmt":"2025-04-08T14:15:45","guid":{"rendered":"https:\/\/inflightproduct.com\/housse-dappui-tete-jetable-en-non-tisse\/"},"modified":"2026-03-11T02:37:57","modified_gmt":"2026-03-11T02:37:57","slug":"housse-dappui-tete-jetable-en-non-tisse","status":"publish","type":"product","link":"https:\/\/inflightproduct.com\/fr\/housse-dappui-tete-jetable-en-non-tisse\/","title":{"rendered":"Couvre-appui-t\u00eate jetable en non-tiss\u00e9"},"content":{"rendered":"<p>Con\u00e7u pour am\u00e9liorer l\u2019hygi\u00e8ne et le confort des passagers dans les <strong>avions<\/strong>, les <strong>trains<\/strong> et les <strong>bus<\/strong>, notre couvre-appuie-t\u00eate jetable en non-tiss\u00e9 est fabriqu\u00e9 en <strong>mati\u00e8re non tiss\u00e9e ignifuge<\/strong>, garantissant s\u00e9curit\u00e9 et durabilit\u00e9 tout en r\u00e9pondant \u00e0 des normes strictes.<\/p>\n<p>Nos couvre-appuie-t\u00eate pour transport peuvent \u00eatre personnalis\u00e9s selon votre image de marque, que vous souhaitiez une teinte unie ou une impression riche et color\u00e9e. Cette personnalisation am\u00e9liore non seulement l\u2019apparence des si\u00e8ges, mais constitue aussi un support de marque efficace. Nous proposons \u00e9galement des options <strong>imperm\u00e9ables<\/strong> pour mieux prot\u00e9ger les appuie-t\u00eate des \u00e9claboussures et des taches, assurant une exp\u00e9rience propre et agr\u00e9able aux passagers.<\/p>\n<p>Les couvre-appuie-t\u00eate sont con\u00e7us pour une fixation simple et s\u00fbre. Ils peuvent \u00eatre attach\u00e9s au dossier du si\u00e8ge \u00e0 l\u2019aide de <strong>deux liens<\/strong> ou de <strong>Velcro<\/strong>, assurant un maintien stable tout au long du trajet. Cette polyvalence convient \u00e0 diff\u00e9rents types de si\u00e8ges et facilite l\u2019installation.<\/p>\n<p>Nos couvre-appuie-t\u00eate jetables en non-tiss\u00e9 constituent une solution pratique pour maintenir l\u2019hygi\u00e8ne dans les transports publics, r\u00e9duire la fr\u00e9quence de nettoyage et limiter les risques de contamination. Ils sont l\u00e9gers, faciles \u00e0 jeter et offrent \u00e0 chaque passager une surface propre et fra\u00eeche.<\/p>\n<p>En choisissant nos couvre-appuie-t\u00eate jetables, vous investissez dans le confort et la satisfaction de vos passagers tout en favorisant un environnement de voyage propre et s\u00fbr. Nos produits sont adopt\u00e9s par des transporteurs de premier plan dans le monde entier pour leur fiabilit\u00e9 et leur qualit\u00e9 sup\u00e9rieure.<\/p>\n","protected":false},"excerpt":{"rendered":"<p><strong>Caract\u00e9ristiques\u00a0:<\/strong><\/p>\n<ul>\n<li class=\"p1\">Mati\u00e8re non tiss\u00e9e ignifuge<\/li>\n<li class=\"p1\">Options de personnalisation de la marque<\/li>\n<li class=\"p1\">Fixation s\u00fbre et polyvalente<\/li>\n<li class=\"p1\">Jetable, hygi\u00e9nique et pratique<b><\/b><\/li>\n<\/ul>\n","protected":false},"featured_media":9715,"comment_status":"open","ping_status":"closed","template":"","meta":[],"product_brand":[],"product_cat":[671,654],"product_tag":[],"class_list":{"0":"post-9711","1":"product","2":"type-product","3":"status-publish","4":"has-post-thumbnail","6":"product_cat-housses-dappuie-tete","7":"product_cat-confort-a-bord","8":"sales-flash-overlay","9":"woocommerce-text-align-center","10":"woocommerce-image-align-center","12":"first","13":"instock","14":"featured","15":"shipping-taxable","16":"product-type-simple"},"_links":{"self":[{"href":"https:\/\/inflightproduct.com\/fr\/wp-json\/wp\/v2\/product\/9711","targetHints":{"allow":["GET"]}}],"collection":[{"href":"https:\/\/inflightproduct.com\/fr\/wp-json\/wp\/v2\/product"}],"about":[{"href":"https:\/\/inflightproduct.com\/fr\/wp-json\/wp\/v2\/types\/product"}],"replies":[{"embeddable":true,"href":"https:\/\/inflightproduct.com\/fr\/wp-json\/wp\/v2\/comments?post=9711"}],"wp:featuredmedia":[{"embeddable":true,"href":"https:\/\/inflightproduct.com\/fr\/wp-json\/wp\/v2\/media\/9715"}],"wp:attachment":[{"href":"https:\/\/inflightproduct.com\/fr\/wp-json\/wp\/v2\/media?parent=9711"}],"wp:term":[{"taxonomy":"product_brand","embeddable":true,"href":"https:\/\/inflightproduct.com\/fr\/wp-json\/wp\/v2\/product_brand?post=9711"},{"taxonomy":"product_cat","embeddable":true,"href":"https:\/\/inflightproduct.com\/fr\/wp-json\/wp\/v2\/product_cat?post=9711"},{"taxonomy":"product_tag","embeddable":true,"href":"https:\/\/inflightproduct.com\/fr\/wp-json\/wp\/v2\/product_tag?post=9711"}],"curies":[{"name":"wp","href":"https:\/\/api.w.org\/{rel}","templated":true}]}}