{"id":9814,"date":"2025-04-08T14:15:45","date_gmt":"2025-04-08T14:15:45","guid":{"rendered":"https:\/\/inflightproduct.com\/taie-doreiller-jetable-en-non-tisse-pour-le-confort-a-bord-et-dans-les-trains\/"},"modified":"2026-03-11T02:37:48","modified_gmt":"2026-03-11T02:37:48","slug":"taie-doreiller-jetable-en-non-tisse-pour-le-confort-a-bord-et-dans-les-trains","status":"publish","type":"product","link":"https:\/\/inflightproduct.com\/fr\/taie-doreiller-jetable-en-non-tisse-pour-le-confort-a-bord-et-dans-les-trains\/","title":{"rendered":"Taie d\u2019oreiller jetable en non-tiss\u00e9 pour le confort \u00e0 bord et dans les trains"},"content":{"rendered":"<p class=\"p1\">Am\u00e9liorez l\u2019exp\u00e9rience de voyage de vos passagers avec notre <span class=\"s1\">taie d\u2019oreiller jetable en non-tiss\u00e9<\/span> de haute qualit\u00e9, con\u00e7ue pour r\u00e9pondre aux exigences d\u2019hygi\u00e8ne et de confort du transport a\u00e9rien et ferroviaire moderne. Fabriqu\u00e9es en tissu <strong>non-tiss\u00e9 ignifuge<\/strong> premium, ces taies contribuent \u00e0 offrir un environnement plus s\u00fbr tout en conservant une excellente douceur et durabilit\u00e9.<\/p>\n<p class=\"p1\">Id\u00e9ales pour les environnements de transport public \u00e0 forte fr\u00e9quentation, nos <span class=\"s1\">taies d\u2019oreiller jetables en non-tiss\u00e9<\/span> offrent une surface propre et fra\u00eeche \u00e0 chaque utilisateur, r\u00e9duisant consid\u00e9rablement les risques de contamination crois\u00e9e. Qu\u2019elles soient utilis\u00e9es en avion ou en train, elles constituent une alternative pratique et \u00e9conomique aux housses textiles r\u00e9utilisables.<\/p>\n<p class=\"p1\">En tant que <span class=\"s1\">taie d\u2019oreiller ignifuge pour compagnies a\u00e9riennes<\/span> fiable, ce produit r\u00e9pond \u00e0 des normes strictes du secteur et rassure \u00e0 la fois les passagers et les op\u00e9rateurs. Le mat\u00e9riau est l\u00e9ger mais suffisamment r\u00e9sistant pour un usage r\u00e9gulier, tout en restant facile \u00e0 manipuler et \u00e0 jeter apr\u00e8s chaque trajet.<\/p>\n<p class=\"p1\">Ce qui distingue nos taies d\u2019oreiller, c\u2019est la possibilit\u00e9 de les personnaliser selon votre image de marque. En ajustant l\u2019\u00e9paisseur et la taille ou en ajoutant des logos et motifs personnalis\u00e9s, nos solutions de <span class=\"s1\"><b>taie d\u2019oreiller non-tiss\u00e9e personnalis\u00e9e <\/b><\/span>vous permettent de renforcer subtilement votre identit\u00e9 de marque et d\u2019am\u00e9liorer l\u2019exp\u00e9rience globale des passagers.<\/p>\n<p class=\"p1\">En int\u00e9grant nos taies d\u2019oreiller jetables \u00e0 votre service cabine, vous am\u00e9liorez non seulement l\u2019hygi\u00e8ne, mais vous simplifiez \u00e9galement les op\u00e9rations en r\u00e9duisant les besoins en blanchisserie. Adopt\u00e9es par des transporteurs du monde entier, nos taies offrent un \u00e9quilibre id\u00e9al entre fonctionnalit\u00e9, s\u00e9curit\u00e9 et pr\u00e9sentation.<\/p>\n<p class=\"p1\">Choisissez nos <span class=\"s1\">taies d\u2019oreiller jetables en non-tiss\u00e9<\/span> pour favoriser un voyage plus propre, plus s\u00fbr et plus confortable \u2014 l\u00e0 o\u00f9 l\u2019hygi\u00e8ne rencontre la praticit\u00e9. Nous fournissons \u00e9galement des <span style=\"text-decoration: underline; color: #0000ff;\"><strong><a style=\"color: #0000ff; text-decoration: underline;\" href=\"https:\/\/inflightproduct.com\/disposable-non-woven-headrest-cover\/\">housses d\u2019appuie-t\u00eate jetables en non-tiss\u00e9<\/a><\/strong><\/span>, cliquez pour en savoir plus !<\/p>\n","protected":false},"excerpt":{"rendered":"<p><strong>Caract\u00e9ristiques :<\/strong><\/p>\n<ul>\n<li class=\"p1\"><span class=\"s1\">Mati\u00e8re ignifuge<\/span><\/li>\n<li class=\"p1\"><span class=\"s1\">Hygi\u00e9nique et jetable<\/span><\/li>\n<li class=\"p1\"><span class=\"s1\">Design personnalisable<\/span><\/li>\n<li class=\"p1\"><span class=\"s1\">Solution d\u2019hygi\u00e8ne \u00e9conomique<\/span><\/li>\n<\/ul>\n","protected":false},"featured_media":9818,"comment_status":"open","ping_status":"closed","template":"","meta":[],"product_brand":[],"product_cat":[655,654],"product_tag":[],"class_list":{"0":"post-9814","1":"product","2":"type-product","3":"status-publish","4":"has-post-thumbnail","6":"product_cat-oreillers-et-housses","7":"product_cat-confort-a-bord","8":"sales-flash-overlay","9":"woocommerce-text-align-center","10":"woocommerce-image-align-center","12":"first","13":"instock","14":"featured","15":"shipping-taxable","16":"product-type-simple"},"_links":{"self":[{"href":"https:\/\/inflightproduct.com\/fr\/wp-json\/wp\/v2\/product\/9814","targetHints":{"allow":["GET"]}}],"collection":[{"href":"https:\/\/inflightproduct.com\/fr\/wp-json\/wp\/v2\/product"}],"about":[{"href":"https:\/\/inflightproduct.com\/fr\/wp-json\/wp\/v2\/types\/product"}],"replies":[{"embeddable":true,"href":"https:\/\/inflightproduct.com\/fr\/wp-json\/wp\/v2\/comments?post=9814"}],"wp:featuredmedia":[{"embeddable":true,"href":"https:\/\/inflightproduct.com\/fr\/wp-json\/wp\/v2\/media\/9818"}],"wp:attachment":[{"href":"https:\/\/inflightproduct.com\/fr\/wp-json\/wp\/v2\/media?parent=9814"}],"wp:term":[{"taxonomy":"product_brand","embeddable":true,"href":"https:\/\/inflightproduct.com\/fr\/wp-json\/wp\/v2\/product_brand?post=9814"},{"taxonomy":"product_cat","embeddable":true,"href":"https:\/\/inflightproduct.com\/fr\/wp-json\/wp\/v2\/product_cat?post=9814"},{"taxonomy":"product_tag","embeddable":true,"href":"https:\/\/inflightproduct.com\/fr\/wp-json\/wp\/v2\/product_tag?post=9814"}],"curies":[{"name":"wp","href":"https:\/\/api.w.org\/{rel}","templated":true}]}}