{"id":10006,"date":"2025-04-08T14:15:45","date_gmt":"2025-04-08T14:15:45","guid":{"rendered":"https:\/\/inflightproduct.com\/set-di-posate-monouso-in-fibra-di-bambu\/"},"modified":"2026-03-11T02:37:28","modified_gmt":"2026-03-11T02:37:28","slug":"set-di-posate-monouso-in-fibra-di-bambu","status":"publish","type":"product","link":"https:\/\/inflightproduct.com\/it\/set-di-posate-monouso-in-fibra-di-bambu\/","title":{"rendered":"Set di posate monouso in fibra di bamb\u00f9"},"content":{"rendered":"<p>Vi presentiamo il nostro premium <strong>Set di posate monouso in fibra di bamb\u00f9<\/strong>, progettato per offrire massima praticit\u00e0 e <strong>sostenibilit\u00e0<\/strong>. Ampiamente utilizzato su <strong>aerei<\/strong>, <strong>treni<\/strong>, in <strong>ristoranti<\/strong> e <strong>caff\u00e8<\/strong>, questo set \u00e8 realizzato in fibra di bamb\u00f9 resistente e a rapida crescita. Essendo <strong>100% biodegradabile<\/strong>, rappresenta una scelta <strong>ecologica<\/strong> per diversi contesti di ristorazione.<\/p>\n<p>Rispetto ai tradizionali set di posate in legno o bamb\u00f9, la nostra confezione di posate in fibra di bamb\u00f9 \u00e8 notevolmente <strong>pi\u00f9 leggera<\/strong> pur mantenendo un\u2019eccellente robustezza. Questo non solo la rende pi\u00f9 facile da usare, ma riduce anche l\u2019impatto ambientale legato alla produzione e allo smaltimento. Una delle caratteristiche distintive del nostro set \u00e8 la sua natura <strong>inodore<\/strong>, che garantisce l\u2019assenza di odori sgradevoli all\u2019apertura della confezione. Questa caratteristica \u00e8 particolarmente vantaggiosa per <strong>mantenere il gusto naturale degli alimenti<\/strong>.<\/p>\n<p>I bordi delle nostre posate in fibra di bamb\u00f9 sono accuratamente <strong>levigati<\/strong>, offrendo un\u2019esperienza di consumo confortevole senza il rischio di piccole schegge o superfici ruvide che potrebbero danneggiare la bocca. Questa attenzione ai dettagli garantisce un prodotto di alta qualit\u00e0, sicuro e piacevole da usare.<\/p>\n<p>Inoltre, il nostro set di posate \u00e8 biodegradabile, il che lo rende una scelta responsabile per chi desidera ridurre il proprio impatto ambientale. Scegliendo il nostro set di posate monouso in fibra di bamb\u00f9, contribuite positivamente alla sostenibilit\u00e0 godendo al contempo dei vantaggi di un prodotto superiore. Ideale per diversi contesti di utilizzo, questo set rappresenta una scelta nuova e migliore per la stoviglieria monouso.<\/p>\n","protected":false},"excerpt":{"rendered":"<p>Il nostro set di posate monouso in fibra di bamb\u00f9 \u00e8 ideale per aerei, treni, ristoranti e caff\u00e8. Realizzato in fibra di bamb\u00f9 resistente e a rapida crescita, offre un\u2019alternativa leggera ma robusta alle tradizionali posate in legno o bamb\u00f9.<\/p>\n","protected":false},"featured_media":10007,"comment_status":"open","ping_status":"closed","template":"","meta":[],"product_brand":[],"product_cat":[611,603],"product_tag":[],"class_list":{"0":"post-10006","1":"product","2":"type-product","3":"status-publish","4":"has-post-thumbnail","6":"product_cat-posate","7":"product_cat-tableware","8":"sales-flash-overlay","9":"woocommerce-text-align-center","10":"woocommerce-image-align-center","12":"first","13":"instock","14":"shipping-taxable","15":"product-type-simple"},"_links":{"self":[{"href":"https:\/\/inflightproduct.com\/it\/wp-json\/wp\/v2\/product\/10006","targetHints":{"allow":["GET"]}}],"collection":[{"href":"https:\/\/inflightproduct.com\/it\/wp-json\/wp\/v2\/product"}],"about":[{"href":"https:\/\/inflightproduct.com\/it\/wp-json\/wp\/v2\/types\/product"}],"replies":[{"embeddable":true,"href":"https:\/\/inflightproduct.com\/it\/wp-json\/wp\/v2\/comments?post=10006"}],"wp:featuredmedia":[{"embeddable":true,"href":"https:\/\/inflightproduct.com\/it\/wp-json\/wp\/v2\/media\/10007"}],"wp:attachment":[{"href":"https:\/\/inflightproduct.com\/it\/wp-json\/wp\/v2\/media?parent=10006"}],"wp:term":[{"taxonomy":"product_brand","embeddable":true,"href":"https:\/\/inflightproduct.com\/it\/wp-json\/wp\/v2\/product_brand?post=10006"},{"taxonomy":"product_cat","embeddable":true,"href":"https:\/\/inflightproduct.com\/it\/wp-json\/wp\/v2\/product_cat?post=10006"},{"taxonomy":"product_tag","embeddable":true,"href":"https:\/\/inflightproduct.com\/it\/wp-json\/wp\/v2\/product_tag?post=10006"}],"curies":[{"name":"wp","href":"https:\/\/api.w.org\/{rel}","templated":true}]}}