{"id":9800,"date":"2025-04-08T14:15:45","date_gmt":"2025-04-08T14:15:45","guid":{"rendered":"https:\/\/inflightproduct.com\/federa-monouso-in-tessuto-non-tessuto-per-il-comfort-a-bordo-e-sui-treni\/"},"modified":"2026-03-11T02:37:46","modified_gmt":"2026-03-11T02:37:46","slug":"federa-monouso-in-tessuto-non-tessuto-per-il-comfort-a-bordo-e-sui-treni","status":"publish","type":"product","link":"https:\/\/inflightproduct.com\/it\/federa-monouso-in-tessuto-non-tessuto-per-il-comfort-a-bordo-e-sui-treni\/","title":{"rendered":"Federa monouso in tessuto non tessuto per il comfort a bordo e sui treni"},"content":{"rendered":"<p class=\"p1\">Migliora l\u2019esperienza di viaggio dei tuoi passeggeri con la nostra <span class=\"s1\">federa monouso in tessuto non tessuto<\/span> di alta qualit\u00e0, studiata per soddisfare le esigenze di igiene e comfort del moderno trasporto aereo e ferroviario. Realizzate in pregiato tessuto <strong>non tessuto ignifugo<\/strong>, queste federe contribuiscono a creare un ambiente pi\u00f9 sicuro mantenendo al tempo stesso grande morbidezza e resistenza.<\/p>\n<p class=\"p1\">Ideali per i mezzi pubblici ad alta frequentazione, le nostre <span class=\"s1\">federe monouso in tessuto non tessuto<\/span> offrono una superficie pulita e fresca per ogni utilizzatore, riducendo notevolmente il rischio di contaminazione incrociata. Sia sugli aerei che sui treni, rappresentano un\u2019alternativa pratica ed economica alle fodere tessili riutilizzabili.<\/p>\n<p class=\"p1\">Come affidabile <span class=\"s1\">federa ignifuga per compagnie aeree<\/span>, questo prodotto soddisfa rigorosi standard di settore, offrendo tranquillit\u00e0 sia ai passeggeri sia agli operatori. Il materiale \u00e8 leggero ma sufficientemente resistente per un uso regolare, rimanendo facile da gestire e da smaltire dopo ogni viaggio.<\/p>\n<p class=\"p1\">Ci\u00f2 che distingue le nostre federe \u00e8 la possibilit\u00e0 di personalizzarle in base al tuo brand. Dalla regolazione di spessore e dimensioni all\u2019aggiunta di loghi o motivi personalizzati, le nostre soluzioni di <span class=\"s1\"><b>federa personalizzata in tessuto non tessuto <\/b><\/span>ti consentono di rafforzare in modo discreto l\u2019identit\u00e0 del marchio e valorizzare l\u2019esperienza complessiva del passeggero.<\/p>\n<p class=\"p1\">Inserendo le nostre federe monouso nel servizio di cabina, non solo migliori l\u2019igiene, ma semplifichi anche le operazioni riducendo la necessit\u00e0 di lavanderia. Scelte da aziende di trasporto in tutto il mondo, le nostre federe offrono il perfetto equilibrio tra funzionalit\u00e0, sicurezza e presentazione.<\/p>\n<p class=\"p1\">Scegli le nostre <span class=\"s1\">federe monouso in tessuto non tessuto<\/span> per offrire un viaggio pi\u00f9 pulito, sicuro e confortevole \u2014 dove l\u2019igiene incontra la praticit\u00e0. Forniamo anche <span style=\"text-decoration: underline; color: #0000ff;\"><strong><a style=\"color: #0000ff; text-decoration: underline;\" href=\"https:\/\/inflightproduct.com\/disposable-non-woven-headrest-cover\/\">copritesta monouso in tessuto non tessuto<\/a><\/strong><\/span>, clicca per scoprirne di pi\u00f9!<\/p>\n","protected":false},"excerpt":{"rendered":"<p><strong>Caratteristiche:<\/strong><\/p>\n<ul>\n<li class=\"p1\"><span class=\"s1\">Materiale ignifugo<\/span><\/li>\n<li class=\"p1\"><span class=\"s1\">Igienica e monouso<\/span><\/li>\n<li class=\"p1\"><span class=\"s1\">Design personalizzabile<\/span><\/li>\n<li class=\"p1\"><span class=\"s1\">Soluzione igienica conveniente<\/span><\/li>\n<\/ul>\n","protected":false},"featured_media":9804,"comment_status":"open","ping_status":"closed","template":"","meta":[],"product_brand":[],"product_cat":[605,604],"product_tag":[],"class_list":{"0":"post-9800","1":"product","2":"type-product","3":"status-publish","4":"has-post-thumbnail","6":"product_cat-cuscini-e-federe","7":"product_cat-comfort-a-bordo","8":"sales-flash-overlay","9":"woocommerce-text-align-center","10":"woocommerce-image-align-center","12":"first","13":"instock","14":"featured","15":"shipping-taxable","16":"product-type-simple"},"_links":{"self":[{"href":"https:\/\/inflightproduct.com\/it\/wp-json\/wp\/v2\/product\/9800","targetHints":{"allow":["GET"]}}],"collection":[{"href":"https:\/\/inflightproduct.com\/it\/wp-json\/wp\/v2\/product"}],"about":[{"href":"https:\/\/inflightproduct.com\/it\/wp-json\/wp\/v2\/types\/product"}],"replies":[{"embeddable":true,"href":"https:\/\/inflightproduct.com\/it\/wp-json\/wp\/v2\/comments?post=9800"}],"wp:featuredmedia":[{"embeddable":true,"href":"https:\/\/inflightproduct.com\/it\/wp-json\/wp\/v2\/media\/9804"}],"wp:attachment":[{"href":"https:\/\/inflightproduct.com\/it\/wp-json\/wp\/v2\/media?parent=9800"}],"wp:term":[{"taxonomy":"product_brand","embeddable":true,"href":"https:\/\/inflightproduct.com\/it\/wp-json\/wp\/v2\/product_brand?post=9800"},{"taxonomy":"product_cat","embeddable":true,"href":"https:\/\/inflightproduct.com\/it\/wp-json\/wp\/v2\/product_cat?post=9800"},{"taxonomy":"product_tag","embeddable":true,"href":"https:\/\/inflightproduct.com\/it\/wp-json\/wp\/v2\/product_tag?post=9800"}],"curies":[{"name":"wp","href":"https:\/\/api.w.org\/{rel}","templated":true}]}}