{"id":9570,"date":"2025-04-08T14:15:45","date_gmt":"2025-04-08T14:15:45","guid":{"rendered":"https:\/\/inflightproduct.com\/toalhas-umedecidas-para-companhias-aereas-embalagem-de-aluminio-selada-em-quatro-lados\/"},"modified":"2026-03-11T02:38:02","modified_gmt":"2026-03-11T02:38:02","slug":"toalhas-umedecidas-para-companhias-aereas-embalagem-de-aluminio-selada-em-quatro-lados","status":"publish","type":"product","link":"https:\/\/inflightproduct.com\/pt-br\/toalhas-umedecidas-para-companhias-aereas-embalagem-de-aluminio-selada-em-quatro-lados\/","title":{"rendered":"Toalhas umedecidas para companhias a\u00e9reas \u2013 Embalagem de alum\u00ednio selada em quatro lados"},"content":{"rendered":"<p>O tecido interno das toalhas umedecidas para companhias a\u00e9reas embaladas individualmente \u00e9 feito de n\u00e3o tecido, proporcionando toque macio e delicado. Pode ser personalizado como  ou com fragr\u00e2ncias espec\u00edficas, como , ,  ou , para aprimorar a experi\u00eancia do usu\u00e1rio.<\/p>\n<p>Oferecemos amplas op\u00e7\u00f5es de personaliza\u00e7\u00e3o em tamanho, gramatura e design de embalagem para atender melhor \u00e0s diversas necessidades de nossos clientes. Nossa experi\u00eancia na produ\u00e7\u00e3o de , com  e , nos destaca no mercado. Nossos produtos s\u00e3o confi\u00e1veis e exportados para todo o mundo, atendendo \u00e0s necessidades de companhias a\u00e9reas e restaurantes globalmente. Se voc\u00ea precisa de informa\u00e7\u00f5es detalhadas ou sugest\u00f5es sobre qual tipo de toalha umedecida escolher, nossa equipe est\u00e1 pronta para ajudar. Se estiver procurando mais op\u00e7\u00f5es de toalhas umedecidas personalizadas da China, clique para visitar nossa linha de produtos de .<\/p>\n","protected":false},"excerpt":{"rendered":"<p><strong>Features of Airline Wet Towels &#8211; Four-Side Sealed, Aluminum Pack:<\/strong><\/p>\n<ul>\n<li>Ensure moisture for long-term storage<\/li>\n<li>High-end silver-grey frosted look<\/li>\n<li>Multiple scents available<\/li>\n<li>High quality with competitive price<\/li>\n<li>Ideal for EY, Premium EY, Boutique airlines cabin service<\/li>\n<li>Can be used in in-flight service, trains, restaurants, hotels, etc.<\/li>\n<\/ul>\n","protected":false},"featured_media":9571,"comment_status":"open","ping_status":"closed","template":"","meta":[],"product_brand":[],"product_cat":[749,753],"product_tag":[],"class_list":{"0":"post-9570","1":"product","2":"type-product","3":"status-publish","4":"has-post-thumbnail","6":"product_cat-lencos-umedecidos-e-toalhas","7":"product_cat-produtos-de-conforto-de-bordo","8":"sales-flash-overlay","9":"woocommerce-text-align-center","10":"woocommerce-image-align-center","12":"first","13":"instock","14":"featured","15":"shipping-taxable","16":"product-type-simple"},"_links":{"self":[{"href":"https:\/\/inflightproduct.com\/pt-br\/wp-json\/wp\/v2\/product\/9570","targetHints":{"allow":["GET"]}}],"collection":[{"href":"https:\/\/inflightproduct.com\/pt-br\/wp-json\/wp\/v2\/product"}],"about":[{"href":"https:\/\/inflightproduct.com\/pt-br\/wp-json\/wp\/v2\/types\/product"}],"replies":[{"embeddable":true,"href":"https:\/\/inflightproduct.com\/pt-br\/wp-json\/wp\/v2\/comments?post=9570"}],"wp:featuredmedia":[{"embeddable":true,"href":"https:\/\/inflightproduct.com\/pt-br\/wp-json\/wp\/v2\/media\/9571"}],"wp:attachment":[{"href":"https:\/\/inflightproduct.com\/pt-br\/wp-json\/wp\/v2\/media?parent=9570"}],"wp:term":[{"taxonomy":"product_brand","embeddable":true,"href":"https:\/\/inflightproduct.com\/pt-br\/wp-json\/wp\/v2\/product_brand?post=9570"},{"taxonomy":"product_cat","embeddable":true,"href":"https:\/\/inflightproduct.com\/pt-br\/wp-json\/wp\/v2\/product_cat?post=9570"},{"taxonomy":"product_tag","embeddable":true,"href":"https:\/\/inflightproduct.com\/pt-br\/wp-json\/wp\/v2\/product_tag?post=9570"}],"curies":[{"name":"wp","href":"https:\/\/api.w.org\/{rel}","templated":true}]}}