{"id":9666,"date":"2025-04-08T14:15:45","date_gmt":"2025-04-08T14:15:45","guid":{"rendered":"https:\/\/inflightproduct.com\/capa-descartavel-de-apoio-de-cabeca-em-nao-tecido\/"},"modified":"2026-03-11T02:37:53","modified_gmt":"2026-03-11T02:37:53","slug":"capa-descartavel-de-apoio-de-cabeca-em-nao-tecido","status":"publish","type":"product","link":"https:\/\/inflightproduct.com\/pt-br\/capa-descartavel-de-apoio-de-cabeca-em-nao-tecido\/","title":{"rendered":"Capa descart\u00e1vel de apoio de cabe\u00e7a em n\u00e3o tecido"},"content":{"rendered":"<p>Desenvolvida para proporcionar mais higiene e conforto aos passageiros em <strong>avi\u00f5es<\/strong>, <strong>trens<\/strong> e <strong>\u00f4nibus<\/strong>. Nossa capa descart\u00e1vel de apoio de cabe\u00e7a em n\u00e3o tecido \u00e9 fabricada com <strong>material n\u00e3o tecido retardante de chamas<\/strong>, garantindo seguran\u00e7a e durabilidade em conformidade com rigorosos padr\u00f5es do setor.<\/p>\n<p>Nossas capas de apoio de cabe\u00e7a para bordo podem ser personalizadas de acordo com a sua marca, seja em cor \u00fanica ou com impress\u00e3o rica e vibrante. Essa personaliza\u00e7\u00e3o n\u00e3o apenas melhora a apar\u00eancia dos assentos, como tamb\u00e9m funciona como uma ferramenta eficiente de branding. Al\u00e9m disso, oferecemos op\u00e7\u00f5es <strong>\u00e0 prova d\u2019\u00e1gua<\/strong> para proteger melhor os apoios de cabe\u00e7a contra derramamentos e manchas, assegurando uma experi\u00eancia mais limpa e agrad\u00e1vel aos passageiros.<\/p>\n<p>As capas foram projetadas para uma fixa\u00e7\u00e3o f\u00e1cil e segura. Podem ser presas ao encosto do assento com <strong>duas tiras<\/strong> ou <strong>Velcro<\/strong>, garantindo ajuste firme durante toda a viagem. Essa versatilidade as torna adequadas para diferentes configura\u00e7\u00f5es de assentos e facilita a instala\u00e7\u00e3o.<\/p>\n<p>Nossas capas descart\u00e1veis de apoio de cabe\u00e7a em n\u00e3o tecido s\u00e3o uma solu\u00e7\u00e3o pr\u00e1tica para manter a higiene no transporte p\u00fablico, reduzir a necessidade de limpezas frequentes e minimizar o risco de contamina\u00e7\u00e3o. S\u00e3o leves, f\u00e1ceis de descartar e oferecem uma superf\u00edcie limpa e renovada para cada passageiro.<\/p>\n<p>Ao escolher nossas capas descart\u00e1veis de apoio de cabe\u00e7a, voc\u00ea investe no conforto e na satisfa\u00e7\u00e3o dos passageiros, ao mesmo tempo em que promove um ambiente de viagem limpo e seguro. Nossos produtos s\u00e3o confiados por empresas de transporte l\u00edderes em todo o mundo, reconhecidos por sua confiabilidade e qualidade superior.<\/p>\n","protected":false},"excerpt":{"rendered":"<p><strong>Caracter\u00edsticas:\u00a0<\/strong><\/p>\n<ul>\n<li class=\"p1\">Material n\u00e3o tecido retardante de chamas<\/li>\n<li class=\"p1\">Op\u00e7\u00f5es de personaliza\u00e7\u00e3o da marca<\/li>\n<li class=\"p1\">Fixa\u00e7\u00e3o segura e vers\u00e1til<\/li>\n<li class=\"p1\">Descart\u00e1vel, higi\u00eanico e pr\u00e1tico<b><\/b><\/li>\n<\/ul>\n","protected":false},"featured_media":9670,"comment_status":"open","ping_status":"closed","template":"","meta":[],"product_brand":[],"product_cat":[770,753],"product_tag":[],"class_list":{"0":"post-9666","1":"product","2":"type-product","3":"status-publish","4":"has-post-thumbnail","6":"product_cat-capas-para-encosto-de-cabeca","7":"product_cat-produtos-de-conforto-de-bordo","8":"sales-flash-overlay","9":"woocommerce-text-align-center","10":"woocommerce-image-align-center","12":"first","13":"instock","14":"featured","15":"shipping-taxable","16":"product-type-simple"},"_links":{"self":[{"href":"https:\/\/inflightproduct.com\/pt-br\/wp-json\/wp\/v2\/product\/9666","targetHints":{"allow":["GET"]}}],"collection":[{"href":"https:\/\/inflightproduct.com\/pt-br\/wp-json\/wp\/v2\/product"}],"about":[{"href":"https:\/\/inflightproduct.com\/pt-br\/wp-json\/wp\/v2\/types\/product"}],"replies":[{"embeddable":true,"href":"https:\/\/inflightproduct.com\/pt-br\/wp-json\/wp\/v2\/comments?post=9666"}],"wp:featuredmedia":[{"embeddable":true,"href":"https:\/\/inflightproduct.com\/pt-br\/wp-json\/wp\/v2\/media\/9670"}],"wp:attachment":[{"href":"https:\/\/inflightproduct.com\/pt-br\/wp-json\/wp\/v2\/media?parent=9666"}],"wp:term":[{"taxonomy":"product_brand","embeddable":true,"href":"https:\/\/inflightproduct.com\/pt-br\/wp-json\/wp\/v2\/product_brand?post=9666"},{"taxonomy":"product_cat","embeddable":true,"href":"https:\/\/inflightproduct.com\/pt-br\/wp-json\/wp\/v2\/product_cat?post=9666"},{"taxonomy":"product_tag","embeddable":true,"href":"https:\/\/inflightproduct.com\/pt-br\/wp-json\/wp\/v2\/product_tag?post=9666"}],"curies":[{"name":"wp","href":"https:\/\/api.w.org\/{rel}","templated":true}]}}