{"id":9779,"date":"2025-04-08T14:15:45","date_gmt":"2025-04-08T14:15:45","guid":{"rendered":"https:\/\/inflightproduct.com\/fronha-descartavel-de-nao-tecido-para-conforto-a-bordo-e-em-trens\/"},"modified":"2026-03-11T02:37:44","modified_gmt":"2026-03-11T02:37:44","slug":"fronha-descartavel-de-nao-tecido-para-conforto-a-bordo-e-em-trens","status":"publish","type":"product","link":"https:\/\/inflightproduct.com\/pt-br\/fronha-descartavel-de-nao-tecido-para-conforto-a-bordo-e-em-trens\/","title":{"rendered":"Fronha descart\u00e1vel de n\u00e3o tecido para conforto a bordo e em trens"},"content":{"rendered":"<p class=\"p1\">Eleve a experi\u00eancia de viagem dos seus passageiros com nossa <span class=\"s1\">fronha descart\u00e1vel de n\u00e3o tecido<\/span> de alta qualidade, desenvolvida cuidadosamente para atender \u00e0s necessidades de higiene e conforto das viagens a\u00e9reas e ferrovi\u00e1rias modernas. Produzidas com tecido <strong>n\u00e3o tecido retardante de chama<\/strong> premium, essas fronhas ajudam a proporcionar um ambiente mais seguro sem abrir m\u00e3o da maciez e da durabilidade.<\/p>\n<p class=\"p1\">Ideais para ambientes de transporte p\u00fablico com alto fluxo, nossas <span class=\"s1\">fronhas descart\u00e1veis de n\u00e3o tecido<\/span> oferecem uma superf\u00edcie limpa e fresca para cada usu\u00e1rio, reduzindo significativamente o risco de contamina\u00e7\u00e3o cruzada. Seja em avi\u00f5es ou em trens, elas representam uma alternativa pr\u00e1tica e econ\u00f4mica \u00e0s capas t\u00eaxteis reutiliz\u00e1veis.<\/p>\n<p class=\"p1\">Como uma confi\u00e1vel <span class=\"s1\">fronha retardante de chama para companhias a\u00e9reas<\/span>, este produto atende a rigorosos padr\u00f5es do setor, oferecendo tranquilidade tanto para passageiros quanto para operadores. O material \u00e9 leve, mas resistente o suficiente para suportar o uso regular, al\u00e9m de ser f\u00e1cil de manusear e descartar ap\u00f3s cada viagem.<\/p>\n<p class=\"p1\">O grande diferencial de nossas fronhas \u00e9 a possibilidade de personaliza\u00e7\u00e3o conforme a sua marca. Desde o ajuste de espessura e tamanho at\u00e9 a inclus\u00e3o de logotipos ou padr\u00f5es personalizados, nossas solu\u00e7\u00f5es de <span class=\"s1\"><b>fronha de n\u00e3o tecido personalizada <\/b><\/span>permitem refor\u00e7ar sutilmente a identidade da marca e elevar a experi\u00eancia geral do passageiro.<\/p>\n<p class=\"p1\">Ao incorporar nossas fronhas descart\u00e1veis ao servi\u00e7o de cabine, voc\u00ea n\u00e3o apenas melhora a higiene, como tamb\u00e9m otimiza as opera\u00e7\u00f5es ao reduzir a necessidade de lavanderia. Confiadas por empresas de transporte em todo o mundo, nossas fronhas oferecem o equil\u00edbrio ideal entre funcionalidade, seguran\u00e7a e apresenta\u00e7\u00e3o.<\/p>\n<p class=\"p1\">Escolha nossas <span class=\"s1\">fronhas descart\u00e1veis de n\u00e3o tecido<\/span> para apoiar uma viagem mais limpa, segura e confort\u00e1vel \u2014 onde a higiene encontra a praticidade. Tamb\u00e9m fornecemos <span style=\"text-decoration: underline; color: #0000ff;\"><strong><a style=\"color: #0000ff; text-decoration: underline;\" href=\"https:\/\/inflightproduct.com\/disposable-non-woven-headrest-cover\/\">capas descart\u00e1veis de n\u00e3o tecido para apoio de cabe\u00e7a<\/a><\/strong><\/span>; clique para saber mais!<\/p>\n","protected":false},"excerpt":{"rendered":"<p><strong>Caracter\u00edsticas:<\/strong><\/p>\n<ul>\n<li class=\"p1\"><span class=\"s1\">Material retardante de chama<\/span><\/li>\n<li class=\"p1\"><span class=\"s1\">Higi\u00eanica e descart\u00e1vel<\/span><\/li>\n<li class=\"p1\"><span class=\"s1\">Design personaliz\u00e1vel<\/span><\/li>\n<li class=\"p1\"><span class=\"s1\">Solu\u00e7\u00e3o de higiene econ\u00f4mica<\/span><\/li>\n<\/ul>\n","protected":false},"featured_media":9783,"comment_status":"open","ping_status":"closed","template":"","meta":[],"product_brand":[],"product_cat":[754,753],"product_tag":[],"class_list":{"0":"post-9779","1":"product","2":"type-product","3":"status-publish","4":"has-post-thumbnail","6":"product_cat-travesseiros-e-fronhas","7":"product_cat-produtos-de-conforto-de-bordo","8":"sales-flash-overlay","9":"woocommerce-text-align-center","10":"woocommerce-image-align-center","12":"first","13":"instock","14":"featured","15":"shipping-taxable","16":"product-type-simple"},"_links":{"self":[{"href":"https:\/\/inflightproduct.com\/pt-br\/wp-json\/wp\/v2\/product\/9779","targetHints":{"allow":["GET"]}}],"collection":[{"href":"https:\/\/inflightproduct.com\/pt-br\/wp-json\/wp\/v2\/product"}],"about":[{"href":"https:\/\/inflightproduct.com\/pt-br\/wp-json\/wp\/v2\/types\/product"}],"replies":[{"embeddable":true,"href":"https:\/\/inflightproduct.com\/pt-br\/wp-json\/wp\/v2\/comments?post=9779"}],"wp:featuredmedia":[{"embeddable":true,"href":"https:\/\/inflightproduct.com\/pt-br\/wp-json\/wp\/v2\/media\/9783"}],"wp:attachment":[{"href":"https:\/\/inflightproduct.com\/pt-br\/wp-json\/wp\/v2\/media?parent=9779"}],"wp:term":[{"taxonomy":"product_brand","embeddable":true,"href":"https:\/\/inflightproduct.com\/pt-br\/wp-json\/wp\/v2\/product_brand?post=9779"},{"taxonomy":"product_cat","embeddable":true,"href":"https:\/\/inflightproduct.com\/pt-br\/wp-json\/wp\/v2\/product_cat?post=9779"},{"taxonomy":"product_tag","embeddable":true,"href":"https:\/\/inflightproduct.com\/pt-br\/wp-json\/wp\/v2\/product_tag?post=9779"}],"curies":[{"name":"wp","href":"https:\/\/api.w.org\/{rel}","templated":true}]}}