{"id":9985,"date":"2025-04-08T14:15:45","date_gmt":"2025-04-08T14:15:45","guid":{"rendered":"https:\/\/inflightproduct.com\/conjunto-descartavel-de-talheres-de-fibra-de-bambu\/"},"modified":"2026-03-11T02:37:26","modified_gmt":"2026-03-11T02:37:26","slug":"conjunto-descartavel-de-talheres-de-fibra-de-bambu","status":"publish","type":"product","link":"https:\/\/inflightproduct.com\/pt-br\/conjunto-descartavel-de-talheres-de-fibra-de-bambu\/","title":{"rendered":"Conjunto descart\u00e1vel de talheres de fibra de bambu"},"content":{"rendered":"<p>Apresentamos nosso premium <strong>Conjunto Descart\u00e1vel de Talheres de Fibra de Bambu<\/strong>, desenvolvido para oferecer m\u00e1xima praticidade e <strong>sustentabilidade<\/strong>. Amplamente utilizado em <strong>avi\u00f5es<\/strong>, <strong>trens<\/strong>, <strong>restaurantes<\/strong> e <strong>caf\u00e9s<\/strong>, esse conjunto \u00e9 fabricado com fibra de bambu resistente e de r\u00e1pido crescimento, sendo <strong>100% biodegrad\u00e1vel<\/strong>, o que o torna uma op\u00e7\u00e3o <strong>ecol\u00f3gica<\/strong> para diversos ambientes de refei\u00e7\u00e3o.<\/p>\n<p>Em compara\u00e7\u00e3o com os conjuntos tradicionais de madeira ou bambu, nosso kit de talheres de fibra de bambu \u00e9 significativamente <strong>mais leve<\/strong>, mantendo excelente resist\u00eancia. Isso n\u00e3o s\u00f3 facilita o manuseio, como tamb\u00e9m reduz a pegada ambiental associada \u00e0 produ\u00e7\u00e3o e ao descarte. Um dos grandes diferenciais do nosso conjunto \u00e9 sua caracter\u00edstica <strong>sem odor<\/strong>, garantindo que n\u00e3o haja cheiros desagrad\u00e1veis ao abrir a embalagem. Esse aspecto \u00e9 especialmente vantajoso para <strong>preservar o sabor natural dos alimentos<\/strong>.<\/p>\n<p>As bordas dos nossos talheres de fibra de bambu s\u00e3o cuidadosamente <strong>alisadas<\/strong>, proporcionando uma experi\u00eancia de refei\u00e7\u00e3o confort\u00e1vel, sem o risco de pequenas farpas ou superf\u00edcies \u00e1speras que possam machucar a boca. Essa aten\u00e7\u00e3o aos detalhes no design assegura um produto de alta qualidade, seguro e agrad\u00e1vel de usar.<\/p>\n<p>Al\u00e9m disso, nosso conjunto de talheres \u00e9 biodegrad\u00e1vel, tornando-se uma escolha respons\u00e1vel para quem busca reduzir o impacto ambiental. Ao escolher nosso conjunto descart\u00e1vel de talheres de fibra de bambu, voc\u00ea contribui positivamente para a sustentabilidade enquanto desfruta dos benef\u00edcios de um produto superior. Ideal para diversos contextos de uso, este conjunto \u00e9 a nova e melhor op\u00e7\u00e3o para utens\u00edlios descart\u00e1veis de alimenta\u00e7\u00e3o.<\/p>\n","protected":false},"excerpt":{"rendered":"<p>Nosso conjunto descart\u00e1vel de talheres de fibra de bambu \u00e9 ideal para avi\u00f5es, trens, restaurantes e caf\u00e9s. Feito de fibra de bambu resistente e de r\u00e1pido crescimento, oferece uma alternativa leve, por\u00e9m robusta, aos talheres tradicionais de madeira ou bambu.<\/p>\n","protected":false},"featured_media":9986,"comment_status":"open","ping_status":"closed","template":"","meta":[],"product_brand":[],"product_cat":[760,752],"product_tag":[],"class_list":{"0":"post-9985","1":"product","2":"type-product","3":"status-publish","4":"has-post-thumbnail","6":"product_cat-talheres","7":"product_cat-louca-de-mesa","8":"sales-flash-overlay","9":"woocommerce-text-align-center","10":"woocommerce-image-align-center","12":"first","13":"instock","14":"shipping-taxable","15":"product-type-simple"},"_links":{"self":[{"href":"https:\/\/inflightproduct.com\/pt-br\/wp-json\/wp\/v2\/product\/9985","targetHints":{"allow":["GET"]}}],"collection":[{"href":"https:\/\/inflightproduct.com\/pt-br\/wp-json\/wp\/v2\/product"}],"about":[{"href":"https:\/\/inflightproduct.com\/pt-br\/wp-json\/wp\/v2\/types\/product"}],"replies":[{"embeddable":true,"href":"https:\/\/inflightproduct.com\/pt-br\/wp-json\/wp\/v2\/comments?post=9985"}],"wp:featuredmedia":[{"embeddable":true,"href":"https:\/\/inflightproduct.com\/pt-br\/wp-json\/wp\/v2\/media\/9986"}],"wp:attachment":[{"href":"https:\/\/inflightproduct.com\/pt-br\/wp-json\/wp\/v2\/media?parent=9985"}],"wp:term":[{"taxonomy":"product_brand","embeddable":true,"href":"https:\/\/inflightproduct.com\/pt-br\/wp-json\/wp\/v2\/product_brand?post=9985"},{"taxonomy":"product_cat","embeddable":true,"href":"https:\/\/inflightproduct.com\/pt-br\/wp-json\/wp\/v2\/product_cat?post=9985"},{"taxonomy":"product_tag","embeddable":true,"href":"https:\/\/inflightproduct.com\/pt-br\/wp-json\/wp\/v2\/product_tag?post=9985"}],"curies":[{"name":"wp","href":"https:\/\/api.w.org\/{rel}","templated":true}]}}