{"id":10039,"date":"2025-04-08T14:15:45","date_gmt":"2025-04-08T14:15:45","guid":{"rendered":"https:\/\/inflightproduct.com\/havayollari-icin-atlas-abs-2-3-boy-yemek-tepsisi\/"},"modified":"2026-03-11T02:37:14","modified_gmt":"2026-03-11T02:37:14","slug":"havayollari-icin-atlas-abs-2-3-boy-yemek-tepsisi","status":"publish","type":"product","link":"https:\/\/inflightproduct.com\/tr\/havayollari-icin-atlas-abs-2-3-boy-yemek-tepsisi\/","title":{"rendered":"Havayollar\u0131 i\u00e7in ATLAS ABS 2\/3 boy yemek tepsisi"},"content":{"rendered":"<p>U\u00e7ak ve tren ikram hizmetlerinin y\u00fcksek gereksinimlerini kar\u015f\u0131lamak \u00fczere tasarlanan havayollar\u0131 i\u00e7in ATLAS ABS 2\/3 boy yemek tepsimizi sunuyoruz.  \u00fcretilen bu tepsi, uzun \u00f6m\u00fcrl\u00fc performans ve g\u00fcvenilirlik sa\u011flayarak seyahat catering operasyonlar\u0131 i\u00e7in vazge\u00e7ilmez bir \u00e7\u00f6z\u00fcm sunar. Tepsi, havac\u0131l\u0131k ve demiryolu sekt\u00f6rlerinde yayg\u0131n olarak kabul g\u00f6ren  uygundur; b\u00f6ylece mevcut ekipmanlarla uyumluluk ve hizmet s\u00fcre\u00e7lerine sorunsuz entegrasyon sa\u011flar.<\/p>\n<p>2\/3 boy u\u00e7ak yemek tepsimiz s\u0131k kullan\u0131ma dayanacak \u015fekilde tasarlanm\u0131\u015ft\u0131r ve zaman i\u00e7inde yap\u0131sal b\u00fct\u00fcnl\u00fc\u011f\u00fcn\u00fc ve g\u00f6r\u00fcn\u00fcm\u00fcn\u00fc korur. Sa\u011flam ABS malzeme darbeye, \u0131s\u0131ya ve kimyasal etkilere kar\u015f\u0131 m\u00fckemmel diren\u00e7 sunar; bu da \u00fcr\u00fcn\u00fc farkl\u0131 catering ortamlar\u0131 i\u00e7in uygun hale getirir.<\/p>\n<p>ATLAS 2\/3 yemek tepsisi,  ile ayn\u0131 y\u00fcksek \u00fcretim kalitesi ve dayan\u0131kl\u0131l\u0131\u011f\u0131 korurken daha kompakt bir \u00f6l\u00e7\u00fc sunar. Bu daha k\u00fc\u00e7\u00fck boyut, servis tasar\u0131m\u0131 ve yemek yerle\u015fiminde daha fazla esneklik sa\u011flayarak \u00f6zel alan veya servis ihtiya\u00e7lar\u0131 olan m\u00fc\u015fteriler i\u00e7in ideal bir se\u00e7im olu\u015fturur. \u0130ster u\u00e7akta, ister trende ya da ba\u015fka bir ula\u015f\u0131m hizmetinde yemek servisi yap\u0131yor olun, tepsimiz verimli ve \u015f\u0131k bir \u00e7\u00f6z\u00fcm sunar.<\/p>\n<p>Havayollar\u0131 i\u00e7in ATLAS ABS 2\/3 boy yemek tepsimiz, alan\u0131 optimize ederken yemekleri verimli \u015fekilde sunmak i\u00e7in idealdir. \u00d6zelle\u015ftirme se\u00e7enekleri sayesinde tepsiyi markan\u0131za ve operasyonel gereksinimlerinize g\u00f6re uyarlayabilir, hizmetinizin kalite ve stil a\u00e7\u0131s\u0131ndan \u00f6ne \u00e7\u0131kmas\u0131n\u0131 sa\u011flayabiliriz.<\/p>\n","protected":false},"excerpt":{"rendered":"<p>Dayan\u0131kl\u0131 ABS malzemeden \u00fcretilen havayollar\u0131 i\u00e7in ATLAS ABS 2\/3 boy yemek tepsimiz u\u00e7aklar ve trenler i\u00e7in idealdir. Standart tam boy tepsiye g\u00f6re daha kompakt ve esnek bir alternatif sunarken y\u00fcksek kalite ve g\u00fcvenilirli\u011fi korur.<\/p>\n","protected":false},"featured_media":10040,"comment_status":"open","ping_status":"closed","template":"","meta":[],"product_brand":[],"product_cat":[576,578],"product_tag":[],"class_list":{"0":"post-10039","1":"product","2":"type-product","3":"status-publish","4":"has-post-thumbnail","6":"product_cat-yemek-tepsileri-ve-tepsi-altliklari","7":"product_cat-sofra-urunleri","8":"sales-flash-overlay","9":"woocommerce-text-align-center","10":"woocommerce-image-align-center","12":"first","13":"instock","14":"shipping-taxable","15":"product-type-simple"},"_links":{"self":[{"href":"https:\/\/inflightproduct.com\/tr\/wp-json\/wp\/v2\/product\/10039","targetHints":{"allow":["GET"]}}],"collection":[{"href":"https:\/\/inflightproduct.com\/tr\/wp-json\/wp\/v2\/product"}],"about":[{"href":"https:\/\/inflightproduct.com\/tr\/wp-json\/wp\/v2\/types\/product"}],"replies":[{"embeddable":true,"href":"https:\/\/inflightproduct.com\/tr\/wp-json\/wp\/v2\/comments?post=10039"}],"wp:featuredmedia":[{"embeddable":true,"href":"https:\/\/inflightproduct.com\/tr\/wp-json\/wp\/v2\/media\/10040"}],"wp:attachment":[{"href":"https:\/\/inflightproduct.com\/tr\/wp-json\/wp\/v2\/media?parent=10039"}],"wp:term":[{"taxonomy":"product_brand","embeddable":true,"href":"https:\/\/inflightproduct.com\/tr\/wp-json\/wp\/v2\/product_brand?post=10039"},{"taxonomy":"product_cat","embeddable":true,"href":"https:\/\/inflightproduct.com\/tr\/wp-json\/wp\/v2\/product_cat?post=10039"},{"taxonomy":"product_tag","embeddable":true,"href":"https:\/\/inflightproduct.com\/tr\/wp-json\/wp\/v2\/product_tag?post=10039"}],"curies":[{"name":"wp","href":"https:\/\/api.w.org\/{rel}","templated":true}]}}