{"id":9338,"date":"2025-08-16T01:30:32","date_gmt":"2025-08-16T01:30:32","guid":{"rendered":"https:\/\/inflightproduct.com\/premium-economy-class-kagit-yemek-kutusu-dayanikli-beyaz-karton-havayolu-atistirmalik-kutusu\/"},"modified":"2026-03-11T02:38:16","modified_gmt":"2026-03-11T02:38:16","slug":"premium-economy-class-kagit-yemek-kutusu-dayanikli-beyaz-karton-havayolu-atistirmalik-kutusu","status":"publish","type":"product","link":"https:\/\/inflightproduct.com\/tr\/premium-economy-class-kagit-yemek-kutusu-dayanikli-beyaz-karton-havayolu-atistirmalik-kutusu\/","title":{"rendered":"Premium Economy Class Ka\u011f\u0131t Yemek Kutusu \u2013 Dayan\u0131kl\u0131 Beyaz Karton Havayolu At\u0131\u015ft\u0131rmal\u0131k Kutusu"},"content":{"rendered":"<h2 class=\"p1\">Genel Bak\u0131\u015f<b><\/b><\/h2>\n<p class=\"p2\">Ekonomi s\u0131n\u0131f\u0131 i\u00e7in tasarlanan ka\u011f\u0131t <em><strong><a href=\"https:\/\/inflightproduct.com\/meal-boxes-casseroles\/\"><span style=\"text-decoration: underline;\"><span style=\"color: #0000ff; text-decoration: underline;\">yemek kutumuz<\/span><\/span><\/a><\/strong><\/em>, dayan\u0131kl\u0131l\u0131k, sunum ve i\u015flevselli\u011fin e\u015fit derecede \u00f6nemli oldu\u011fu havayolu ikram hizmetleri i\u00e7in geli\u015ftirilmi\u015ftir. G\u00fc\u00e7lendirilmi\u015f kal\u0131n beyaz kartondan \u00fcretilen bu kutu, u\u00e7ak i\u00e7i servis i\u00e7in hafif kal\u0131rken sa\u011flam ve premium bir g\u00f6r\u00fcn\u00fcm sunar.<\/p>\n<h2 class=\"p1\">\u00d6zellikler<b><\/b><\/h2>\n<ul>\n<li class=\"p1\"><span class=\"s1\"><b>Boyut:<\/b><\/span> 18.9 \u00d7 13.8 \u00d7 5 cm<\/li>\n<li class=\"p1\"><span class=\"s1\"><b>Malzeme:<\/b><\/span> Geli\u015ftirilmi\u015f kal\u0131n beyaz karton<\/li>\n<li class=\"p1\"><span class=\"s1\"><b>Bask\u0131:<\/b><\/span> \u0130\u00e7 ve d\u0131\u015f y\u00fczeyde y\u00fcksek kaliteli \u00f6zel bask\u0131 se\u00e7ene\u011fi<\/li>\n<li class=\"p1\"><span class=\"s1\"><b>G\u0131da g\u00fcvenli\u011fi:<\/b><\/span> G\u0131da ile temasa uygun malzemeden \u00fcretilmi\u015f olup paketli g\u0131dalarla do\u011frudan temasa uygundur<\/li>\n<\/ul>\n<h2 class=\"p1\">Kullan\u0131m Alanlar\u0131<b><\/b><\/h2>\n<p class=\"p2\">Boyutu; kuruyemi\u015f, bisk\u00fcvi, k\u00fc\u00e7\u00fck ekmekler, <span style=\"text-decoration: underline; color: #0000ff;\"><strong><em><a style=\"color: #0000ff; text-decoration: underline;\" href=\"https:\/\/inflightproduct.com\/tr\/cutlery\/\">\u00e7atal-b\u0131\u00e7ak seti<\/a><\/em><\/strong><\/span>, <span style=\"text-decoration: underline; color: #0000ff;\"><strong><em><a style=\"color: #0000ff; text-decoration: underline;\" href=\"https:\/\/inflightproduct.com\/wet-wipes-towels\/\">\u0131slak mendil<\/a><\/em><\/strong><\/span>, yo\u011furt ve daha bir\u00e7ok at\u0131\u015ft\u0131rmal\u0131k i\u00e7in idealdir. \u00d6zellikle sabah u\u00e7u\u015flar\u0131nda hafif at\u0131\u015ft\u0131rmal\u0131k servisi i\u00e7in uygundur; ayr\u0131ca ana yemeklerle birlikte sunularak yolculara ek ikramlar da sa\u011flayabilir.<\/p>\n<h2 class=\"p1\">Marka Avantaj\u0131<b><\/b><\/h2>\n<p class=\"p2\">\u0130\u00e7 ve d\u0131\u015f y\u00fczeyde premium bask\u0131 sayesinde markan\u0131z farkl\u0131 a\u00e7\u0131lardan g\u00f6r\u00fcn\u00fcr hale gelir; bu da kal\u0131c\u0131 bir izlenim yarat\u0131r ve yolcu deneyimini g\u00fc\u00e7lendirir.<\/p>\n<h2 class=\"p1\">\u00d6ne \u00c7\u0131kan \u00d6zellikler<b><\/b><\/h2>\n<ul>\n<li class=\"p1\">Servis s\u0131ras\u0131nda i\u00e7eri\u011fi koruyan sa\u011flam yap\u0131<\/li>\n<li class=\"p1\">At\u0131\u015ft\u0131rmal\u0131k servisi i\u00e7in uygun<\/li>\n<li class=\"p1\">\u00d6l\u00e7\u00fc, tasar\u0131m ve bask\u0131da tamamen \u00f6zelle\u015ftirilebilir (bir di\u011fer pop\u00fcler \u00f6l\u00e7\u00fc <span style=\"text-decoration: underline; color: #0000ff;\"><em><a style=\"color: #0000ff;\" href=\"https:\/\/inflightproduct.com\/disposable-airline-paper-meal-box-for-economy-class\/\"><strong>Havayolu Ka\u011f\u0131t Yemek Kutusu L27 x W18 x H5cm<\/strong><\/a><\/em><\/span>)<\/li>\n<li class=\"p1\">\u00c7ok ama\u00e7l\u0131 kullan\u0131m: havayolu ikram\u0131, tren servisi, kurumsal etkinlikler<\/li>\n<\/ul>\n<p><span class=\"s1\">U\u00e7ak i\u00e7i ikram malzemeleri<\/span> i\u00e7in g\u00fcvenilir bir <span class=\"s1\">\u00f6zel <span style=\"color: #0000ff;\"><em><span style=\"text-decoration: underline;\"><strong><a style=\"color: #0000ff; text-decoration: underline;\" href=\"https:\/\/inflightproduct.com\/meal-boxes-casseroles\/\">tek kullan\u0131ml\u0131k ka\u011f\u0131t yemek kutusu<\/a><\/strong><\/span><\/em><\/span> \u00fcreticisi<\/span> mi ar\u0131yorsunuz? Shanghai Yiting, tasar\u0131m\u0131n\u0131za uygun <span class=\"s1\">OEM u\u00e7ak i\u00e7i yemek kutular\u0131<\/span> sunarak kalite, h\u0131zl\u0131 teslimat ve rekabet\u00e7i fiyat sa\u011flar. <span class=\"s1\"><span style=\"color: #0000ff;\"><a style=\"color: #0000ff;\" href=\"https:\/\/inflightproduct.com\/contact\/\"><em><span style=\"text-decoration: underline;\"><strong>Bizimle ileti\u015fime ge\u00e7in<\/strong><\/span><\/em><\/a><\/span> ve projenize bug\u00fcn ba\u015flay\u0131n!<\/span><\/p>\n","protected":false},"excerpt":{"rendered":"<p class=\"p1\">Ekstra dayan\u0131kl\u0131l\u0131k ve premium bir his i\u00e7in kal\u0131nla\u015ft\u0131r\u0131lm\u0131\u015f beyaz kartondan \u00fcretilmi\u015f ekonomi s\u0131n\u0131f\u0131 ka\u011f\u0131t yemek kutusu. At\u0131\u015ft\u0131rmal\u0131klar veya hafif \u00f6\u011f\u00fcnler i\u00e7in idealdir; i\u00e7 ve d\u0131\u015f y\u00fczeylere \u00f6zel bask\u0131 ile markan\u0131z\u0131 g\u00fc\u00e7lendirir.<\/p>\n","protected":false},"featured_media":9339,"comment_status":"open","ping_status":"closed","template":"","meta":[],"product_brand":[],"product_cat":[585,578],"product_tag":[],"class_list":{"0":"post-9338","1":"product","2":"type-product","3":"status-publish","4":"has-post-thumbnail","6":"product_cat-yemek-kutulari-ve-kaseroller","7":"product_cat-sofra-urunleri","8":"sales-flash-overlay","9":"woocommerce-text-align-center","10":"woocommerce-image-align-center","12":"first","13":"instock","14":"shipping-taxable","15":"product-type-simple"},"_links":{"self":[{"href":"https:\/\/inflightproduct.com\/tr\/wp-json\/wp\/v2\/product\/9338","targetHints":{"allow":["GET"]}}],"collection":[{"href":"https:\/\/inflightproduct.com\/tr\/wp-json\/wp\/v2\/product"}],"about":[{"href":"https:\/\/inflightproduct.com\/tr\/wp-json\/wp\/v2\/types\/product"}],"replies":[{"embeddable":true,"href":"https:\/\/inflightproduct.com\/tr\/wp-json\/wp\/v2\/comments?post=9338"}],"wp:featuredmedia":[{"embeddable":true,"href":"https:\/\/inflightproduct.com\/tr\/wp-json\/wp\/v2\/media\/9339"}],"wp:attachment":[{"href":"https:\/\/inflightproduct.com\/tr\/wp-json\/wp\/v2\/media?parent=9338"}],"wp:term":[{"taxonomy":"product_brand","embeddable":true,"href":"https:\/\/inflightproduct.com\/tr\/wp-json\/wp\/v2\/product_brand?post=9338"},{"taxonomy":"product_cat","embeddable":true,"href":"https:\/\/inflightproduct.com\/tr\/wp-json\/wp\/v2\/product_cat?post=9338"},{"taxonomy":"product_tag","embeddable":true,"href":"https:\/\/inflightproduct.com\/tr\/wp-json\/wp\/v2\/product_tag?post=9338"}],"curies":[{"name":"wp","href":"https:\/\/api.w.org\/{rel}","templated":true}]}}