{"id":9564,"date":"2025-04-08T14:15:45","date_gmt":"2025-04-08T14:15:45","guid":{"rendered":"https:\/\/inflightproduct.com\/havayollari-icin-islak-mendiller-dort-tarafi-kapali-aluminyum-paket\/"},"modified":"2026-03-11T02:37:59","modified_gmt":"2026-03-11T02:37:59","slug":"havayollari-icin-islak-mendiller-dort-tarafi-kapali-aluminyum-paket","status":"publish","type":"product","link":"https:\/\/inflightproduct.com\/tr\/havayollari-icin-islak-mendiller-dort-tarafi-kapali-aluminyum-paket\/","title":{"rendered":"Havayollar\u0131 i\u00e7in \u0131slak mendiller \u2013 D\u00f6rt taraf\u0131 kapal\u0131 al\u00fcminyum paket"},"content":{"rendered":"<p>Tekli paketli havayolu \u0131slak mendillerinin i\u00e7indeki mendil non-woven kuma\u015ftan \u00fcretilmi\u015ftir ve yumu\u015fak, nazik bir dokunu\u015f sunar.  olarak \u00f6zelle\u015ftirilebilir veya kullan\u0131c\u0131 deneyimini geli\u015ftirmek i\u00e7in , ,  ya da  gibi belirli kokularla zenginle\u015ftirilebilir.<\/p>\n<p>M\u00fc\u015fterilerimizin farkl\u0131 ihtiya\u00e7lar\u0131n\u0131 daha iyi kar\u015f\u0131lamak i\u00e7in boyut, gramaj ve ambalaj tasar\u0131m\u0131 a\u00e7\u0131s\u0131ndan kapsaml\u0131 \u00f6zelle\u015ftirme se\u00e7enekleri sunuyoruz. ni  ve  \u00fcretme konusundaki uzmanl\u0131\u011f\u0131m\u0131z bizi pazarda \u00f6ne \u00e7\u0131kar\u0131r. \u00dcr\u00fcnlerimiz d\u00fcnya \u00e7ap\u0131nda g\u00fcvenle kullan\u0131lmakta ve havayollar\u0131 ile restoranlar\u0131n ihtiya\u00e7lar\u0131n\u0131 kar\u015f\u0131lamak \u00fczere ihracat yap\u0131lmaktad\u0131r. Hangi t\u00fcr \u0131slak mendili se\u00e7meniz gerekti\u011fi konusunda ayr\u0131nt\u0131l\u0131 bilgi veya \u00f6neriye ihtiyac\u0131n\u0131z varsa ekibimiz size yard\u0131mc\u0131 olmaya haz\u0131rd\u0131r. \u00c7in \u00fcretimi daha fazla \u00f6zelle\u015ftirilmi\u015f havayolu \u0131slak mendili ar\u0131yorsan\u0131z, \u00e7e\u015fitli  \u00fcr\u00fcnlerimizi g\u00f6rmek i\u00e7in t\u0131klay\u0131n.<\/p>\n","protected":false},"excerpt":{"rendered":"<p><strong>Features of Airline Wet Towels &#8211; Four-Side Sealed, Aluminum Pack:<\/strong><\/p>\n<ul>\n<li>Ensure moisture for long-term storage<\/li>\n<li>High-end silver-grey frosted look<\/li>\n<li>Multiple scents available<\/li>\n<li>High quality with competitive price<\/li>\n<li>Ideal for EY, Premium EY, Boutique airlines cabin service<\/li>\n<li>Can be used in in-flight service, trains, restaurants, hotels, etc.<\/li>\n<\/ul>\n","protected":false},"featured_media":9565,"comment_status":"open","ping_status":"closed","template":"","meta":[],"product_brand":[],"product_cat":[575,579],"product_tag":[],"class_list":{"0":"post-9564","1":"product","2":"type-product","3":"status-publish","4":"has-post-thumbnail","6":"product_cat-islak-mendiller-ve-havlular","7":"product_cat-ucak-ici-konfor","8":"sales-flash-overlay","9":"woocommerce-text-align-center","10":"woocommerce-image-align-center","12":"first","13":"instock","14":"featured","15":"shipping-taxable","16":"product-type-simple"},"_links":{"self":[{"href":"https:\/\/inflightproduct.com\/tr\/wp-json\/wp\/v2\/product\/9564","targetHints":{"allow":["GET"]}}],"collection":[{"href":"https:\/\/inflightproduct.com\/tr\/wp-json\/wp\/v2\/product"}],"about":[{"href":"https:\/\/inflightproduct.com\/tr\/wp-json\/wp\/v2\/types\/product"}],"replies":[{"embeddable":true,"href":"https:\/\/inflightproduct.com\/tr\/wp-json\/wp\/v2\/comments?post=9564"}],"wp:featuredmedia":[{"embeddable":true,"href":"https:\/\/inflightproduct.com\/tr\/wp-json\/wp\/v2\/media\/9565"}],"wp:attachment":[{"href":"https:\/\/inflightproduct.com\/tr\/wp-json\/wp\/v2\/media?parent=9564"}],"wp:term":[{"taxonomy":"product_brand","embeddable":true,"href":"https:\/\/inflightproduct.com\/tr\/wp-json\/wp\/v2\/product_brand?post=9564"},{"taxonomy":"product_cat","embeddable":true,"href":"https:\/\/inflightproduct.com\/tr\/wp-json\/wp\/v2\/product_cat?post=9564"},{"taxonomy":"product_tag","embeddable":true,"href":"https:\/\/inflightproduct.com\/tr\/wp-json\/wp\/v2\/product_tag?post=9564"}],"curies":[{"name":"wp","href":"https:\/\/api.w.org\/{rel}","templated":true}]}}