{"id":9639,"date":"2025-04-08T14:15:45","date_gmt":"2025-04-08T14:15:45","guid":{"rendered":"https:\/\/inflightproduct.com\/tek-kullanimlik-non-woven-baslik-kilifi\/"},"modified":"2026-03-11T02:37:50","modified_gmt":"2026-03-11T02:37:50","slug":"tek-kullanimlik-non-woven-baslik-kilifi","status":"publish","type":"product","link":"https:\/\/inflightproduct.com\/tr\/tek-kullanimlik-non-woven-baslik-kilifi\/","title":{"rendered":"Tek kullan\u0131ml\u0131k non-woven ba\u015fl\u0131k \u00f6rt\u00fcs\u00fc"},"content":{"rendered":"<p><strong>U\u00e7ak<\/strong>, <strong>tren<\/strong> ve <strong>otob\u00fcs<\/strong> yolcular\u0131na daha y\u00fcksek hijyen ve konfor sa\u011flamak \u00fczere tasarlanm\u0131\u015ft\u0131r. Tek kullan\u0131ml\u0131k non-woven ba\u015fl\u0131k \u00f6rt\u00fcm\u00fcz, <strong>alev geciktirici non-woven<\/strong> malzemeden \u00fcretilir; b\u00f6ylece s\u0131k\u0131 sekt\u00f6r standartlar\u0131n\u0131 kar\u015f\u0131larken g\u00fcvenlik ve dayan\u0131kl\u0131l\u0131\u011f\u0131 bir arada sunar.<\/p>\n<p>U\u00e7ak i\u00e7i ba\u015fl\u0131k \u00f6rt\u00fclerimiz, tek renk se\u00e7eneklerinden canl\u0131 ve detayl\u0131 bask\u0131lara kadar marka kimli\u011finize uygun \u015fekilde \u00f6zelle\u015ftirilebilir. Bu \u00f6zelle\u015ftirme yaln\u0131zca koltuklar\u0131n g\u00f6r\u00fcn\u00fcm\u00fcn\u00fc iyile\u015ftirmekle kalmaz, ayn\u0131 zamanda etkili bir marka arac\u0131 olarak da i\u015flev g\u00f6r\u00fcr. Ayr\u0131ca ba\u015fl\u0131klar\u0131 d\u00f6k\u00fclme ve lekelere kar\u015f\u0131 daha iyi korumak i\u00e7in <strong>su ge\u00e7irmez<\/strong> se\u00e7enekler de sunuyoruz; b\u00f6ylece yolcular i\u00e7in temiz ve ho\u015f bir deneyim sa\u011flan\u0131r.<\/p>\n<p>Ba\u015fl\u0131k \u00f6rt\u00fcleri kolay ve g\u00fcvenli sabitleme i\u00e7in tasarlanm\u0131\u015ft\u0131r. Koltuk arkas\u0131na <strong>iki ip<\/strong> veya <strong>Velcro<\/strong> ile ba\u011flanabilir ve yolculuk boyunca yerinde sabit kal\u0131r. Bu \u00e7ok y\u00f6nl\u00fcl\u00fck, farkl\u0131 oturma d\u00fczenlerine uyum sa\u011flar ve kurulumu zahmetsiz hale getirir.<\/p>\n<p>Tek kullan\u0131ml\u0131k non-woven ba\u015fl\u0131k \u00f6rt\u00fclerimiz, toplu ta\u015f\u0131mada hijyeni korumak, s\u0131k temizlik ihtiyac\u0131n\u0131 azaltmak ve kontaminasyon riskini en aza indirmek i\u00e7in pratik bir \u00e7\u00f6z\u00fcmd\u00fcr. Hafiftir, kolayca at\u0131labilir ve her yolcu i\u00e7in temiz, ferah bir y\u00fczey sunar.<\/p>\n<p>Tek kullan\u0131ml\u0131k ba\u015fl\u0131k \u00f6rt\u00fclerimizi tercih ederek yolcular\u0131n\u0131z\u0131n konforuna ve memnuniyetine yat\u0131r\u0131m yaparken ayn\u0131 zamanda temiz ve g\u00fcvenli bir seyahat ortam\u0131n\u0131 da desteklemi\u015f olursunuz. \u00dcr\u00fcnlerimiz, g\u00fcvenilirli\u011fi ve \u00fcst\u00fcn kalitesiyle d\u00fcnya \u00e7ap\u0131nda \u00f6nde gelen ula\u015f\u0131m \u015firketleri taraf\u0131ndan tercih edilmektedir.<\/p>\n","protected":false},"excerpt":{"rendered":"<p><strong>\u00d6zellikler:\u00a0<\/strong><\/p>\n<ul>\n<li class=\"p1\">Alev geciktirici non-woven malzeme<\/li>\n<li class=\"p1\">\u00d6zelle\u015ftirilebilir marka se\u00e7enekleri<\/li>\n<li class=\"p1\">G\u00fcvenli ve \u00e7ok y\u00f6nl\u00fc sabitleme<\/li>\n<li class=\"p1\">Tek kullan\u0131ml\u0131k, hijyenik ve pratik<b><\/b><\/li>\n<\/ul>\n","protected":false},"featured_media":9643,"comment_status":"open","ping_status":"closed","template":"","meta":[],"product_brand":[],"product_cat":[596,579],"product_tag":[],"class_list":{"0":"post-9639","1":"product","2":"type-product","3":"status-publish","4":"has-post-thumbnail","6":"product_cat-baslik-kiliflari","7":"product_cat-ucak-ici-konfor","8":"sales-flash-overlay","9":"woocommerce-text-align-center","10":"woocommerce-image-align-center","12":"first","13":"instock","14":"featured","15":"shipping-taxable","16":"product-type-simple"},"_links":{"self":[{"href":"https:\/\/inflightproduct.com\/tr\/wp-json\/wp\/v2\/product\/9639","targetHints":{"allow":["GET"]}}],"collection":[{"href":"https:\/\/inflightproduct.com\/tr\/wp-json\/wp\/v2\/product"}],"about":[{"href":"https:\/\/inflightproduct.com\/tr\/wp-json\/wp\/v2\/types\/product"}],"replies":[{"embeddable":true,"href":"https:\/\/inflightproduct.com\/tr\/wp-json\/wp\/v2\/comments?post=9639"}],"wp:featuredmedia":[{"embeddable":true,"href":"https:\/\/inflightproduct.com\/tr\/wp-json\/wp\/v2\/media\/9643"}],"wp:attachment":[{"href":"https:\/\/inflightproduct.com\/tr\/wp-json\/wp\/v2\/media?parent=9639"}],"wp:term":[{"taxonomy":"product_brand","embeddable":true,"href":"https:\/\/inflightproduct.com\/tr\/wp-json\/wp\/v2\/product_brand?post=9639"},{"taxonomy":"product_cat","embeddable":true,"href":"https:\/\/inflightproduct.com\/tr\/wp-json\/wp\/v2\/product_cat?post=9639"},{"taxonomy":"product_tag","embeddable":true,"href":"https:\/\/inflightproduct.com\/tr\/wp-json\/wp\/v2\/product_tag?post=9639"}],"curies":[{"name":"wp","href":"https:\/\/api.w.org\/{rel}","templated":true}]}}