{"id":9758,"date":"2025-04-08T14:15:45","date_gmt":"2025-04-08T14:15:45","guid":{"rendered":"https:\/\/inflightproduct.com\/ucak-ve-tren-konforu-icin-tek-kullanimlik-non-woven-yastik-kilifi\/"},"modified":"2026-03-11T02:37:41","modified_gmt":"2026-03-11T02:37:41","slug":"ucak-ve-tren-konforu-icin-tek-kullanimlik-non-woven-yastik-kilifi","status":"publish","type":"product","link":"https:\/\/inflightproduct.com\/tr\/ucak-ve-tren-konforu-icin-tek-kullanimlik-non-woven-yastik-kilifi\/","title":{"rendered":"U\u00e7ak ve tren konforu i\u00e7in tek kullan\u0131ml\u0131k non-woven yast\u0131k k\u0131l\u0131f\u0131"},"content":{"rendered":"<p class=\"p1\">Y\u00fcksek kaliteli <span class=\"s1\">tek kullan\u0131ml\u0131k non-woven yast\u0131k k\u0131l\u0131f\u0131m\u0131z<\/span> ile yolcular\u0131n\u0131z\u0131n seyahat deneyimini geli\u015ftirin. Modern hava ve demiryolu ta\u015f\u0131mac\u0131l\u0131\u011f\u0131n\u0131n hijyen ve konfor ihtiya\u00e7lar\u0131n\u0131 kar\u015f\u0131lamak \u00fczere \u00f6zenle tasarlanm\u0131\u015ft\u0131r. Birinci s\u0131n\u0131f <strong>alev geciktirici non-woven<\/strong> kuma\u015ftan \u00fcretilen bu yast\u0131k k\u0131l\u0131flar\u0131, \u00fcst\u00fcn yumu\u015fakl\u0131k ve dayan\u0131kl\u0131l\u0131\u011f\u0131 korurken daha g\u00fcvenli bir ortam sa\u011flamaya yard\u0131mc\u0131 olur.<\/p>\n<p class=\"p1\">Yo\u011fun kullan\u0131ml\u0131 toplu ta\u015f\u0131ma ortamlar\u0131 i\u00e7in ideal olan <span class=\"s1\">tek kullan\u0131ml\u0131k non-woven yast\u0131k k\u0131l\u0131flar\u0131m\u0131z<\/span>, her kullan\u0131c\u0131 i\u00e7in temiz ve ferah bir y\u00fczey sunarak \u00e7apraz bula\u015fma riskini \u00f6nemli \u00f6l\u00e7\u00fcde azalt\u0131r. \u0130ster u\u00e7aklarda ister trenlerde kullan\u0131ls\u0131n, yeniden kullan\u0131labilir tekstil k\u0131l\u0131flara kar\u015f\u0131 pratik ve uygun maliyetli bir alternatiftir.<\/p>\n<p class=\"p1\">G\u00fcvenilir bir <span class=\"s1\">havayollar\u0131 i\u00e7in alev geciktirici yast\u0131k k\u0131l\u0131f\u0131<\/span> olarak bu \u00fcr\u00fcn, s\u0131k\u0131 sekt\u00f6r standartlar\u0131n\u0131 kar\u015f\u0131lar ve hem yolculara hem de operat\u00f6rlere g\u00fcven verir. Malzeme hafiftir ancak d\u00fczenli kullan\u0131ma dayanacak kadar sa\u011flamd\u0131r; ayr\u0131ca her yolculuktan sonra kolayca kullan\u0131l\u0131r ve at\u0131l\u0131r.<\/p>\n<p class=\"p1\">Yast\u0131k k\u0131l\u0131flar\u0131m\u0131z\u0131 \u00f6ne \u00e7\u0131karan unsur, markan\u0131za uyacak \u015fekilde \u00f6zelle\u015ftirilebilmesidir. Kal\u0131nl\u0131k ve \u00f6l\u00e7\u00fc ayar\u0131ndan \u00f6zel logo veya desen eklemeye kadar, <span class=\"s1\"><b>\u00f6zelle\u015ftirilmi\u015f non-woven yast\u0131k k\u0131l\u0131f\u0131 <\/b><\/span>\u00e7\u00f6z\u00fcmlerimiz marka kimli\u011finizi zarif bi\u00e7imde g\u00fc\u00e7lendirmenizi ve genel yolcu deneyimini y\u00fckseltmenizi sa\u011flar.<\/p>\n<p class=\"p1\">Tek kullan\u0131ml\u0131k yast\u0131k k\u0131l\u0131flar\u0131m\u0131z\u0131 kabin hizmetlerinize dahil ederek yaln\u0131zca hijyeni art\u0131rmakla kalmaz, ayn\u0131 zamanda \u00e7ama\u015f\u0131r y\u0131kama ihtiyac\u0131n\u0131 azaltarak operasyonlar\u0131 da kolayla\u015ft\u0131r\u0131rs\u0131n\u0131z. D\u00fcnya genelindeki ta\u015f\u0131mac\u0131l\u0131k \u015firketlerinin g\u00fcvendi\u011fi k\u0131l\u0131flar\u0131m\u0131z; i\u015flevsellik, g\u00fcvenlik ve sunum aras\u0131nda ideal dengeyi sa\u011flar.<\/p>\n<p class=\"p1\"><span class=\"s1\">Tek kullan\u0131ml\u0131k non-woven yast\u0131k k\u0131l\u0131flar\u0131m\u0131z\u0131<\/span> daha temiz, daha g\u00fcvenli ve daha konforlu yolculuklar i\u00e7in tercih edin \u2014 hijyen ile pratikli\u011fi bir araya getirir. Ayr\u0131ca <span style=\"text-decoration: underline; color: #0000ff;\"><strong><a style=\"color: #0000ff; text-decoration: underline;\" href=\"https:\/\/inflightproduct.com\/disposable-non-woven-headrest-cover\/\">tek kullan\u0131ml\u0131k non-woven ba\u015f dayama k\u0131l\u0131f\u0131<\/a><\/strong><\/span> da tedarik ediyoruz; daha fazlas\u0131 i\u00e7in t\u0131klay\u0131n!<\/p>\n","protected":false},"excerpt":{"rendered":"<p><strong>\u00d6zellikler:<\/strong><\/p>\n<ul>\n<li class=\"p1\"><span class=\"s1\">Alev geciktirici malzeme<\/span><\/li>\n<li class=\"p1\"><span class=\"s1\">Hijyenik ve tek kullan\u0131ml\u0131k<\/span><\/li>\n<li class=\"p1\"><span class=\"s1\">\u00d6zelle\u015ftirilebilir tasar\u0131m<\/span><\/li>\n<li class=\"p1\"><span class=\"s1\">Uygun maliyetli hijyen \u00e7\u00f6z\u00fcm\u00fc<\/span><\/li>\n<\/ul>\n","protected":false},"featured_media":9762,"comment_status":"open","ping_status":"closed","template":"","meta":[],"product_brand":[],"product_cat":[580,579],"product_tag":[],"class_list":{"0":"post-9758","1":"product","2":"type-product","3":"status-publish","4":"has-post-thumbnail","6":"product_cat-yastiklar-ve-kiliflar","7":"product_cat-ucak-ici-konfor","8":"sales-flash-overlay","9":"woocommerce-text-align-center","10":"woocommerce-image-align-center","12":"first","13":"instock","14":"featured","15":"shipping-taxable","16":"product-type-simple"},"_links":{"self":[{"href":"https:\/\/inflightproduct.com\/tr\/wp-json\/wp\/v2\/product\/9758","targetHints":{"allow":["GET"]}}],"collection":[{"href":"https:\/\/inflightproduct.com\/tr\/wp-json\/wp\/v2\/product"}],"about":[{"href":"https:\/\/inflightproduct.com\/tr\/wp-json\/wp\/v2\/types\/product"}],"replies":[{"embeddable":true,"href":"https:\/\/inflightproduct.com\/tr\/wp-json\/wp\/v2\/comments?post=9758"}],"wp:featuredmedia":[{"embeddable":true,"href":"https:\/\/inflightproduct.com\/tr\/wp-json\/wp\/v2\/media\/9762"}],"wp:attachment":[{"href":"https:\/\/inflightproduct.com\/tr\/wp-json\/wp\/v2\/media?parent=9758"}],"wp:term":[{"taxonomy":"product_brand","embeddable":true,"href":"https:\/\/inflightproduct.com\/tr\/wp-json\/wp\/v2\/product_brand?post=9758"},{"taxonomy":"product_cat","embeddable":true,"href":"https:\/\/inflightproduct.com\/tr\/wp-json\/wp\/v2\/product_cat?post=9758"},{"taxonomy":"product_tag","embeddable":true,"href":"https:\/\/inflightproduct.com\/tr\/wp-json\/wp\/v2\/product_tag?post=9758"}],"curies":[{"name":"wp","href":"https:\/\/api.w.org\/{rel}","templated":true}]}}