{"id":9887,"date":"2025-04-08T14:15:45","date_gmt":"2025-04-08T14:15:45","guid":{"rendered":"https:\/\/inflightproduct.com\/havayollari-icin-atlas-abs-tam-boy-yemek-tepsisi\/"},"modified":"2026-03-11T02:37:33","modified_gmt":"2026-03-11T02:37:33","slug":"havayollari-icin-atlas-abs-tam-boy-yemek-tepsisi","status":"publish","type":"product","link":"https:\/\/inflightproduct.com\/tr\/havayollari-icin-atlas-abs-tam-boy-yemek-tepsisi\/","title":{"rendered":"Havayollar\u0131 i\u00e7in ATLAS ABS tam boy yemek tepsisi"},"content":{"rendered":"<p><strong>Havayollar\u0131 i\u00e7in ATLAS ABS tam boy yemek tepsimiz<\/strong>, u\u00e7ak i\u00e7i ve tren catering hizmetlerinin y\u00fcksek gereksinimlerini kar\u015f\u0131lamak \u00fczere tasarlanm\u0131\u015ft\u0131r. <strong>Dayan\u0131kl\u0131 ve g\u00fc\u00e7l\u00fc ABS malzemeden<\/strong> \u00fcretilen bu tepsi, uzun \u00f6m\u00fcrl\u00fc performans ve g\u00fcvenilirlik sunarak seyahat catering operasyonlar\u0131 i\u00e7in vazge\u00e7ilmez bir \u00e7\u00f6z\u00fcm haline gelir. Tepsi, havac\u0131l\u0131k ve demiryolu sekt\u00f6rlerinde yayg\u0131n olarak tan\u0131nan ve kullan\u0131lan <strong>standart ATLAS \u00f6l\u00e7\u00fcs\u00fcne<\/strong> uygundur; b\u00f6ylece mevcut ekipmanlarla uyumluluk ve hizmet s\u00fcre\u00e7lerinize sorunsuz entegrasyon sa\u011flar.<\/p>\n<p><strong>Tam boy yemek tepsimiz<\/strong>, yo\u011fun kullan\u0131ma dayanacak \u015fekilde tasarlanm\u0131\u015ft\u0131r ve zaman i\u00e7inde yap\u0131sal b\u00fct\u00fcnl\u00fc\u011f\u00fcn\u00fc ve g\u00f6r\u00fcn\u00fcm\u00fcn\u00fc korur. Sa\u011flam ABS malzeme; darbe, \u0131s\u0131 ve kimyasal temas\u0131na kar\u015f\u0131 m\u00fckemmel diren\u00e7 sunar, bu da \u00fcr\u00fcn\u00fc farkl\u0131 catering ortamlar\u0131 i\u00e7in uygun hale getirir.<\/p>\n<p>Alan veya servis d\u00fczeni a\u00e7\u0131s\u0131ndan \u00f6zel ihtiya\u00e7lar\u0131 olan m\u00fc\u015fteriler i\u00e7in <strong>2\/3 ATLAS yemek tepsisi<\/strong> de sunuyoruz. Bu daha kompakt se\u00e7enek, ayn\u0131 y\u00fcksek kalite ve dayan\u0131kl\u0131l\u0131\u011f\u0131 korurken yemek servisi tasar\u0131m\u0131 ve yerle\u015fiminde daha fazla esneklik sa\u011flar.<\/p>\n<p>\u0130ster bir havayolunu, ister bir treni ya da ba\u015fka bir ula\u015f\u0131m hizmetini donat\u0131yor olun, havayollar\u0131 i\u00e7in ATLAS ABS tam boy yemek tepsimiz yemekleri verimli ve \u015f\u0131k \u015fekilde sunmak i\u00e7in ideal tercihtir. Sunulan \u00f6zelle\u015ftirme se\u00e7enekleri sayesinde tepsiyi markan\u0131za ve operasyonel ihtiya\u00e7lar\u0131n\u0131za g\u00f6re uyarlayabiliriz.<\/p>\n<h3><\/h3>\n","protected":false},"excerpt":{"rendered":"<p>G\u00fc\u00e7l\u00fc ABS malzemeden \u00fcretilen havayollar\u0131 i\u00e7in ATLAS ABS tam boy yemek tepsimiz u\u00e7aklar ve trenler i\u00e7in idealdir. Standart ATLAS \u00f6l\u00e7\u00fcs\u00fcne uygundur; ayr\u0131ca 2\/3 ATLAS yemek tepsisi se\u00e7ene\u011fi de mevcuttur.<\/p>\n","protected":false},"featured_media":9888,"comment_status":"open","ping_status":"closed","template":"","meta":[],"product_brand":[],"product_cat":[576,578],"product_tag":[],"class_list":{"0":"post-9887","1":"product","2":"type-product","3":"status-publish","4":"has-post-thumbnail","6":"product_cat-yemek-tepsileri-ve-tepsi-altliklari","7":"product_cat-sofra-urunleri","8":"sales-flash-overlay","9":"woocommerce-text-align-center","10":"woocommerce-image-align-center","12":"first","13":"instock","14":"shipping-taxable","15":"product-type-simple"},"_links":{"self":[{"href":"https:\/\/inflightproduct.com\/tr\/wp-json\/wp\/v2\/product\/9887","targetHints":{"allow":["GET"]}}],"collection":[{"href":"https:\/\/inflightproduct.com\/tr\/wp-json\/wp\/v2\/product"}],"about":[{"href":"https:\/\/inflightproduct.com\/tr\/wp-json\/wp\/v2\/types\/product"}],"replies":[{"embeddable":true,"href":"https:\/\/inflightproduct.com\/tr\/wp-json\/wp\/v2\/comments?post=9887"}],"wp:featuredmedia":[{"embeddable":true,"href":"https:\/\/inflightproduct.com\/tr\/wp-json\/wp\/v2\/media\/9888"}],"wp:attachment":[{"href":"https:\/\/inflightproduct.com\/tr\/wp-json\/wp\/v2\/media?parent=9887"}],"wp:term":[{"taxonomy":"product_brand","embeddable":true,"href":"https:\/\/inflightproduct.com\/tr\/wp-json\/wp\/v2\/product_brand?post=9887"},{"taxonomy":"product_cat","embeddable":true,"href":"https:\/\/inflightproduct.com\/tr\/wp-json\/wp\/v2\/product_cat?post=9887"},{"taxonomy":"product_tag","embeddable":true,"href":"https:\/\/inflightproduct.com\/tr\/wp-json\/wp\/v2\/product_tag?post=9887"}],"curies":[{"name":"wp","href":"https:\/\/api.w.org\/{rel}","templated":true}]}}