{"id":9964,"date":"2025-04-08T14:15:45","date_gmt":"2025-04-08T14:15:45","guid":{"rendered":"https:\/\/inflightproduct.com\/tek-kullanimlik-bambu-elyafi-catal-bicak-takimi-seti\/"},"modified":"2026-03-11T02:37:23","modified_gmt":"2026-03-11T02:37:23","slug":"tek-kullanimlik-bambu-elyafi-catal-bicak-takimi-seti","status":"publish","type":"product","link":"https:\/\/inflightproduct.com\/tr\/tek-kullanimlik-bambu-elyafi-catal-bicak-takimi-seti\/","title":{"rendered":"Tek Kullan\u0131ml\u0131k Bambu Elyaf\u0131 \u00c7atal B\u0131\u00e7ak Tak\u0131m\u0131 Seti"},"content":{"rendered":"<p>\u00dcst\u00fcn kullan\u0131m kolayl\u0131\u011f\u0131 ve <strong>s\u00fcrd\u00fcr\u00fclebilirlik<\/strong> i\u00e7in tasarlanan premium <strong>Tek Kullan\u0131ml\u0131k Bambu Elyaf\u0131 \u00c7atal B\u0131\u00e7ak Tak\u0131m\u0131 Setimizi<\/strong> sunuyoruz. <strong>U\u00e7aklarda<\/strong>, <strong>trenlerde<\/strong>, <strong>restoranlarda<\/strong> ve <strong>kafelerde<\/strong> yayg\u0131n olarak kullan\u0131lan bu set, dayan\u0131kl\u0131 ve h\u0131zl\u0131 b\u00fcy\u00fcyen bambu elyaf\u0131ndan \u00fcretilmi\u015ftir ve <strong>%100 biyolojik olarak par\u00e7alanabilir<\/strong> yap\u0131s\u0131yla farkl\u0131 yemek servis ortamlar\u0131 i\u00e7in <strong>\u00e7evre dostu<\/strong> bir se\u00e7enektir.<\/p>\n<p>Geleneksel ah\u015fap veya bambu \u00e7atal b\u0131\u00e7ak tak\u0131m\u0131 setleriyle kar\u015f\u0131la\u015ft\u0131r\u0131ld\u0131\u011f\u0131nda, bambu elyaf\u0131 \u00e7atal b\u0131\u00e7ak tak\u0131m\u0131 paketimiz m\u00fckemmel sa\u011flaml\u0131\u011f\u0131n\u0131 korurken belirgin \u015fekilde <strong>daha hafiftir<\/strong>. Bu sayede hem kullan\u0131m\u0131 kolayla\u015f\u0131r hem de \u00fcretim ve bertaraf s\u00fcrecine ba\u011fl\u0131 \u00e7evresel etki azal\u0131r. Setimizin \u00f6ne \u00e7\u0131kan \u00f6zelliklerinden biri <strong>kokusuz yap\u0131s\u0131d\u0131r<\/strong>; paketi a\u00e7t\u0131\u011f\u0131n\u0131zda rahats\u0131z edici kokular olu\u015fmaz. Bu \u00f6zellik \u00f6zellikle <strong>yiyeceklerin do\u011fal tad\u0131n\u0131 korumak<\/strong> a\u00e7\u0131s\u0131ndan b\u00fcy\u00fck avantaj sa\u011flar.<\/p>\n<p>Bambu elyaf\u0131ndan \u00fcretilen \u00e7atal b\u0131\u00e7ak tak\u0131m\u0131m\u0131z\u0131n kenarlar\u0131 \u00f6zenle <strong>p\u00fcr\u00fczs\u00fcz hale getirilmi\u015ftir<\/strong>; b\u00f6ylece k\u00fc\u00e7\u00fck k\u0131ym\u0131klar ya da a\u011fza zarar verebilecek sert y\u00fczeyler olmadan konforlu bir yemek deneyimi sunar. Tasar\u0131mdaki bu \u00f6zen, hem g\u00fcvenli hem de kullan\u0131m\u0131 keyifli, y\u00fcksek kaliteli bir \u00fcr\u00fcn ortaya \u00e7\u0131kar\u0131r.<\/p>\n<p>Ayr\u0131ca setimiz biyolojik olarak par\u00e7alanabilir oldu\u011fundan \u00e7evresel etkisini azaltmak isteyenler i\u00e7in sorumlu bir tercihtir. Tek kullan\u0131ml\u0131k bambu elyaf\u0131 \u00e7atal b\u0131\u00e7ak tak\u0131m\u0131 setimizi se\u00e7erek \u00fcst\u00fcn bir \u00fcr\u00fcn\u00fcn avantajlar\u0131ndan yararlan\u0131rken s\u00fcrd\u00fcr\u00fclebilirli\u011fe de olumlu katk\u0131da bulunursunuz. Farkl\u0131 kullan\u0131m alanlar\u0131 i\u00e7in ideal olan bu set, tek kullan\u0131ml\u0131k yemek gere\u00e7lerinde yeni ve daha iyi bir tercihtir.<\/p>\n","protected":false},"excerpt":{"rendered":"<p>Tek kullan\u0131ml\u0131k bambu elyaf\u0131 \u00e7atal b\u0131\u00e7ak tak\u0131m\u0131 setimiz u\u00e7aklar, trenler, restoranlar ve kafeler i\u00e7in idealdir. Dayan\u0131kl\u0131 ve h\u0131zl\u0131 b\u00fcy\u00fcyen bambu elyaf\u0131ndan \u00fcretilen bu \u00fcr\u00fcn, geleneksel ah\u015fap veya bambu \u00e7atal b\u0131\u00e7ak tak\u0131mlar\u0131na hafif ama sa\u011flam bir alternatif sunar.<\/p>\n","protected":false},"featured_media":9965,"comment_status":"open","ping_status":"closed","template":"","meta":[],"product_brand":[],"product_cat":[586,578],"product_tag":[],"class_list":{"0":"post-9964","1":"product","2":"type-product","3":"status-publish","4":"has-post-thumbnail","6":"product_cat-catal-bicak-takimi","7":"product_cat-sofra-urunleri","8":"sales-flash-overlay","9":"woocommerce-text-align-center","10":"woocommerce-image-align-center","12":"first","13":"instock","14":"shipping-taxable","15":"product-type-simple"},"_links":{"self":[{"href":"https:\/\/inflightproduct.com\/tr\/wp-json\/wp\/v2\/product\/9964","targetHints":{"allow":["GET"]}}],"collection":[{"href":"https:\/\/inflightproduct.com\/tr\/wp-json\/wp\/v2\/product"}],"about":[{"href":"https:\/\/inflightproduct.com\/tr\/wp-json\/wp\/v2\/types\/product"}],"replies":[{"embeddable":true,"href":"https:\/\/inflightproduct.com\/tr\/wp-json\/wp\/v2\/comments?post=9964"}],"wp:featuredmedia":[{"embeddable":true,"href":"https:\/\/inflightproduct.com\/tr\/wp-json\/wp\/v2\/media\/9965"}],"wp:attachment":[{"href":"https:\/\/inflightproduct.com\/tr\/wp-json\/wp\/v2\/media?parent=9964"}],"wp:term":[{"taxonomy":"product_brand","embeddable":true,"href":"https:\/\/inflightproduct.com\/tr\/wp-json\/wp\/v2\/product_brand?post=9964"},{"taxonomy":"product_cat","embeddable":true,"href":"https:\/\/inflightproduct.com\/tr\/wp-json\/wp\/v2\/product_cat?post=9964"},{"taxonomy":"product_tag","embeddable":true,"href":"https:\/\/inflightproduct.com\/tr\/wp-json\/wp\/v2\/product_tag?post=9964"}],"curies":[{"name":"wp","href":"https:\/\/api.w.org\/{rel}","templated":true}]}}