{"id":10034,"date":"2025-04-08T14:15:45","date_gmt":"2025-04-08T14:15:45","guid":{"rendered":"https:\/\/inflightproduct.com\/khay-suat-an-atlas-abs-co-2-3-cho-hang-khong\/"},"modified":"2026-03-11T02:37:14","modified_gmt":"2026-03-11T02:37:14","slug":"khay-suat-an-atlas-abs-co-2-3-cho-hang-khong","status":"publish","type":"product","link":"https:\/\/inflightproduct.com\/vi\/khay-suat-an-atlas-abs-co-2-3-cho-hang-khong\/","title":{"rendered":"Khay su\u1ea5t \u0103n ATLAS ABS c\u1ee1 2\/3 cho h\u00e0ng kh\u00f4ng"},"content":{"rendered":"<p>Gi\u1edbi thi\u1ec7u khay su\u1ea5t \u0103n ATLAS ABS c\u1ee1 2\/3 cho h\u00e0ng kh\u00f4ng c\u1ee7a ch\u00fang t\u00f4i, \u0111\u01b0\u1ee3c thi\u1ebft k\u1ebf \u0111\u1ec3 \u0111\u00e1p \u1ee9ng c\u00e1c y\u00eau c\u1ea7u cao c\u1ee7a d\u1ecbch v\u1ee5 catering tr\u00ean m\u00e1y bay v\u00e0 t\u00e0u h\u1ecfa. \u0110\u01b0\u1ee3c s\u1ea3n xu\u1ea5t t\u1eeb , khay mang l\u1ea1i hi\u1ec7u su\u1ea5t \u0111\u00e1ng tin c\u1eady trong th\u1eddi gian d\u00e0i, tr\u1edf th\u00e0nh l\u1ef1a ch\u1ecdn thi\u1ebft y\u1ebfu cho m\u1ecdi ho\u1ea1t \u0111\u1ed9ng catering khi di chuy\u1ec3n. Khay tu\u00e2n theo , ti\u00eau chu\u1ea9n \u0111\u01b0\u1ee3c c\u00f4ng nh\u1eadn r\u1ed9ng r\u00e3i trong ng\u00e0nh h\u00e0ng kh\u00f4ng v\u00e0 \u0111\u01b0\u1eddng s\u1eaft, gi\u00fap t\u01b0\u01a1ng th\u00edch v\u1edbi thi\u1ebft b\u1ecb hi\u1ec7n c\u00f3 v\u00e0 d\u1ec5 d\u00e0ng t\u00edch h\u1ee3p v\u00e0o quy tr\u00ecnh ph\u1ee5c v\u1ee5.<\/p>\n<p>Khay su\u1ea5t \u0103n m\u00e1y bay c\u1ee1 2\/3 c\u1ee7a ch\u00fang t\u00f4i \u0111\u01b0\u1ee3c thi\u1ebft k\u1ebf \u0111\u1ec3 ch\u1ecbu \u0111\u01b0\u1ee3c t\u1ea7n su\u1ea5t s\u1eed d\u1ee5ng cao m\u00e0 v\u1eabn gi\u1eef \u0111\u01b0\u1ee3c \u0111\u1ed9 b\u1ec1n k\u1ebft c\u1ea5u v\u00e0 v\u1ebb ngo\u00e0i theo th\u1eddi gian. V\u1eadt li\u1ec7u ABS ch\u1eafc ch\u1eafn c\u00f3 kh\u1ea3 n\u0103ng ch\u1ed1ng va \u0111\u1eadp, ch\u1ecbu nhi\u1ec7t v\u00e0 ch\u1ed1ng h\u00f3a ch\u1ea5t t\u1ed1t, ph\u00f9 h\u1ee3p v\u1edbi nhi\u1ec1u m\u00f4i tr\u01b0\u1eddng catering kh\u00e1c nhau.<\/p>\n<p>Khay su\u1ea5t \u0103n ATLAS c\u1ee1 2\/3 mang \u0111\u1ebfn k\u00edch th\u01b0\u1edbc nh\u1ecf g\u1ecdn h\u01a1n nh\u01b0ng v\u1eabn gi\u1eef nguy\u00ean ch\u1ea5t l\u01b0\u1ee3ng ch\u1ebf t\u1ea1o v\u00e0 \u0111\u1ed9 b\u1ec1n cao nh\u01b0 . K\u00edch th\u01b0\u1edbc nh\u1ecf h\u01a1n n\u00e0y mang l\u1ea1i s\u1ef1 linh ho\u1ea1t cao h\u01a1n trong thi\u1ebft k\u1ebf d\u1ecbch v\u1ee5 v\u00e0 b\u1ed1 tr\u00ed b\u1eefa \u0103n, r\u1ea5t ph\u00f9 h\u1ee3p v\u1edbi nh\u1eefng kh\u00e1ch h\u00e0ng c\u00f3 y\u00eau c\u1ea7u ri\u00eang v\u1ec1 kh\u00f4ng gian ho\u1eb7c d\u1ecbch v\u1ee5. D\u00f9 ph\u1ee5c v\u1ee5 b\u1eefa \u0103n tr\u00ean m\u00e1y bay, t\u00e0u h\u1ecfa hay ph\u01b0\u01a1ng ti\u1ec7n v\u1eadn chuy\u1ec3n kh\u00e1c, khay c\u1ee7a ch\u00fang t\u00f4i \u0111\u1ec1u mang \u0111\u1ebfn gi\u1ea3i ph\u00e1p hi\u1ec7u qu\u1ea3 v\u00e0 tinh t\u1ebf.<\/p>\n<p>Khay su\u1ea5t \u0103n ATLAS ABS c\u1ee1 2\/3 cho h\u00e0ng kh\u00f4ng r\u1ea5t ph\u00f9 h\u1ee3p \u0111\u1ec3 ph\u1ee5c v\u1ee5 su\u1ea5t \u0103n hi\u1ec7u qu\u1ea3 \u0111\u1ed3ng th\u1eddi t\u1ed1i \u01b0u kh\u00f4ng gian. V\u1edbi c\u00e1c t\u00f9y ch\u1ecdn t\u00f9y ch\u1ec9nh, ch\u00fang t\u00f4i c\u00f3 th\u1ec3 \u0111i\u1ec1u ch\u1ec9nh khay theo y\u00eau c\u1ea7u th\u01b0\u01a1ng hi\u1ec7u v\u00e0 v\u1eadn h\u00e0nh ri\u00eang c\u1ee7a b\u1ea1n, gi\u00fap d\u1ecbch v\u1ee5 c\u1ee7a b\u1ea1n n\u1ed5i b\u1eadt v\u1ec1 ch\u1ea5t l\u01b0\u1ee3ng v\u00e0 phong c\u00e1ch.<\/p>\n","protected":false},"excerpt":{"rendered":"<p>Khay su\u1ea5t \u0103n ATLAS ABS c\u1ee1 2\/3 c\u1ee7a ch\u00fang t\u00f4i \u0111\u01b0\u1ee3c l\u00e0m t\u1eeb v\u1eadt li\u1ec7u ABS b\u1ec1n ch\u1eafc, ph\u00f9 h\u1ee3p cho m\u00e1y bay v\u00e0 t\u00e0u h\u1ecfa. S\u1ea3n ph\u1ea9m mang \u0111\u1ebfn l\u1ef1a ch\u1ecdn nh\u1ecf g\u1ecdn v\u00e0 linh ho\u1ea1t h\u01a1n so v\u1edbi khay ti\u00eau chu\u1ea9n c\u1ee1 \u0111\u1ea7y \u0111\u1ee7 m\u00e0 v\u1eabn gi\u1eef \u0111\u01b0\u1ee3c ch\u1ea5t l\u01b0\u1ee3ng v\u00e0 \u0111\u1ed9 tin c\u1eady cao.<\/p>\n","protected":false},"featured_media":10035,"comment_status":"open","ping_status":"closed","template":"","meta":[],"product_brand":[],"product_cat":[551,553],"product_tag":[],"class_list":{"0":"post-10034","1":"product","2":"type-product","3":"status-publish","4":"has-post-thumbnail","6":"product_cat-khay-an-tam-lot-khay","7":"product_cat-bo-do-an","8":"sales-flash-overlay","9":"woocommerce-text-align-center","10":"woocommerce-image-align-center","12":"first","13":"instock","14":"shipping-taxable","15":"product-type-simple"},"_links":{"self":[{"href":"https:\/\/inflightproduct.com\/vi\/wp-json\/wp\/v2\/product\/10034","targetHints":{"allow":["GET"]}}],"collection":[{"href":"https:\/\/inflightproduct.com\/vi\/wp-json\/wp\/v2\/product"}],"about":[{"href":"https:\/\/inflightproduct.com\/vi\/wp-json\/wp\/v2\/types\/product"}],"replies":[{"embeddable":true,"href":"https:\/\/inflightproduct.com\/vi\/wp-json\/wp\/v2\/comments?post=10034"}],"wp:featuredmedia":[{"embeddable":true,"href":"https:\/\/inflightproduct.com\/vi\/wp-json\/wp\/v2\/media\/10035"}],"wp:attachment":[{"href":"https:\/\/inflightproduct.com\/vi\/wp-json\/wp\/v2\/media?parent=10034"}],"wp:term":[{"taxonomy":"product_brand","embeddable":true,"href":"https:\/\/inflightproduct.com\/vi\/wp-json\/wp\/v2\/product_brand?post=10034"},{"taxonomy":"product_cat","embeddable":true,"href":"https:\/\/inflightproduct.com\/vi\/wp-json\/wp\/v2\/product_cat?post=10034"},{"taxonomy":"product_tag","embeddable":true,"href":"https:\/\/inflightproduct.com\/vi\/wp-json\/wp\/v2\/product_tag?post=10034"}],"curies":[{"name":"wp","href":"https:\/\/api.w.org\/{rel}","templated":true}]}}