{"id":9332,"date":"2025-08-16T01:30:32","date_gmt":"2025-08-16T01:30:32","guid":{"rendered":"https:\/\/inflightproduct.com\/hop-suat-an-giay-hang-premium-economy-hop-snack-hang-khong-bang-bia-trang-ben-chac\/"},"modified":"2026-03-11T02:38:16","modified_gmt":"2026-03-11T02:38:16","slug":"hop-suat-an-giay-hang-premium-economy-hop-snack-hang-khong-bang-bia-trang-ben-chac","status":"publish","type":"product","link":"https:\/\/inflightproduct.com\/vi\/hop-suat-an-giay-hang-premium-economy-hop-snack-hang-khong-bang-bia-trang-ben-chac\/","title":{"rendered":"H\u1ed9p su\u1ea5t \u0103n gi\u1ea5y h\u1ea1ng Premium Economy \u2013 H\u1ed9p snack h\u00e0ng kh\u00f4ng b\u1eb1ng b\u00eca tr\u1eafng b\u1ec1n ch\u1eafc"},"content":{"rendered":"<h2 class=\"p1\">T\u1ed5ng quan<b><\/b><\/h2>\n<p class=\"p2\"><em><strong><a href=\"https:\/\/inflightproduct.com\/meal-boxes-casseroles\/\"><span style=\"text-decoration: underline;\"><span style=\"color: #0000ff; text-decoration: underline;\">H\u1ed9p su\u1ea5t \u0103n<\/span><\/span><\/a><\/strong><\/em> gi\u1ea5y h\u1ea1ng ph\u1ed5 th\u00f4ng c\u1ee7a ch\u00fang t\u00f4i \u0111\u01b0\u1ee3c thi\u1ebft k\u1ebf cho d\u1ecbch v\u1ee5 catering h\u00e0ng kh\u00f4ng, n\u01a1i \u0111\u1ed9 b\u1ec1n, h\u00ecnh th\u1ee9c tr\u00ecnh b\u00e0y v\u00e0 t\u00ednh ti\u1ec7n d\u1ee5ng \u0111\u1ec1u quan tr\u1ecdng nh\u01b0 nhau. \u0110\u01b0\u1ee3c l\u00e0m t\u1eeb b\u00eca tr\u1eafng d\u00e0y gia c\u1ed1, h\u1ed9p mang l\u1ea1i v\u1ebb ngo\u00e0i ch\u1eafc ch\u1eafn v\u00e0 cao c\u1ea5p nh\u01b0ng v\u1eabn \u0111\u1ee7 nh\u1eb9 cho ph\u1ee5c v\u1ee5 tr\u00ean chuy\u1ebfn bay.<\/p>\n<h2 class=\"p1\">Th\u00f4ng s\u1ed1 k\u1ef9 thu\u1eadt<b><\/b><\/h2>\n<ul>\n<li class=\"p1\"><span class=\"s1\"><b>K\u00edch th\u01b0\u1edbc:<\/b><\/span> 18.9 \u00d7 13.8 \u00d7 5 cm<\/li>\n<li class=\"p1\"><span class=\"s1\"><b>Ch\u1ea5t li\u1ec7u:<\/b><\/span> B\u00eca tr\u1eafng d\u00e0y n\u00e2ng c\u1ea5p<\/li>\n<li class=\"p1\"><span class=\"s1\"><b>In \u1ea5n:<\/b><\/span> C\u00f3 th\u1ec3 in t\u00f9y ch\u1ec9nh ch\u1ea5t l\u01b0\u1ee3ng cao \u1edf m\u1eb7t trong v\u00e0 m\u1eb7t ngo\u00e0i<\/li>\n<li class=\"p1\"><span class=\"s1\"><b>An to\u00e0n th\u1ef1c ph\u1ea9m:<\/b><\/span> L\u00e0m t\u1eeb v\u1eadt li\u1ec7u \u0111\u1ea1t chu\u1ea9n th\u1ef1c ph\u1ea9m, an to\u00e0n khi ti\u1ebfp x\u00fac tr\u1ef1c ti\u1ebfp v\u1edbi th\u1ef1c ph\u1ea9m \u0111\u00f3ng g\u00f3i<\/li>\n<\/ul>\n<h2 class=\"p1\">\u1ee8ng d\u1ee5ng<b><\/b><\/h2>\n<p class=\"p2\">K\u00edch th\u01b0\u1edbc n\u00e0y ph\u00f9 h\u1ee3p cho nhi\u1ec1u lo\u1ea1i \u0111\u1ed3 \u0103n nh\u1eb9 nh\u01b0 h\u1ea1t, b\u00e1nh quy, b\u00e1nh m\u00ec nh\u1ecf, <span style=\"text-decoration: underline; color: #0000ff;\"><strong><em><a style=\"color: #0000ff; text-decoration: underline;\" href=\"https:\/\/inflightproduct.com\/vi\/cutlery\/\">b\u1ed9 dao n\u0129a<\/a><\/em><\/strong><\/span>, <span style=\"text-decoration: underline; color: #0000ff;\"><strong><em><a style=\"color: #0000ff; text-decoration: underline;\" href=\"https:\/\/inflightproduct.com\/wet-wipes-towels\/\">kh\u0103n \u01b0\u1edbt<\/a><\/em><\/strong><\/span>, s\u1eefa chua v\u00e0 nhi\u1ec1u h\u01a1n n\u1eefa. H\u1ed9p \u0111\u1eb7c bi\u1ec7t ph\u00f9 h\u1ee3p cho c\u00e1c chuy\u1ebfn bay bu\u1ed5i s\u00e1ng ph\u1ee5c v\u1ee5 \u0111\u1ed3 \u0103n nh\u1eb9, \u0111\u1ed3ng th\u1eddi c\u0169ng c\u00f3 th\u1ec3 \u0111i k\u00e8m b\u1eefa ch\u00ednh \u0111\u1ec3 mang \u0111\u1ebfn th\u00eam m\u00f3n ph\u1ee5 cho h\u00e0nh kh\u00e1ch.<\/p>\n<h2 class=\"p1\">L\u1ee3i th\u1ebf th\u01b0\u01a1ng hi\u1ec7u<b><\/b><\/h2>\n<p class=\"p2\">V\u1edbi in \u1ea5n cao c\u1ea5p \u1edf c\u1ea3 m\u1eb7t trong l\u1eabn m\u1eb7t ngo\u00e0i, th\u01b0\u01a1ng hi\u1ec7u c\u1ee7a b\u1ea1n c\u00f3 th\u1ec3 \u0111\u01b0\u1ee3c th\u1ec3 hi\u1ec7n t\u1eeb nhi\u1ec1u g\u00f3c \u0111\u1ed9, t\u1ea1o \u1ea5n t\u01b0\u1ee3ng l\u00e2u d\u00e0i v\u00e0 n\u00e2ng cao tr\u1ea3i nghi\u1ec7m c\u1ee7a h\u00e0nh kh\u00e1ch.<\/p>\n<h2 class=\"p1\">\u0110\u1eb7c \u0111i\u1ec3m n\u1ed5i b\u1eadt<b><\/b><\/h2>\n<ul>\n<li class=\"p1\">K\u1ebft c\u1ea5u ch\u1eafc ch\u1eafn gi\u00fap b\u1ea3o v\u1ec7 s\u1ea3n ph\u1ea9m trong qu\u00e1 tr\u00ecnh ph\u1ee5c v\u1ee5<\/li>\n<li class=\"p1\">Ph\u00f9 h\u1ee3p cho d\u1ecbch v\u1ee5 \u0111\u1ed3 \u0103n nh\u1eb9<\/li>\n<li class=\"p1\">C\u00f3 th\u1ec3 t\u00f9y ch\u1ec9nh ho\u00e0n to\u00e0n v\u1ec1 k\u00edch th\u01b0\u1edbc, thi\u1ebft k\u1ebf v\u00e0 in \u1ea5n (m\u1ed9t k\u00edch th\u01b0\u1edbc ph\u1ed5 bi\u1ebfn kh\u00e1c l\u00e0 <span style=\"text-decoration: underline; color: #0000ff;\"><em><a style=\"color: #0000ff;\" href=\"https:\/\/inflightproduct.com\/disposable-airline-paper-meal-box-for-economy-class\/\"><strong>H\u1ed9p su\u1ea5t \u0103n gi\u1ea5y cho h\u00e3ng h\u00e0ng kh\u00f4ng L27 x W18 x H5cm<\/strong><\/a><\/em><\/span>)<\/li>\n<li class=\"p1\">\u0110a m\u1ee5c \u0111\u00edch s\u1eed d\u1ee5ng: catering h\u00e0ng kh\u00f4ng, ph\u1ee5c v\u1ee5 tr\u00ean t\u00e0u, s\u1ef1 ki\u1ec7n doanh nghi\u1ec7p<\/li>\n<\/ul>\n<p>B\u1ea1n \u0111ang t\u00ecm m\u1ed9t <span class=\"s1\">nh\u00e0 s\u1ea3n xu\u1ea5t <span style=\"color: #0000ff;\"><em><span style=\"text-decoration: underline;\"><strong><a style=\"color: #0000ff; text-decoration: underline;\" href=\"https:\/\/inflightproduct.com\/meal-boxes-casseroles\/\">h\u1ed9p su\u1ea5t \u0103n gi\u1ea5y d\u00f9ng m\u1ed9t l\u1ea7n<\/a><\/strong><\/span><\/em><\/span> theo y\u00eau c\u1ea7u \u0111\u00e1ng tin c\u1eady<\/span> cho <span class=\"s1\">ngu\u1ed3n cung catering tr\u00ean chuy\u1ebfn bay<\/span>? Shanghai Yiting cung c\u1ea5p <span class=\"s1\">h\u1ed9p su\u1ea5t \u0103n OEM cho h\u00e0ng kh\u00f4ng<\/span> theo thi\u1ebft k\u1ebf ri\u00eang c\u1ee7a b\u1ea1n, \u0111\u1ea3m b\u1ea3o ch\u1ea5t l\u01b0\u1ee3ng, giao h\u00e0ng nhanh v\u00e0 gi\u00e1 c\u1ea3 c\u1ea1nh tranh. <span class=\"s1\"><span style=\"color: #0000ff;\"><a style=\"color: #0000ff;\" href=\"https:\/\/inflightproduct.com\/contact\/\"><em><span style=\"text-decoration: underline;\"><strong>Li\u00ean h\u1ec7 v\u1edbi ch\u00fang t\u00f4i<\/strong><\/span><\/em><\/a><\/span> ngay h\u00f4m nay \u0111\u1ec3 b\u1eaft \u0111\u1ea7u d\u1ef1 \u00e1n c\u1ee7a b\u1ea1n!<\/span><\/p>\n","protected":false},"excerpt":{"rendered":"<p class=\"p1\">H\u1ed9p su\u1ea5t \u0103n gi\u1ea5y cho h\u1ea1ng ph\u1ed5 th\u00f4ng \u0111\u01b0\u1ee3c l\u00e0m t\u1eeb b\u00eca tr\u1eafng d\u00e0y h\u01a1n \u0111\u1ec3 t\u0103ng \u0111\u1ed9 b\u1ec1n v\u00e0 c\u1ea3m gi\u00e1c cao c\u1ea5p. Ph\u00f9 h\u1ee3p cho \u0111\u1ed3 \u0103n nh\u1eb9 ho\u1eb7c b\u1eefa \u0103n nh\u1eb9, v\u1edbi kh\u1ea3 n\u0103ng in t\u00f9y ch\u1ec9nh b\u00ean trong v\u00e0 b\u00ean ngo\u00e0i \u0111\u1ec3 n\u00e2ng cao h\u00ecnh \u1ea3nh th\u01b0\u01a1ng hi\u1ec7u.<\/p>\n","protected":false},"featured_media":9333,"comment_status":"open","ping_status":"closed","template":"","meta":[],"product_brand":[],"product_cat":[560,553],"product_tag":[],"class_list":{"0":"post-9332","1":"product","2":"type-product","3":"status-publish","4":"has-post-thumbnail","6":"product_cat-hop-com-khay-nuong","7":"product_cat-bo-do-an","8":"sales-flash-overlay","9":"woocommerce-text-align-center","10":"woocommerce-image-align-center","12":"first","13":"instock","14":"shipping-taxable","15":"product-type-simple"},"_links":{"self":[{"href":"https:\/\/inflightproduct.com\/vi\/wp-json\/wp\/v2\/product\/9332","targetHints":{"allow":["GET"]}}],"collection":[{"href":"https:\/\/inflightproduct.com\/vi\/wp-json\/wp\/v2\/product"}],"about":[{"href":"https:\/\/inflightproduct.com\/vi\/wp-json\/wp\/v2\/types\/product"}],"replies":[{"embeddable":true,"href":"https:\/\/inflightproduct.com\/vi\/wp-json\/wp\/v2\/comments?post=9332"}],"wp:featuredmedia":[{"embeddable":true,"href":"https:\/\/inflightproduct.com\/vi\/wp-json\/wp\/v2\/media\/9333"}],"wp:attachment":[{"href":"https:\/\/inflightproduct.com\/vi\/wp-json\/wp\/v2\/media?parent=9332"}],"wp:term":[{"taxonomy":"product_brand","embeddable":true,"href":"https:\/\/inflightproduct.com\/vi\/wp-json\/wp\/v2\/product_brand?post=9332"},{"taxonomy":"product_cat","embeddable":true,"href":"https:\/\/inflightproduct.com\/vi\/wp-json\/wp\/v2\/product_cat?post=9332"},{"taxonomy":"product_tag","embeddable":true,"href":"https:\/\/inflightproduct.com\/vi\/wp-json\/wp\/v2\/product_tag?post=9332"}],"curies":[{"name":"wp","href":"https:\/\/api.w.org\/{rel}","templated":true}]}}