{"id":9527,"date":"2025-04-08T14:15:45","date_gmt":"2025-04-08T14:15:45","guid":{"rendered":"https:\/\/inflightproduct.com\/tam-lot-khay-chong-truot-cho-hang-hang-khong-traymat-chong-truot-tuy-chinh\/"},"modified":"2026-03-11T02:38:07","modified_gmt":"2026-03-11T02:38:07","slug":"tam-lot-khay-chong-truot-cho-hang-hang-khong-traymat-chong-truot-tuy-chinh","status":"publish","type":"product","link":"https:\/\/inflightproduct.com\/vi\/tam-lot-khay-chong-truot-cho-hang-hang-khong-traymat-chong-truot-tuy-chinh\/","title":{"rendered":"T\u1ea5m l\u00f3t khay ch\u1ed1ng tr\u01b0\u1ee3t cho h\u00e3ng h\u00e0ng kh\u00f4ng \u2013 Traymat ch\u1ed1ng tr\u01b0\u1ee3t t\u00f9y ch\u1ec9nh"},"content":{"rendered":"<h2><strong>T\u1ed5ng quan s\u1ea3n ph\u1ea9m<\/strong><\/h2>\n<p>T\u1ea5m l\u00f3t khay ch\u1ed1ng tr\u01b0\u1ee3t t\u00f9y ch\u1ec9nh c\u1ee7a ch\u00fang t\u00f4i d\u00e0nh cho h\u00e3ng h\u00e0ng kh\u00f4ng \u0111\u01b0\u1ee3c ph\u00e1t tri\u1ec3n ri\u00eang cho d\u1ecbch v\u1ee5 su\u1ea5t \u0103n tr\u00ean chuy\u1ebfn bay, gi\u00fap c\u1ed1 \u0111\u1ecbnh c\u1ed1c, dao n\u0129a v\u00e0 h\u1ed9p su\u1ea5t \u0103n m\u1ed9t c\u00e1ch ch\u1eafc ch\u1eafn. Nh\u1edd l\u1edbp ph\u1ee7 ch\u1ed1ng tr\u01b0\u1ee3t, s\u1ea3n ph\u1ea9m gi\u00fap n\u00e2ng cao tr\u1ea3i nghi\u1ec7m h\u00e0nh kh\u00e1ch v\u00e0 t\u0103ng \u0111\u1ed9 an to\u00e0n khi g\u1eb7p nhi\u1ec5u \u0111\u1ed9ng.<\/p>\n<p>Kh\u1ea3 n\u0103ng ch\u1ed1ng tr\u01b0\u1ee3t \u0111\u00e3 \u0111\u01b0\u1ee3c ki\u1ec3m nghi\u1ec7m trong ph\u00f2ng th\u00ed nghi\u1ec7m \u1edf m\u1ee9c <strong>nghi\u00eang 30\u201345\u00b0<\/strong>, v\u00ec v\u1eady r\u1ea5t ph\u00f9 h\u1ee3p v\u1edbi \u0111i\u1ec1u ki\u1ec7n th\u1ef1c t\u1ebf tr\u00ean m\u00e1y bay. V\u1edbi t\u00f9y ch\u1ecdn in m\u00e0u to\u00e0n ph\u1ea7n v\u00e0 in logo, traymat c\u1ee7a ch\u00fang t\u00f4i gi\u00fap c\u00e1c h\u00e3ng h\u00e0ng kh\u00f4ng t\u1ea1o n\u00ean c\u00e1ch tr\u00ecnh b\u00e0y su\u1ea5t \u0103n \u0111\u1ed3ng b\u1ed9 v\u00e0 ch\u1ea5t l\u01b0\u1ee3ng cao.<\/p>\n<h2><strong>\u0110\u1eb7c \u0111i\u1ec3m n\u1ed5i b\u1eadt<\/strong><\/h2>\n<ul>\n<li>K\u00edch th\u01b0\u1edbc v\u00e0 \u0111\u1ed9 d\u00e0y t\u00f9y ch\u1ec9nh \u0111\u1ec3 ph\u00f9 h\u1ee3p v\u1edbi <strong><em><span style=\"text-decoration: underline; color: #0000ff;\"><a style=\"color: #0000ff; text-decoration: underline;\" href=\"https:\/\/inflightproduct.com\/airline-meal-trays-traymats\/\">khay su\u1ea5t \u0103n h\u00e0ng kh\u00f4ng<\/a><\/span><\/em><\/strong> c\u1ee7a qu\u00fd kh\u00e1ch<\/li>\n<li>L\u1edbp ph\u1ee7 ch\u1ed1ng tr\u01b0\u1ee3t \u0111\u00e1ng tin c\u1eady \u2013 \u0111\u00e3 ki\u1ec3m nghi\u1ec7m \u1edf \u0111\u1ed9 nghi\u00eang 30\u201345\u00b0<\/li>\n<li>In \u1ea5n chi ti\u1ebft theo y\u00eau c\u1ea7u v\u1edbi logo h\u00e3ng h\u00e0ng kh\u00f4ng v\u00e0 nh\u1eadn di\u1ec7n th\u01b0\u01a1ng hi\u1ec7u \u0111\u1ea7y \u0111\u1ee7<\/li>\n<li>C\u00f3 th\u1ec3 s\u1ea3n xu\u1ea5t v\u1edbi g\u00f3c vu\u00f4ng ho\u1eb7c g\u00f3c bo tr\u00f2n<\/li>\n<\/ul>\n<h2><strong>\u1ee8ng d\u1ee5ng<\/strong><\/h2>\n<p>\u0110\u01b0\u1ee3c s\u1eed d\u1ee5ng r\u1ed9ng r\u00e3i trong d\u1ecbch v\u1ee5 su\u1ea5t \u0103n c\u1ee7a h\u1ea1ng ph\u1ed5 th\u00f4ng v\u00e0 h\u1ea1ng th\u01b0\u01a1ng gia. C\u0169ng ph\u00f9 h\u1ee3p cho t\u00e0u h\u1ecfa, du thuy\u1ec1n ho\u1eb7c h\u1ec7 th\u1ed1ng catering b\u1ec7nh vi\u1ec7n.<\/p>\n<h2><strong>Ch\u1ea5t li\u1ec7u, k\u00edch th\u01b0\u1edbc v\u00e0 t\u00f9y ch\u1ecdn in \u1ea5n<\/strong><\/h2>\n<ul>\n<li><strong>K\u00edch th\u01b0\u1edbc:<\/strong> c\u1ee1 \u0111\u1ea7y \u0111\u1ee7, c\u1ee1 2\/3, c\u1ee1 n\u1eeda (c\u00f3 th\u1ec3 t\u00f9y ch\u1ec9nh theo k\u00edch th\u01b0\u1edbc khay c\u1ee7a qu\u00fd kh\u00e1ch)<\/li>\n<li><strong>Ch\u1ea5t li\u1ec7u:<\/strong> gi\u1ea5y 60\u2013120 gsm c\u00f3 l\u1edbp ph\u1ee7 ch\u1ed1ng tr\u01b0\u1ee3t<\/li>\n<li><strong>In \u1ea5n:<\/strong> CMYK \u0111\u1ee7 m\u00e0u, kh\u1edbp m\u00e0u Pantone ho\u1eb7c logo m\u1ed9t m\u00e0u<\/li>\n<\/ul>\n<h2><strong>V\u00ec sao ch\u1ecdn ch\u00fang t\u00f4i<\/strong><\/h2>\n<ul>\n<li>Xu\u1ea5t kh\u1ea9u t\u1edbi h\u01a1n 30 h\u00e3ng h\u00e0ng kh\u00f4ng qu\u1ed1c t\u1ebf tr\u00ean to\u00e0n th\u1ebf gi\u1edbi<\/li>\n<li>Hi\u1ec7u qu\u1ea3 ch\u1ed1ng tr\u01b0\u1ee3t \u0111\u00e3 \u0111\u01b0\u1ee3c ch\u1ee9ng minh \u1edf \u0111\u1ed9 nghi\u00eang t\u1edbi 45\u00b0<\/li>\n<li>In \u0111\u1ed9 ph\u00e2n gi\u1ea3i cao v\u1edbi m\u00e0u s\u1eafc v\u00e0 chi ti\u1ebft ch\u00ednh x\u00e1c<\/li>\n<li>L\u00e0m m\u1eabu nhanh: trong v\u00f2ng 10 ng\u00e0y<\/li>\n<li>Th\u1eddi gian s\u1ea3n xu\u1ea5t ng\u1eafn v\u00e0 chu\u1ed7i cung \u1ee9ng \u1ed5n \u0111\u1ecbnh<\/li>\n<li>H\u01a1n 20 n\u0103m kinh nghi\u1ec7m trong l\u0129nh v\u1ef1c s\u1ea3n ph\u1ea9m d\u00f9ng tr\u00ean chuy\u1ebfn bay<\/li>\n<\/ul>\n<p>D\u00f9 qu\u00fd kh\u00e1ch mu\u1ed1n t\u0103ng \u0111\u1ed9 an to\u00e0n, n\u00e2ng cao h\u00ecnh \u1ea3nh th\u01b0\u01a1ng hi\u1ec7u hay c\u1ea3i thi\u1ec7n t\u1ed5ng th\u1ec3 tr\u1ea3i nghi\u1ec7m \u0103n u\u1ed1ng tr\u00ean chuy\u1ebfn bay, traymat ch\u1ed1ng tr\u01b0\u1ee3t t\u00f9y ch\u1ec9nh c\u1ee7a ch\u00fang t\u00f4i \u0111\u1ec1u l\u00e0 gi\u1ea3i ph\u00e1p ph\u00f9 h\u1ee3p.<\/p>\n<p><span class=\"s1\">H\u00e3y li\u00ean h\u1ec7 v\u1edbi ch\u00fang t\u00f4i ngay h\u00f4m nay<\/span> \u0111\u1ec3 y\u00eau c\u1ea7u m\u1eabu ho\u1eb7c nh\u1eadn b\u00e1o gi\u00e1 ri\u00eang \u2014 ch\u00fang t\u00f4i lu\u00f4n s\u1eb5n s\u00e0ng h\u1ed7 tr\u1ee3 d\u1ecbch v\u1ee5 tr\u00ean chuy\u1ebfn bay c\u1ee7a qu\u00fd kh\u00e1ch b\u1eb1ng ch\u1ea5t l\u01b0\u1ee3ng \u0111\u00e1ng tin c\u1eady v\u00e0 chuy\u00ean m\u00f4n chuy\u00ean nghi\u1ec7p.<\/p>\n","protected":false},"excerpt":{"rendered":"<p>Traymat ch\u1ed1ng tr\u01b0\u1ee3t t\u00f9y ch\u1ec9nh cho d\u1ecbch v\u1ee5 su\u1ea5t \u0103n tr\u00ean chuy\u1ebfn bay. \u0110\u00e3 ki\u1ec3m nghi\u1ec7m \u1edf \u0111\u1ed9 nghi\u00eang l\u00ean t\u1edbi 45\u00b0, c\u00f3 s\u1eb5n t\u00f9y ch\u1ecdn g\u00f3c vu\u00f4ng ho\u1eb7c bo tr\u00f2n v\u00e0 c\u00f3 th\u1ec3 t\u00f9y ch\u1ec9nh ho\u00e0n to\u00e0n v\u1edbi logo v\u00e0 thi\u1ebft k\u1ebf c\u1ee7a h\u00e3ng h\u00e0ng kh\u00f4ng. \u0110\u01b0\u1ee3c h\u01a1n 30 h\u00e3ng h\u00e0ng kh\u00f4ng qu\u1ed1c t\u1ebf tin d\u00f9ng.<\/p>\n","protected":false},"featured_media":9528,"comment_status":"open","ping_status":"closed","template":"","meta":[],"product_brand":[],"product_cat":[551,553],"product_tag":[],"class_list":{"0":"post-9527","1":"product","2":"type-product","3":"status-publish","4":"has-post-thumbnail","6":"product_cat-khay-an-tam-lot-khay","7":"product_cat-bo-do-an","8":"sales-flash-overlay","9":"woocommerce-text-align-center","10":"woocommerce-image-align-center","12":"first","13":"instock","14":"featured","15":"shipping-taxable","16":"product-type-simple"},"_links":{"self":[{"href":"https:\/\/inflightproduct.com\/vi\/wp-json\/wp\/v2\/product\/9527","targetHints":{"allow":["GET"]}}],"collection":[{"href":"https:\/\/inflightproduct.com\/vi\/wp-json\/wp\/v2\/product"}],"about":[{"href":"https:\/\/inflightproduct.com\/vi\/wp-json\/wp\/v2\/types\/product"}],"replies":[{"embeddable":true,"href":"https:\/\/inflightproduct.com\/vi\/wp-json\/wp\/v2\/comments?post=9527"}],"wp:featuredmedia":[{"embeddable":true,"href":"https:\/\/inflightproduct.com\/vi\/wp-json\/wp\/v2\/media\/9528"}],"wp:attachment":[{"href":"https:\/\/inflightproduct.com\/vi\/wp-json\/wp\/v2\/media?parent=9527"}],"wp:term":[{"taxonomy":"product_brand","embeddable":true,"href":"https:\/\/inflightproduct.com\/vi\/wp-json\/wp\/v2\/product_brand?post=9527"},{"taxonomy":"product_cat","embeddable":true,"href":"https:\/\/inflightproduct.com\/vi\/wp-json\/wp\/v2\/product_cat?post=9527"},{"taxonomy":"product_tag","embeddable":true,"href":"https:\/\/inflightproduct.com\/vi\/wp-json\/wp\/v2\/product_tag?post=9527"}],"curies":[{"name":"wp","href":"https:\/\/api.w.org\/{rel}","templated":true}]}}