{"id":9562,"date":"2025-04-08T14:15:45","date_gmt":"2025-04-08T14:15:45","guid":{"rendered":"https:\/\/inflightproduct.com\/khan-uot-cho-hang-hang-khong-goi-nhom-han-kin-bon-canh\/"},"modified":"2026-03-11T02:37:59","modified_gmt":"2026-03-11T02:37:59","slug":"khan-uot-cho-hang-hang-khong-goi-nhom-han-kin-bon-canh","status":"publish","type":"product","link":"https:\/\/inflightproduct.com\/vi\/khan-uot-cho-hang-hang-khong-goi-nhom-han-kin-bon-canh\/","title":{"rendered":"Kh\u0103n \u01b0\u1edbt cho h\u00e3ng h\u00e0ng kh\u00f4ng \u2013 G\u00f3i nh\u00f4m h\u00e0n k\u00edn b\u1ed1n c\u1ea1nh"},"content":{"rendered":"<p>Ph\u1ea7n kh\u0103n b\u00ean trong c\u00e1c g\u00f3i kh\u0103n \u01b0\u1edbt h\u00e0ng kh\u00f4ng \u0111\u00f3ng g\u00f3i ri\u00eang l\u1ebb \u0111\u01b0\u1ee3c l\u00e0m t\u1eeb v\u1ea3i kh\u00f4ng d\u1ec7t, mang l\u1ea1i c\u1ea3m gi\u00e1c m\u1ec1m m\u1ea1i v\u00e0 d\u1ecbu nh\u1eb9. Kh\u0103n c\u00f3 th\u1ec3 \u0111\u01b0\u1ee3c t\u00f9y ch\u1ec9nh \u1edf d\u1ea1ng  ho\u1eb7c th\u00eam c\u00e1c m\u00f9i h\u01b0\u01a1ng nh\u01b0 , ,  ho\u1eb7c  \u0111\u1ec3 n\u00e2ng cao tr\u1ea3i nghi\u1ec7m s\u1eed d\u1ee5ng.<\/p>\n<p>Ch\u00fang t\u00f4i cung c\u1ea5p nhi\u1ec1u l\u1ef1a ch\u1ecdn t\u00f9y ch\u1ec9nh v\u1ec1 k\u00edch th\u01b0\u1edbc, \u0111\u1ecbnh l\u01b0\u1ee3ng v\u00e0 thi\u1ebft k\u1ebf bao b\u00ec nh\u1eb1m \u0111\u00e1p \u1ee9ng t\u1ed1t h\u01a1n nhu c\u1ea7u \u0111a d\u1ea1ng c\u1ee7a kh\u00e1ch h\u00e0ng. Kinh nghi\u1ec7m c\u1ee7a ch\u00fang t\u00f4i trong vi\u1ec7c s\u1ea3n xu\u1ea5t , c\u00f9ng  v\u00e0 , gi\u00fap ch\u00fang t\u00f4i n\u1ed5i b\u1eadt tr\u00ean th\u1ecb tr\u01b0\u1eddng. S\u1ea3n ph\u1ea9m c\u1ee7a ch\u00fang t\u00f4i \u0111\u01b0\u1ee3c tin d\u00f9ng v\u00e0 xu\u1ea5t kh\u1ea9u tr\u00ean to\u00e0n th\u1ebf gi\u1edbi \u0111\u1ec3 \u0111\u00e1p \u1ee9ng nhu c\u1ea7u c\u1ee7a c\u00e1c h\u00e3ng h\u00e0ng kh\u00f4ng v\u00e0 nh\u00e0 h\u00e0ng. N\u1ebfu qu\u00fd kh\u00e1ch c\u1ea7n th\u00eam th\u00f4ng tin chi ti\u1ebft ho\u1eb7c t\u01b0 v\u1ea5n v\u1ec1 lo\u1ea1i kh\u0103n \u01b0\u1edbt ph\u00f9 h\u1ee3p, \u0111\u1ed9i ng\u0169 c\u1ee7a ch\u00fang t\u00f4i lu\u00f4n s\u1eb5n s\u00e0ng h\u1ed7 tr\u1ee3. N\u1ebfu qu\u00fd kh\u00e1ch \u0111ang t\u00ecm th\u00eam c\u00e1c d\u00f2ng kh\u0103n \u01b0\u1edbt h\u00e0ng kh\u00f4ng t\u00f9y ch\u1ec9nh t\u1eeb Trung Qu\u1ed1c, h\u00e3y nh\u1ea5p \u0111\u1ec3 xem c\u00e1c s\u1ea3n ph\u1ea9m  c\u1ee7a ch\u00fang t\u00f4i.<\/p>\n","protected":false},"excerpt":{"rendered":"<p><strong>Features of Airline Wet Towels &#8211; Four-Side Sealed, Aluminum Pack:<\/strong><\/p>\n<ul>\n<li>Ensure moisture for long-term storage<\/li>\n<li>High-end silver-grey frosted look<\/li>\n<li>Multiple scents available<\/li>\n<li>High quality with competitive price<\/li>\n<li>Ideal for EY, Premium EY, Boutique airlines cabin service<\/li>\n<li>Can be used in in-flight service, trains, restaurants, hotels, etc.<\/li>\n<\/ul>\n","protected":false},"featured_media":9563,"comment_status":"open","ping_status":"closed","template":"","meta":[],"product_brand":[],"product_cat":[550,554],"product_tag":[],"class_list":{"0":"post-9562","1":"product","2":"type-product","3":"status-publish","4":"has-post-thumbnail","6":"product_cat-khan-uot-khan-bong","7":"product_cat-tien-nghi-tren-chuyen-bay","8":"sales-flash-overlay","9":"woocommerce-text-align-center","10":"woocommerce-image-align-center","12":"first","13":"instock","14":"featured","15":"shipping-taxable","16":"product-type-simple"},"_links":{"self":[{"href":"https:\/\/inflightproduct.com\/vi\/wp-json\/wp\/v2\/product\/9562","targetHints":{"allow":["GET"]}}],"collection":[{"href":"https:\/\/inflightproduct.com\/vi\/wp-json\/wp\/v2\/product"}],"about":[{"href":"https:\/\/inflightproduct.com\/vi\/wp-json\/wp\/v2\/types\/product"}],"replies":[{"embeddable":true,"href":"https:\/\/inflightproduct.com\/vi\/wp-json\/wp\/v2\/comments?post=9562"}],"wp:featuredmedia":[{"embeddable":true,"href":"https:\/\/inflightproduct.com\/vi\/wp-json\/wp\/v2\/media\/9563"}],"wp:attachment":[{"href":"https:\/\/inflightproduct.com\/vi\/wp-json\/wp\/v2\/media?parent=9562"}],"wp:term":[{"taxonomy":"product_brand","embeddable":true,"href":"https:\/\/inflightproduct.com\/vi\/wp-json\/wp\/v2\/product_brand?post=9562"},{"taxonomy":"product_cat","embeddable":true,"href":"https:\/\/inflightproduct.com\/vi\/wp-json\/wp\/v2\/product_cat?post=9562"},{"taxonomy":"product_tag","embeddable":true,"href":"https:\/\/inflightproduct.com\/vi\/wp-json\/wp\/v2\/product_tag?post=9562"}],"curies":[{"name":"wp","href":"https:\/\/api.w.org\/{rel}","templated":true}]}}