{"id":9630,"date":"2025-04-08T14:15:45","date_gmt":"2025-04-08T14:15:45","guid":{"rendered":"https:\/\/inflightproduct.com\/tam-phu-tua-dau-khong-det-dung-mot-lan\/"},"modified":"2026-03-11T02:37:50","modified_gmt":"2026-03-11T02:37:50","slug":"tam-phu-tua-dau-khong-det-dung-mot-lan","status":"publish","type":"product","link":"https:\/\/inflightproduct.com\/vi\/tam-phu-tua-dau-khong-det-dung-mot-lan\/","title":{"rendered":"Kh\u0103n ph\u1ee7 t\u1ef1a \u0111\u1ea7u kh\u00f4ng d\u1ec7t d\u00f9ng m\u1ed9t l\u1ea7n"},"content":{"rendered":"<p>\u0110\u01b0\u1ee3c thi\u1ebft k\u1ebf \u0111\u1ec3 n\u00e2ng cao v\u1ec7 sinh v\u00e0 s\u1ef1 tho\u1ea3i m\u00e1i cho h\u00e0nh kh\u00e1ch tr\u00ean <strong>m\u00e1y bay<\/strong>, <strong>t\u00e0u h\u1ecfa<\/strong> v\u00e0 <strong>xe bu\u00fdt<\/strong>. Kh\u0103n ph\u1ee7 t\u1ef1a \u0111\u1ea7u kh\u00f4ng d\u1ec7t d\u00f9ng m\u1ed9t l\u1ea7n c\u1ee7a ch\u00fang t\u00f4i \u0111\u01b0\u1ee3c l\u00e0m t\u1eeb <strong>ch\u1ea5t li\u1ec7u kh\u00f4ng d\u1ec7t ch\u1ed1ng ch\u00e1y<\/strong>, gi\u00fap \u0111\u1ea3m b\u1ea3o c\u1ea3 \u0111\u1ed9 an to\u00e0n l\u1eabn \u0111\u1ed9 b\u1ec1n, \u0111\u1ed3ng th\u1eddi \u0111\u00e1p \u1ee9ng c\u00e1c ti\u00eau chu\u1ea9n nghi\u00eam ng\u1eb7t c\u1ee7a ng\u00e0nh.<\/p>\n<p>Kh\u0103n ph\u1ee7 t\u1ef1a \u0111\u1ea7u d\u00f9ng tr\u00ean chuy\u1ebfn bay c\u00f3 th\u1ec3 \u0111\u01b0\u1ee3c t\u00f9y ch\u1ec9nh theo nhu c\u1ea7u th\u01b0\u01a1ng hi\u1ec7u c\u1ee7a b\u1ea1n, t\u1eeb m\u00e0u \u0111\u01a1n s\u1eafc \u0111\u1ebfn in \u1ea5n n\u1ed5i b\u1eadt v\u00e0 s\u1ed1ng \u0111\u1ed9ng. Vi\u1ec7c t\u00f9y ch\u1ec9nh n\u00e0y kh\u00f4ng ch\u1ec9 n\u00e2ng cao di\u1ec7n m\u1ea1o gh\u1ebf ng\u1ed3i m\u00e0 c\u00f2n l\u00e0 m\u1ed9t c\u00f4ng c\u1ee5 x\u00e2y d\u1ef1ng th\u01b0\u01a1ng hi\u1ec7u hi\u1ec7u qu\u1ea3. Ngo\u00e0i ra, ch\u00fang t\u00f4i c\u00f2n cung c\u1ea5p c\u00e1c t\u00f9y ch\u1ecdn <strong>ch\u1ed1ng n\u01b0\u1edbc<\/strong> \u0111\u1ec3 b\u1ea3o v\u1ec7 t\u1ef1a \u0111\u1ea7u kh\u1ecfi v\u1ebft \u0111\u1ed5 v\u00e0 v\u1ebft b\u1ea9n, mang l\u1ea1i tr\u1ea3i nghi\u1ec7m s\u1ea1ch s\u1ebd v\u00e0 d\u1ec5 ch\u1ecbu h\u01a1n cho h\u00e0nh kh\u00e1ch.<\/p>\n<p>S\u1ea3n ph\u1ea9m \u0111\u01b0\u1ee3c thi\u1ebft k\u1ebf \u0111\u1ec3 g\u1eafn c\u1ed1 \u0111\u1ecbnh m\u1ed9t c\u00e1ch d\u1ec5 d\u00e0ng v\u00e0 ch\u1eafc ch\u1eafn. C\u00f3 th\u1ec3 bu\u1ed9c v\u00e0o l\u01b0ng gh\u1ebf b\u1eb1ng <strong>hai d\u00e2y<\/strong> ho\u1eb7c <strong>Velcro<\/strong>, gi\u00fap \u00f4m kh\u00edt v\u00e0 gi\u1eef nguy\u00ean v\u1ecb tr\u00ed trong su\u1ed1t h\u00e0nh tr\u00ecnh. T\u00ednh linh ho\u1ea1t n\u00e0y gi\u00fap s\u1ea3n ph\u1ea9m ph\u00f9 h\u1ee3p v\u1edbi nhi\u1ec1u ki\u1ec3u gh\u1ebf kh\u00e1c nhau v\u00e0 \u0111\u01a1n gi\u1ea3n h\u00f3a qu\u00e1 tr\u00ecnh l\u1eafp \u0111\u1eb7t.<\/p>\n<p>Kh\u0103n ph\u1ee7 t\u1ef1a \u0111\u1ea7u kh\u00f4ng d\u1ec7t d\u00f9ng m\u1ed9t l\u1ea7n c\u1ee7a ch\u00fang t\u00f4i l\u00e0 gi\u1ea3i ph\u00e1p th\u1ef1c t\u1ebf \u0111\u1ec3 duy tr\u00ec v\u1ec7 sinh trong ph\u01b0\u01a1ng ti\u1ec7n c\u00f4ng c\u1ed9ng, gi\u1ea3m nhu c\u1ea7u v\u1ec7 sinh th\u01b0\u1eddng xuy\u00ean v\u00e0 h\u1ea1n ch\u1ebf nguy c\u01a1 nhi\u1ec5m b\u1ea9n. S\u1ea3n ph\u1ea9m nh\u1eb9, d\u1ec5 th\u1ea3i b\u1ecf v\u00e0 mang l\u1ea1i b\u1ec1 m\u1eb7t s\u1ea1ch s\u1ebd, m\u1edbi m\u1ebb cho t\u1eebng h\u00e0nh kh\u00e1ch.<\/p>\n<p>Khi l\u1ef1a ch\u1ecdn kh\u0103n ph\u1ee7 t\u1ef1a \u0111\u1ea7u d\u00f9ng m\u1ed9t l\u1ea7n c\u1ee7a ch\u00fang t\u00f4i, b\u1ea1n \u0111ang \u0111\u1ea7u t\u01b0 v\u00e0o s\u1ef1 tho\u1ea3i m\u00e1i v\u00e0 h\u00e0i l\u00f2ng c\u1ee7a h\u00e0nh kh\u00e1ch, \u0111\u1ed3ng th\u1eddi g\u00f3p ph\u1ea7n t\u1ea1o n\u00ean m\u00f4i tr\u01b0\u1eddng di chuy\u1ec3n s\u1ea1ch s\u1ebd v\u00e0 an to\u00e0n. S\u1ea3n ph\u1ea9m c\u1ee7a ch\u00fang t\u00f4i \u0111\u01b0\u1ee3c nhi\u1ec1u \u0111\u01a1n v\u1ecb v\u1eadn t\u1ea3i h\u00e0ng \u0111\u1ea7u tr\u00ean th\u1ebf gi\u1edbi tin d\u00f9ng nh\u1edd \u0111\u1ed9 tin c\u1eady v\u00e0 ch\u1ea5t l\u01b0\u1ee3ng v\u01b0\u1ee3t tr\u1ed9i.<\/p>\n","protected":false},"excerpt":{"rendered":"<p><strong>T\u00ednh n\u0103ng:\u00a0<\/strong><\/p>\n<ul>\n<li class=\"p1\">Ch\u1ea5t li\u1ec7u kh\u00f4ng d\u1ec7t ch\u1ed1ng ch\u00e1y<\/li>\n<li class=\"p1\">T\u00f9y ch\u1ecdn t\u00f9y ch\u1ec9nh th\u01b0\u01a1ng hi\u1ec7u<\/li>\n<li class=\"p1\">G\u1eafn c\u1ed1 \u0111\u1ecbnh ch\u1eafc ch\u1eafn v\u00e0 linh ho\u1ea1t<\/li>\n<li class=\"p1\">D\u00f9ng m\u1ed9t l\u1ea7n, v\u1ec7 sinh v\u00e0 ti\u1ec7n l\u1ee3i<b><\/b><\/li>\n<\/ul>\n","protected":false},"featured_media":9634,"comment_status":"open","ping_status":"closed","template":"","meta":[],"product_brand":[],"product_cat":[571,554],"product_tag":[],"class_list":{"0":"post-9630","1":"product","2":"type-product","3":"status-publish","4":"has-post-thumbnail","6":"product_cat-vo-boc-tua-dau","7":"product_cat-tien-nghi-tren-chuyen-bay","8":"sales-flash-overlay","9":"woocommerce-text-align-center","10":"woocommerce-image-align-center","12":"first","13":"instock","14":"featured","15":"shipping-taxable","16":"product-type-simple"},"_links":{"self":[{"href":"https:\/\/inflightproduct.com\/vi\/wp-json\/wp\/v2\/product\/9630","targetHints":{"allow":["GET"]}}],"collection":[{"href":"https:\/\/inflightproduct.com\/vi\/wp-json\/wp\/v2\/product"}],"about":[{"href":"https:\/\/inflightproduct.com\/vi\/wp-json\/wp\/v2\/types\/product"}],"replies":[{"embeddable":true,"href":"https:\/\/inflightproduct.com\/vi\/wp-json\/wp\/v2\/comments?post=9630"}],"wp:featuredmedia":[{"embeddable":true,"href":"https:\/\/inflightproduct.com\/vi\/wp-json\/wp\/v2\/media\/9634"}],"wp:attachment":[{"href":"https:\/\/inflightproduct.com\/vi\/wp-json\/wp\/v2\/media?parent=9630"}],"wp:term":[{"taxonomy":"product_brand","embeddable":true,"href":"https:\/\/inflightproduct.com\/vi\/wp-json\/wp\/v2\/product_brand?post=9630"},{"taxonomy":"product_cat","embeddable":true,"href":"https:\/\/inflightproduct.com\/vi\/wp-json\/wp\/v2\/product_cat?post=9630"},{"taxonomy":"product_tag","embeddable":true,"href":"https:\/\/inflightproduct.com\/vi\/wp-json\/wp\/v2\/product_tag?post=9630"}],"curies":[{"name":"wp","href":"https:\/\/api.w.org\/{rel}","templated":true}]}}