{"id":9751,"date":"2025-04-08T14:15:45","date_gmt":"2025-04-08T14:15:45","guid":{"rendered":"https:\/\/inflightproduct.com\/vo-goi-khong-det-dung-mot-lan-cho-su-thoai-mai-tren-chuyen-bay-va-duong-sat\/"},"modified":"2026-03-11T02:37:41","modified_gmt":"2026-03-11T02:37:41","slug":"vo-goi-khong-det-dung-mot-lan-cho-su-thoai-mai-tren-chuyen-bay-va-duong-sat","status":"publish","type":"product","link":"https:\/\/inflightproduct.com\/vi\/vo-goi-khong-det-dung-mot-lan-cho-su-thoai-mai-tren-chuyen-bay-va-duong-sat\/","title":{"rendered":"V\u1ecf g\u1ed1i kh\u00f4ng d\u1ec7t d\u00f9ng m\u1ed9t l\u1ea7n cho s\u1ef1 tho\u1ea3i m\u00e1i tr\u00ean chuy\u1ebfn bay v\u00e0 \u0111\u01b0\u1eddng s\u1eaft"},"content":{"rendered":"<p class=\"p1\">N\u00e2ng t\u1ea7m tr\u1ea3i nghi\u1ec7m di chuy\u1ec3n c\u1ee7a h\u00e0nh kh\u00e1ch v\u1edbi <span class=\"s1\">v\u1ecf g\u1ed1i kh\u00f4ng d\u1ec7t d\u00f9ng m\u1ed9t l\u1ea7n<\/span> ch\u1ea5t l\u01b0\u1ee3ng cao c\u1ee7a ch\u00fang t\u00f4i, \u0111\u01b0\u1ee3c thi\u1ebft k\u1ebf k\u1ef9 l\u01b0\u1ee1ng \u0111\u1ec3 \u0111\u00e1p \u1ee9ng nhu c\u1ea7u v\u1ec7 sinh v\u00e0 tho\u1ea3i m\u00e1i c\u1ee7a ng\u00e0nh v\u1eadn t\u1ea3i h\u00e0ng kh\u00f4ng v\u00e0 \u0111\u01b0\u1eddng s\u1eaft hi\u1ec7n \u0111\u1ea1i. \u0110\u01b0\u1ee3c l\u00e0m t\u1eeb ch\u1ea5t li\u1ec7u <strong>kh\u00f4ng d\u1ec7t ch\u1eadm ch\u00e1y<\/strong> cao c\u1ea5p, c\u00e1c lo\u1ea1i v\u1ecf g\u1ed1i n\u00e0y gi\u00fap t\u1ea1o ra m\u00f4i tr\u01b0\u1eddng an to\u00e0n h\u01a1n m\u00e0 v\u1eabn gi\u1eef \u0111\u01b0\u1ee3c \u0111\u1ed9 m\u1ec1m m\u1ea1i v\u00e0 \u0111\u1ed9 b\u1ec1n v\u01b0\u1ee3t tr\u1ed9i.<\/p>\n<p class=\"p1\">L\u00fd t\u01b0\u1edfng cho c\u00e1c m\u00f4i tr\u01b0\u1eddng giao th\u00f4ng c\u00f4ng c\u1ed9ng c\u00f3 t\u1ea7n su\u1ea5t s\u1eed d\u1ee5ng cao, <span class=\"s1\">v\u1ecf g\u1ed1i kh\u00f4ng d\u1ec7t d\u00f9ng m\u1ed9t l\u1ea7n<\/span> c\u1ee7a ch\u00fang t\u00f4i mang \u0111\u1ebfn b\u1ec1 m\u1eb7t s\u1ea1ch s\u1ebd v\u00e0 m\u1edbi cho t\u1eebng ng\u01b0\u1eddi d\u00f9ng, gi\u00fap gi\u1ea3m \u0111\u00e1ng k\u1ec3 nguy c\u01a1 l\u00e2y nhi\u1ec5m ch\u00e9o. D\u00f9 s\u1eed d\u1ee5ng tr\u00ean m\u00e1y bay hay t\u00e0u h\u1ecfa, \u0111\u00e2y \u0111\u1ec1u l\u00e0 gi\u1ea3i ph\u00e1p th\u1ef1c t\u1ebf v\u00e0 ti\u1ebft ki\u1ec7m chi ph\u00ed thay th\u1ebf cho c\u00e1c lo\u1ea1i v\u1ecf v\u1ea3i t\u00e1i s\u1eed d\u1ee5ng.<\/p>\n<p class=\"p1\">L\u00e0 m\u1ed9t <span class=\"s1\">v\u1ecf g\u1ed1i ch\u1eadm ch\u00e1y cho h\u00e3ng h\u00e0ng kh\u00f4ng<\/span> \u0111\u00e1ng tin c\u1eady, s\u1ea3n ph\u1ea9m n\u00e0y \u0111\u00e1p \u1ee9ng c\u00e1c ti\u00eau chu\u1ea9n nghi\u00eam ng\u1eb7t c\u1ee7a ng\u00e0nh, mang l\u1ea1i s\u1ef1 y\u00ean t\u00e2m cho c\u1ea3 h\u00e0nh kh\u00e1ch l\u1eabn \u0111\u01a1n v\u1ecb v\u1eadn h\u00e0nh. Ch\u1ea5t li\u1ec7u nh\u1eb9 nh\u01b0ng \u0111\u1ee7 b\u1ec1n cho vi\u1ec7c s\u1eed d\u1ee5ng th\u01b0\u1eddng xuy\u00ean, \u0111\u1ed3ng th\u1eddi d\u1ec5 thao t\u00e1c v\u00e0 th\u1ea3i b\u1ecf sau m\u1ed7i h\u00e0nh tr\u00ecnh.<\/p>\n<p class=\"p1\">\u0110i\u1ec3m n\u1ed5i b\u1eadt c\u1ee7a v\u1ecf g\u1ed1i ch\u00fang t\u00f4i l\u00e0 kh\u1ea3 n\u0103ng t\u00f9y ch\u1ec9nh theo th\u01b0\u01a1ng hi\u1ec7u c\u1ee7a qu\u00fd kh\u00e1ch. T\u1eeb \u0111i\u1ec1u ch\u1ec9nh \u0111\u1ed9 d\u00e0y v\u00e0 k\u00edch th\u01b0\u1edbc \u0111\u1ebfn th\u00eam logo ho\u1eb7c h\u1ecda ti\u1ebft ri\u00eang, c\u00e1c gi\u1ea3i ph\u00e1p <span class=\"s1\"><b>v\u1ecf g\u1ed1i kh\u00f4ng d\u1ec7t t\u00f9y ch\u1ec9nh <\/b><\/span>gi\u00fap c\u1ee7ng c\u1ed1 h\u00ecnh \u1ea3nh th\u01b0\u01a1ng hi\u1ec7u m\u1ed9t c\u00e1ch tinh t\u1ebf v\u00e0 n\u00e2ng cao tr\u1ea3i nghi\u1ec7m t\u1ed5ng th\u1ec3 c\u1ee7a h\u00e0nh kh\u00e1ch.<\/p>\n<p class=\"p1\">Khi \u0111\u01b0a v\u1ecf g\u1ed1i d\u00f9ng m\u1ed9t l\u1ea7n c\u1ee7a ch\u00fang t\u00f4i v\u00e0o d\u1ecbch v\u1ee5 khoang h\u00e0nh kh\u00e1ch, qu\u00fd kh\u00e1ch kh\u00f4ng ch\u1ec9 t\u0103ng c\u01b0\u1eddng v\u1ec7 sinh m\u00e0 c\u00f2n \u0111\u01a1n gi\u1ea3n h\u00f3a v\u1eadn h\u00e0nh b\u1eb1ng c\u00e1ch gi\u1ea3m nhu c\u1ea7u gi\u1eb7t l\u00e0. \u0110\u01b0\u1ee3c c\u00e1c c\u00f4ng ty v\u1eadn t\u1ea3i to\u00e0n c\u1ea7u tin d\u00f9ng, v\u1ecf g\u1ed1i c\u1ee7a ch\u00fang t\u00f4i mang \u0111\u1ebfn s\u1ef1 c\u00e2n b\u1eb1ng l\u00fd t\u01b0\u1edfng gi\u1eefa t\u00ednh n\u0103ng, an to\u00e0n v\u00e0 h\u00ecnh th\u1ee9c tr\u00ecnh b\u00e0y.<\/p>\n<p class=\"p1\">H\u00e3y ch\u1ecdn <span class=\"s1\">v\u1ecf g\u1ed1i kh\u00f4ng d\u1ec7t d\u00f9ng m\u1ed9t l\u1ea7n<\/span> c\u1ee7a ch\u00fang t\u00f4i \u0111\u1ec3 t\u1ea1o n\u00ean h\u00e0nh tr\u00ecnh s\u1ea1ch h\u01a1n, an to\u00e0n h\u01a1n v\u00e0 tho\u1ea3i m\u00e1i h\u01a1n \u2014 n\u01a1i v\u1ec7 sinh \u0111i c\u00f9ng s\u1ef1 ti\u1ec7n l\u1ee3i. Ch\u00fang t\u00f4i c\u0169ng cung c\u1ea5p <span style=\"text-decoration: underline; color: #0000ff;\"><strong><a style=\"color: #0000ff; text-decoration: underline;\" href=\"https:\/\/inflightproduct.com\/disposable-non-woven-headrest-cover\/\">v\u1ecf b\u1ecdc t\u1ef1a \u0111\u1ea7u kh\u00f4ng d\u1ec7t d\u00f9ng m\u1ed9t l\u1ea7n<\/a><\/strong><\/span>, b\u1ea5m \u0111\u1ec3 xem th\u00eam!<\/p>\n","protected":false},"excerpt":{"rendered":"<p><strong>T\u00ednh n\u0103ng:<\/strong><\/p>\n<ul>\n<li class=\"p1\"><span class=\"s1\">Ch\u1ea5t li\u1ec7u ch\u1eadm ch\u00e1y<\/span><\/li>\n<li class=\"p1\"><span class=\"s1\">V\u1ec7 sinh v\u00e0 d\u00f9ng m\u1ed9t l\u1ea7n<\/span><\/li>\n<li class=\"p1\"><span class=\"s1\">Thi\u1ebft k\u1ebf t\u00f9y ch\u1ec9nh<\/span><\/li>\n<li class=\"p1\"><span class=\"s1\">Gi\u1ea3i ph\u00e1p v\u1ec7 sinh ti\u1ebft ki\u1ec7m chi ph\u00ed<\/span><\/li>\n<\/ul>\n","protected":false},"featured_media":9755,"comment_status":"open","ping_status":"closed","template":"","meta":[],"product_brand":[],"product_cat":[555,554],"product_tag":[],"class_list":{"0":"post-9751","1":"product","2":"type-product","3":"status-publish","4":"has-post-thumbnail","6":"product_cat-goi-vo-goi","7":"product_cat-tien-nghi-tren-chuyen-bay","8":"sales-flash-overlay","9":"woocommerce-text-align-center","10":"woocommerce-image-align-center","12":"first","13":"instock","14":"featured","15":"shipping-taxable","16":"product-type-simple"},"_links":{"self":[{"href":"https:\/\/inflightproduct.com\/vi\/wp-json\/wp\/v2\/product\/9751","targetHints":{"allow":["GET"]}}],"collection":[{"href":"https:\/\/inflightproduct.com\/vi\/wp-json\/wp\/v2\/product"}],"about":[{"href":"https:\/\/inflightproduct.com\/vi\/wp-json\/wp\/v2\/types\/product"}],"replies":[{"embeddable":true,"href":"https:\/\/inflightproduct.com\/vi\/wp-json\/wp\/v2\/comments?post=9751"}],"wp:featuredmedia":[{"embeddable":true,"href":"https:\/\/inflightproduct.com\/vi\/wp-json\/wp\/v2\/media\/9755"}],"wp:attachment":[{"href":"https:\/\/inflightproduct.com\/vi\/wp-json\/wp\/v2\/media?parent=9751"}],"wp:term":[{"taxonomy":"product_brand","embeddable":true,"href":"https:\/\/inflightproduct.com\/vi\/wp-json\/wp\/v2\/product_brand?post=9751"},{"taxonomy":"product_cat","embeddable":true,"href":"https:\/\/inflightproduct.com\/vi\/wp-json\/wp\/v2\/product_cat?post=9751"},{"taxonomy":"product_tag","embeddable":true,"href":"https:\/\/inflightproduct.com\/vi\/wp-json\/wp\/v2\/product_tag?post=9751"}],"curies":[{"name":"wp","href":"https:\/\/api.w.org\/{rel}","templated":true}]}}