{"id":9880,"date":"2025-04-08T14:15:45","date_gmt":"2025-04-08T14:15:45","guid":{"rendered":"https:\/\/inflightproduct.com\/khay-suat-an-atlas-abs-co-day-du-cho-hang-khong\/"},"modified":"2026-03-11T02:37:32","modified_gmt":"2026-03-11T02:37:32","slug":"khay-suat-an-atlas-abs-co-day-du-cho-hang-khong","status":"publish","type":"product","link":"https:\/\/inflightproduct.com\/vi\/khay-suat-an-atlas-abs-co-day-du-cho-hang-khong\/","title":{"rendered":"Khay su\u1ea5t \u0103n ATLAS ABS c\u1ee1 \u0111\u1ea7y \u0111\u1ee7 cho h\u00e0ng kh\u00f4ng"},"content":{"rendered":"<p>Gi\u1edbi thi\u1ec7u <strong>khay su\u1ea5t \u0103n ATLAS ABS c\u1ee1 \u0111\u1ea7y \u0111\u1ee7 cho h\u00e0ng kh\u00f4ng<\/strong>, \u0111\u01b0\u1ee3c thi\u1ebft k\u1ebf \u0111\u1ec3 \u0111\u00e1p \u1ee9ng nh\u1eefng y\u00eau c\u1ea7u cao c\u1ee7a d\u1ecbch v\u1ee5 catering tr\u00ean m\u00e1y bay v\u00e0 t\u00e0u h\u1ecfa. \u0110\u01b0\u1ee3c l\u00e0m t\u1eeb <strong>v\u1eadt li\u1ec7u ABS b\u1ec1n ch\u1eafc v\u00e0 c\u1ee9ng c\u00e1p<\/strong>, khay n\u00e0y mang l\u1ea1i hi\u1ec7u su\u1ea5t l\u00e2u d\u00e0i v\u00e0 \u0111\u1ed9 tin c\u1eady cao, tr\u1edf th\u00e0nh l\u1ef1a ch\u1ecdn thi\u1ebft y\u1ebfu cho c\u00e1c ho\u1ea1t \u0111\u1ed9ng catering trong l\u0129nh v\u1ef1c v\u1eadn chuy\u1ec3n. Khay tu\u00e2n theo <strong>k\u00edch th\u01b0\u1edbc ti\u00eau chu\u1ea9n ATLAS<\/strong>, v\u1ed1n \u0111\u01b0\u1ee3c c\u00f4ng nh\u1eadn v\u00e0 s\u1eed d\u1ee5ng r\u1ed9ng r\u00e3i trong ng\u00e0nh h\u00e0ng kh\u00f4ng v\u00e0 \u0111\u01b0\u1eddng s\u1eaft, b\u1ea3o \u0111\u1ea3m kh\u1ea3 n\u0103ng t\u01b0\u01a1ng th\u00edch v\u1edbi thi\u1ebft b\u1ecb hi\u1ec7n c\u00f3 v\u00e0 t\u00edch h\u1ee3p tr\u01a1n tru v\u00e0o quy tr\u00ecnh ph\u1ee5c v\u1ee5 c\u1ee7a b\u1ea1n.<\/p>\n<p><strong>Khay su\u1ea5t \u0103n c\u1ee1 \u0111\u1ea7y \u0111\u1ee7<\/strong> c\u1ee7a ch\u00fang t\u00f4i \u0111\u01b0\u1ee3c thi\u1ebft k\u1ebf \u0111\u1ec3 ch\u1ecbu \u0111\u01b0\u1ee3c t\u1ea7n su\u1ea5t s\u1eed d\u1ee5ng cao, \u0111\u1ed3ng th\u1eddi duy tr\u00ec \u0111\u1ed9 \u1ed5n \u0111\u1ecbnh k\u1ebft c\u1ea5u v\u00e0 h\u00ecnh th\u1ee9c theo th\u1eddi gian. V\u1eadt li\u1ec7u ABS ch\u1eafc ch\u1eafn c\u00f3 kh\u1ea3 n\u0103ng ch\u1ed1ng va \u0111\u1eadp, ch\u1ecbu nhi\u1ec7t v\u00e0 ch\u1ed1ng ti\u1ebfp x\u00fac h\u00f3a ch\u1ea5t r\u1ea5t t\u1ed1t, ph\u00f9 h\u1ee3p v\u1edbi nhi\u1ec1u m\u00f4i tr\u01b0\u1eddng catering kh\u00e1c nhau.<\/p>\n<p>\u0110\u1ed1i v\u1edbi kh\u00e1ch h\u00e0ng c\u00f3 y\u00eau c\u1ea7u ri\u00eang v\u1ec1 kh\u00f4ng gian ho\u1eb7c c\u00e1ch b\u1ed1 tr\u00ed d\u1ecbch v\u1ee5, ch\u00fang t\u00f4i c\u0169ng cung c\u1ea5p <strong>khay su\u1ea5t \u0103n ATLAS c\u1ee1 2\/3<\/strong>. K\u00edch th\u01b0\u1edbc nh\u1ecf h\u01a1n n\u00e0y v\u1eabn gi\u1eef nguy\u00ean ch\u1ea5t l\u01b0\u1ee3ng ho\u00e0n thi\u1ec7n v\u00e0 \u0111\u1ed9 b\u1ec1n cao, \u0111\u1ed3ng th\u1eddi mang l\u1ea1i s\u1ef1 linh ho\u1ea1t h\u01a1n trong thi\u1ebft k\u1ebf v\u00e0 b\u1ed1 tr\u00ed d\u1ecbch v\u1ee5 su\u1ea5t \u0103n.<\/p>\n<p>D\u00f9 b\u1ea1n \u0111ang trang b\u1ecb cho h\u00e3ng h\u00e0ng kh\u00f4ng, t\u00e0u h\u1ecfa hay b\u1ea5t k\u1ef3 d\u1ecbch v\u1ee5 v\u1eadn chuy\u1ec3n n\u00e0o kh\u00e1c, khay su\u1ea5t \u0103n ATLAS ABS c\u1ee1 \u0111\u1ea7y \u0111\u1ee7 cho h\u00e0ng kh\u00f4ng c\u1ee7a ch\u00fang t\u00f4i l\u00e0 l\u1ef1a ch\u1ecdn l\u00fd t\u01b0\u1edfng \u0111\u1ec3 ph\u1ee5c v\u1ee5 b\u1eefa \u0103n m\u1ed9t c\u00e1ch hi\u1ec7u qu\u1ea3 v\u00e0 tinh t\u1ebf. V\u1edbi c\u00e1c t\u00f9y ch\u1ecdn t\u00f9y ch\u1ec9nh s\u1eb5n c\u00f3, ch\u00fang t\u00f4i c\u00f3 th\u1ec3 \u0111i\u1ec1u ch\u1ec9nh khay theo h\u00ecnh \u1ea3nh th\u01b0\u01a1ng hi\u1ec7u v\u00e0 nhu c\u1ea7u v\u1eadn h\u00e0nh ri\u00eang c\u1ee7a b\u1ea1n.<\/p>\n<h3><\/h3>\n","protected":false},"excerpt":{"rendered":"<p>Khay su\u1ea5t \u0103n ATLAS ABS c\u1ee1 \u0111\u1ea7y \u0111\u1ee7 c\u1ee7a ch\u00fang t\u00f4i \u0111\u01b0\u1ee3c l\u00e0m t\u1eeb v\u1eadt li\u1ec7u ABS b\u1ec1n ch\u1eafc, ph\u00f9 h\u1ee3p cho m\u00e1y bay v\u00e0 t\u00e0u h\u1ecfa. Khay tu\u00e2n theo k\u00edch th\u01b0\u1edbc ti\u00eau chu\u1ea9n ATLAS v\u00e0 c\u0169ng c\u00f3 t\u00f9y ch\u1ecdn khay su\u1ea5t \u0103n ATLAS c\u1ee1 2\/3.<\/p>\n","protected":false},"featured_media":9881,"comment_status":"open","ping_status":"closed","template":"","meta":[],"product_brand":[],"product_cat":[551,553],"product_tag":[],"class_list":{"0":"post-9880","1":"product","2":"type-product","3":"status-publish","4":"has-post-thumbnail","6":"product_cat-khay-an-tam-lot-khay","7":"product_cat-bo-do-an","8":"sales-flash-overlay","9":"woocommerce-text-align-center","10":"woocommerce-image-align-center","12":"first","13":"instock","14":"shipping-taxable","15":"product-type-simple"},"_links":{"self":[{"href":"https:\/\/inflightproduct.com\/vi\/wp-json\/wp\/v2\/product\/9880","targetHints":{"allow":["GET"]}}],"collection":[{"href":"https:\/\/inflightproduct.com\/vi\/wp-json\/wp\/v2\/product"}],"about":[{"href":"https:\/\/inflightproduct.com\/vi\/wp-json\/wp\/v2\/types\/product"}],"replies":[{"embeddable":true,"href":"https:\/\/inflightproduct.com\/vi\/wp-json\/wp\/v2\/comments?post=9880"}],"wp:featuredmedia":[{"embeddable":true,"href":"https:\/\/inflightproduct.com\/vi\/wp-json\/wp\/v2\/media\/9881"}],"wp:attachment":[{"href":"https:\/\/inflightproduct.com\/vi\/wp-json\/wp\/v2\/media?parent=9880"}],"wp:term":[{"taxonomy":"product_brand","embeddable":true,"href":"https:\/\/inflightproduct.com\/vi\/wp-json\/wp\/v2\/product_brand?post=9880"},{"taxonomy":"product_cat","embeddable":true,"href":"https:\/\/inflightproduct.com\/vi\/wp-json\/wp\/v2\/product_cat?post=9880"},{"taxonomy":"product_tag","embeddable":true,"href":"https:\/\/inflightproduct.com\/vi\/wp-json\/wp\/v2\/product_tag?post=9880"}],"curies":[{"name":"wp","href":"https:\/\/api.w.org\/{rel}","templated":true}]}}