{"id":9957,"date":"2025-04-08T14:15:45","date_gmt":"2025-04-08T14:15:45","guid":{"rendered":"https:\/\/inflightproduct.com\/bo-dao-nia-muong-dung-mot-lan-bang-soi-tre\/"},"modified":"2026-03-11T02:37:22","modified_gmt":"2026-03-11T02:37:22","slug":"bo-dao-nia-muong-dung-mot-lan-bang-soi-tre","status":"publish","type":"product","link":"https:\/\/inflightproduct.com\/vi\/bo-dao-nia-muong-dung-mot-lan-bang-soi-tre\/","title":{"rendered":"B\u1ed9 dao n\u0129a mu\u1ed7ng d\u00f9ng m\u1ed9t l\u1ea7n b\u1eb1ng s\u1ee3i tre"},"content":{"rendered":"<p>Gi\u1edbi thi\u1ec7u <strong>B\u1ed9 dao n\u0129a mu\u1ed7ng d\u00f9ng m\u1ed9t l\u1ea7n b\u1eb1ng s\u1ee3i tre<\/strong> cao c\u1ea5p c\u1ee7a ch\u00fang t\u00f4i, \u0111\u01b0\u1ee3c thi\u1ebft k\u1ebf \u0111\u1ec3 mang l\u1ea1i s\u1ef1 ti\u1ec7n l\u1ee3i t\u1ed1i \u0111a v\u00e0 <strong>t\u00ednh b\u1ec1n v\u1eefng<\/strong>. \u0110\u01b0\u1ee3c s\u1eed d\u1ee5ng r\u1ed9ng r\u00e3i tr\u00ean <strong>m\u00e1y bay<\/strong>, <strong>t\u00e0u h\u1ecfa<\/strong>, t\u1ea1i <strong>nh\u00e0 h\u00e0ng<\/strong> v\u00e0 <strong>qu\u00e1n c\u00e0 ph\u00ea<\/strong>, b\u1ed9 dao n\u0129a mu\u1ed7ng n\u00e0y \u0111\u01b0\u1ee3c l\u00e0m t\u1eeb s\u1ee3i tre b\u1ec1n ch\u1eafc, ph\u00e1t tri\u1ec3n nhanh v\u00e0 <strong>100% ph\u00e2n h\u1ee7y sinh h\u1ecdc<\/strong>, tr\u1edf th\u00e0nh l\u1ef1a ch\u1ecdn <strong>th\u00e2n thi\u1ec7n v\u1edbi m\u00f4i tr\u01b0\u1eddng<\/strong> cho nhi\u1ec1u m\u00f4i tr\u01b0\u1eddng d\u00f9ng b\u1eefa kh\u00e1c nhau.<\/p>\n<p>So v\u1edbi b\u1ed9 dao n\u0129a b\u1eb1ng g\u1ed7 ho\u1eb7c tre truy\u1ec1n th\u1ed1ng, g\u00f3i dao n\u0129a mu\u1ed7ng b\u1eb1ng s\u1ee3i tre c\u1ee7a ch\u00fang t\u00f4i <strong>nh\u1eb9 h\u01a1n<\/strong> \u0111\u00e1ng k\u1ec3 nh\u01b0ng v\u1eabn gi\u1eef \u0111\u01b0\u1ee3c \u0111\u1ed9 ch\u1eafc ch\u1eafn tuy\u1ec7t v\u1eddi. \u0110i\u1ec1u n\u00e0y kh\u00f4ng ch\u1ec9 gi\u00fap c\u1ea7m n\u1eafm d\u1ec5 d\u00e0ng h\u01a1n m\u00e0 c\u00f2n gi\u1ea3m t\u00e1c \u0111\u1ed9ng m\u00f4i tr\u01b0\u1eddng li\u00ean quan \u0111\u1ebfn qu\u00e1 tr\u00ecnh s\u1ea3n xu\u1ea5t v\u00e0 th\u1ea3i b\u1ecf. M\u1ed9t trong nh\u1eefng \u01b0u \u0111i\u1ec3m n\u1ed5i b\u1eadt c\u1ee7a b\u1ed9 dao n\u0129a mu\u1ed7ng n\u00e0y l\u00e0 \u0111\u1eb7c t\u00ednh <strong>kh\u00f4ng m\u00f9i<\/strong>, b\u1ea3o \u0111\u1ea3m kh\u00f4ng c\u00f3 m\u00f9i kh\u00f3 ch\u1ecbu khi m\u1edf g\u00f3i. \u0110\u1eb7c \u0111i\u1ec3m n\u00e0y \u0111\u1eb7c bi\u1ec7t c\u00f3 l\u1ee3i trong vi\u1ec7c <strong>gi\u1eef nguy\u00ean h\u01b0\u01a1ng v\u1ecb t\u1ef1 nhi\u00ean c\u1ee7a th\u1ef1c ph\u1ea9m<\/strong>.<\/p>\n<p>C\u00e1c c\u1ea1nh c\u1ee7a dao n\u0129a mu\u1ed7ng b\u1eb1ng s\u1ee3i tre \u0111\u01b0\u1ee3c <strong>m\u00e0i nh\u1eb5n<\/strong> c\u1ea9n th\u1eadn, mang l\u1ea1i tr\u1ea3i nghi\u1ec7m d\u00f9ng b\u1eefa tho\u1ea3i m\u00e1i m\u00e0 kh\u00f4ng c\u00f3 nguy c\u01a1 d\u0103m nh\u1ecf hay b\u1ec1 m\u1eb7t th\u00f4 r\u00e1p g\u00e2y t\u1ed5n th\u01b0\u01a1ng mi\u1ec7ng. S\u1ef1 ch\u00fa \u00fd t\u1ec9 m\u1ec9 n\u00e0y gi\u00fap t\u1ea1o n\u00ean m\u1ed9t s\u1ea3n ph\u1ea9m ch\u1ea5t l\u01b0\u1ee3ng cao, v\u1eeba an to\u00e0n v\u1eeba d\u1ec5 ch\u1ecbu khi s\u1eed d\u1ee5ng.<\/p>\n<p>H\u01a1n n\u1eefa, b\u1ed9 dao n\u0129a mu\u1ed7ng c\u1ee7a ch\u00fang t\u00f4i c\u00f3 kh\u1ea3 n\u0103ng ph\u00e2n h\u1ee7y sinh h\u1ecdc, l\u00e0 l\u1ef1a ch\u1ecdn c\u00f3 tr\u00e1ch nhi\u1ec7m cho nh\u1eefng ai mu\u1ed1n gi\u1ea3m t\u00e1c \u0111\u1ed9ng t\u1edbi m\u00f4i tr\u01b0\u1eddng. Khi ch\u1ecdn b\u1ed9 dao n\u0129a mu\u1ed7ng d\u00f9ng m\u1ed9t l\u1ea7n b\u1eb1ng s\u1ee3i tre n\u00e0y, b\u1ea1n \u0111ang g\u00f3p ph\u1ea7n t\u00edch c\u1ef1c v\u00e0o s\u1ef1 b\u1ec1n v\u1eefng \u0111\u1ed3ng th\u1eddi t\u1eadn h\u01b0\u1edfng l\u1ee3i \u00edch c\u1ee7a m\u1ed9t s\u1ea3n ph\u1ea9m v\u01b0\u1ee3t tr\u1ed9i. Ph\u00f9 h\u1ee3p cho nhi\u1ec1u b\u1ed1i c\u1ea3nh s\u1eed d\u1ee5ng kh\u00e1c nhau, \u0111\u00e2y l\u00e0 l\u1ef1a ch\u1ecdn m\u1edbi v\u00e0 t\u1ed1t h\u01a1n cho \u0111\u1ed3 d\u00f9ng \u0103n u\u1ed1ng d\u00f9ng m\u1ed9t l\u1ea7n.<\/p>\n","protected":false},"excerpt":{"rendered":"<p>B\u1ed9 dao n\u0129a mu\u1ed7ng d\u00f9ng m\u1ed9t l\u1ea7n b\u1eb1ng s\u1ee3i tre c\u1ee7a ch\u00fang t\u00f4i r\u1ea5t ph\u00f9 h\u1ee3p cho m\u00e1y bay, t\u00e0u h\u1ecfa, nh\u00e0 h\u00e0ng v\u00e0 qu\u00e1n c\u00e0 ph\u00ea. \u0110\u01b0\u1ee3c l\u00e0m t\u1eeb s\u1ee3i tre b\u1ec1n ch\u1eafc, ph\u00e1t tri\u1ec3n nhanh, s\u1ea3n ph\u1ea9m mang \u0111\u1ebfn gi\u1ea3i ph\u00e1p thay th\u1ebf nh\u1eb9 nh\u01b0ng c\u1ee9ng c\u00e1p cho dao n\u0129a g\u1ed7 ho\u1eb7c tre truy\u1ec1n th\u1ed1ng.<\/p>\n","protected":false},"featured_media":9958,"comment_status":"open","ping_status":"closed","template":"","meta":[],"product_brand":[],"product_cat":[561,553],"product_tag":[],"class_list":{"0":"post-9957","1":"product","2":"type-product","3":"status-publish","4":"has-post-thumbnail","6":"product_cat-bo-dao-muong-nem","7":"product_cat-bo-do-an","8":"sales-flash-overlay","9":"woocommerce-text-align-center","10":"woocommerce-image-align-center","12":"first","13":"instock","14":"shipping-taxable","15":"product-type-simple"},"_links":{"self":[{"href":"https:\/\/inflightproduct.com\/vi\/wp-json\/wp\/v2\/product\/9957","targetHints":{"allow":["GET"]}}],"collection":[{"href":"https:\/\/inflightproduct.com\/vi\/wp-json\/wp\/v2\/product"}],"about":[{"href":"https:\/\/inflightproduct.com\/vi\/wp-json\/wp\/v2\/types\/product"}],"replies":[{"embeddable":true,"href":"https:\/\/inflightproduct.com\/vi\/wp-json\/wp\/v2\/comments?post=9957"}],"wp:featuredmedia":[{"embeddable":true,"href":"https:\/\/inflightproduct.com\/vi\/wp-json\/wp\/v2\/media\/9958"}],"wp:attachment":[{"href":"https:\/\/inflightproduct.com\/vi\/wp-json\/wp\/v2\/media?parent=9957"}],"wp:term":[{"taxonomy":"product_brand","embeddable":true,"href":"https:\/\/inflightproduct.com\/vi\/wp-json\/wp\/v2\/product_brand?post=9957"},{"taxonomy":"product_cat","embeddable":true,"href":"https:\/\/inflightproduct.com\/vi\/wp-json\/wp\/v2\/product_cat?post=9957"},{"taxonomy":"product_tag","embeddable":true,"href":"https:\/\/inflightproduct.com\/vi\/wp-json\/wp\/v2\/product_tag?post=9957"}],"curies":[{"name":"wp","href":"https:\/\/api.w.org\/{rel}","templated":true}]}}